{"id":2061,"date":"2023-06-13T06:54:59","date_gmt":"2023-06-13T04:54:59","guid":{"rendered":"https:\/\/www.lehrmittelverlag.ch\/cms\/?page_id=2061"},"modified":"2023-06-14T08:42:37","modified_gmt":"2023-06-14T06:42:37","slug":"interview-christian-grob","status":"publish","type":"page","link":"https:\/\/lehrmittelverlag.ch\/cms\/newsletter\/interview-christian-grob\/","title":{"rendered":"Interview Christian Grob"},"content":{"rendered":"","protected":false},"excerpt":{"rendered":"","protected":false},"author":3,"featured_media":0,"parent":243,"menu_order":6,"comment_status":"closed","ping_status":"closed","template":"","meta":{"_acf_changed":false,"inline_featured_image":false,"footnotes":""},"class_list":["post-2061","page","type-page","status-publish","hentry"],"acf":{"inhaltselemente":[{"acf_fc_layout":"two_cols","two_cols_flex_content_col_one":null,"two_cols_flex_content_col_two":null,"two_cols_bgcolor":false,"two_cols_spaltenbreite":"two-third-one-third"},{"acf_fc_layout":"text_element","text_element_titel":"","text_element_titel_typ":"2","text_element_titel_size":"","text_element_titel_fake":false,"text_element_titel_icon":"","text_element_content":"<strong>\u00abLehrpersonen durch digitale Systeme gezielt unterst\u00fctzen\u00bb\r\n<\/strong>\r\nWas den Lehrmittelverlag St.Gallen (LMV SG) im vergangenen Schuljahr 2022\/23 besch\u00e4ftigt hat und wie der Verlag dem Versprechen \u00abStarke Tools f\u00fcr smarte Schulen\u00bb gerecht werden m\u00f6chte, verr\u00e4t Verlagsleiter Christian Grob im Gespr\u00e4ch.\r\n\r\n<img class=\"alignnone size-medium wp-image-55\" src=\"https:\/\/www.lehrmittelverlag.ch\/cms\/wp-content\/uploads\/2022\/11\/lmvsg-team-christian-grob-300x300.png\" alt=\"Lehrmittelverlag St.Gallen - Christian Grob\" width=\"300\" height=\"300\" \/>\r\n\r\n<strong>Was hat den Lehrmittelverlag St.Gallen im vergangenen Schuljahr 2022\/23 besch\u00e4ftigt?<\/strong>\r\nDer Lehrmittelverlag St.Gallen ist Teil des Bildungssystems im Volksschulbereich, das momentan stark im Umbruch ist. Viele Bereiche des Systems \u2013 und somit auch der Lehrmittelverlag \u2013 sind in einer Art VUKA-Welt angekommen. VUKA steht f\u00fcr volatil, unsicher, komplex und ambivalent: Merkmale des digitalen Zeitalters.\r\n\r\nF\u00fcr uns bedeutet das, neue Produkte und Dienstleistungen zu entwickeln, die den p\u00e4dagogischen, politischen, \u00f6konomischen, technologischen, rechtlichen und gesellschaftlichen Entwicklungen standhalten. Themen wie Digitalisierung, Barrierefreiheit in Lernmedien, Integration \u00fcberfachlicher Kompetenzen in Lernmedien, Datenschutz und Datenethik stehen nebst anderen Themen ganz oben auf der Priorit\u00e4tenliste.\r\n\r\nBesch\u00e4ftigt haben und werden uns auch die neuen Rahmenbedingungen im kantonalen Buchhandel, die durch den XXVII Nachtrag im Volksschulgesetzt gepr\u00e4gt und neu definiert wurden.\r\n\r\n<strong>\r\nWas waren die sch\u00f6nsten Momente im vergangenen Jahr?<\/strong>\r\nDie Einf\u00fchrung der neuen Webplattform inklusive Webshop und die damit verbundene Umstellung der Systeme waren ein absolutes Highlight. Die neuen Systeme machen nicht nur den Verlag effizienter, sondern erh\u00f6hen auch den Nutzen f\u00fcr unsere Kundinnen und Kunden. Denn \u00fcber unsere Plattform k\u00f6nnen wir k\u00fcnftig weitere wertvolle Zusatzdienstleistungen f\u00fcr unsere Kundinnen und Kunden lancieren und aufbauen.\r\n\r\n<strong>\r\n\u00abStarke Tools f\u00fcr smarte Schulen\u00bb ist die Vision des Verlags. Wie will der LMV SG dieses Ziel im neuen Schuljahr weiterverfolgen?<\/strong>\r\nBereits 2021 haben wir begonnen, neue Lernmedien in diversen Bereichen zu entwickeln.\r\nBis heute lancierten wir bereits vier von insgesamt sieben Sch\u00fclerheften des neu konzipierten St.Gallerlands. Die Grundkonzeption ist analog, beinhaltet jedoch interaktives und haptisches Zusatzmaterial. Ganz neu ist der Einsatz eines regelbasierten Chat-Bots, \u00fcber den Sch\u00fclerinnen und Sch\u00fcler mit der Gallusbande interagieren k\u00f6nnen.\r\n\r\nFreuen darf man sich auf Appolino 2.0, das im Herbst 2024 lanciert wird. Die App richtet sich an Kinder und Lehrpersonen im 1. Zyklus. Im Fokus dieses digitalen Lernmediums steht das Handelnde Lernen in den Bereichen Mathe, Lesen und Schreiben.\r\n\r\nAn dieser Stelle ebenfalls zu erw\u00e4hnen ist das neue, digitale TTG-Lernmedium, das ebenfalls 2024 erscheint. Hierbei handelt es sich um eine komplette Neukonzeption eines modernen, vollumf\u00e4nglichen TTG-Lehrmittels gem\u00e4ss Lehrplan 21. Wie bei allen neu entwickelten Lernmedien des Lehrmittelverlags steht auch hier das individuelle, modulare und projektorientierte Lernen im Fokus.\r\n\r\n<strong>\r\nWas macht ein gutes Lernmedium heutzutage aus?\r\n<\/strong>Erfolgreiche Lehrmittel bzw. Lernmedien m\u00fcssen ein Spiegel der Schulpraxis und somit der Gesellschaft sein. Lehrmittel sind dann gut, wenn sie in der Schulpraxis gerne, sinnstiftend und oft zum Einsatz gebracht werden. Nicht, weil es die Lehrperson muss, sondern weil die Lehrperson gerne und erfolgreich damit arbeitet. Wenn das Lernmedium den Sch\u00fclerinnen und Sch\u00fclern zus\u00e4tzlich Spass macht und dies im Lernerfolg abgebildet werden kann, so ist unser Ziel vollumf\u00e4nglich erreicht.\r\n\r\n<strong>\r\nWas erwartet die Kundinnen und Kunden des LMV SG in Zukunft?<\/strong>\r\nWir entwickeln und vertreiben Lernmedien f\u00fcr diverse Zielgruppen mit unterschiedlichen Erwartungen und Bed\u00fcrfnissen. W\u00e4hrend kantonale Stellen und Organisationen prim\u00e4r auf Qualit\u00e4tskriterien achten, erwarten Lehrpersonen eine Entlastung im Schulalltag. Neue Technologien lassen neue M\u00f6glichkeiten und Unterrichtsformen zu. Pers\u00f6nlich bin ich davon \u00fcberzeugt, dass es durch die Digitalisierung und in Bezug auf das individuelle, differenzierte Lernen noch viel Potenzial gibt. Das bedeutet nicht, dass in Zukunft alles digital sein wird oder sein muss, sondern dass die Lehrpersonen durch digitale Systeme gezielt unterst\u00fctzt werden kann. Die Schulen entwickeln sich derzeit rasant und haben zurecht die Erwartung, dass sich die Verlage mit ihnen auf denselben Weg machen \u2013 Schritt f\u00fcr Schritt.\r\n\r\n&nbsp;\r\n\r\n<strong>Danke dir f\u00fcr deine Zeit und weiterhin viel Freude bei deiner t\u00e4glichen Arbeit!\u00a0<\/strong>","text_element_bgcolor":false,"text_element_text_size":"default"}]},"yoast_head":"<!-- This site is optimized with the Yoast SEO plugin v27.4 - https:\/\/yoast.com\/product\/yoast-seo-wordpress\/ -->\n<title>Interview Christian Grob - Lehrmittelverlag St. Gallen<\/title>\n<meta name=\"description\" content=\"Mit kompetenzorientierten Lernaufgaben und Augmented Reality regt das neue St.Gallerland zum Erforschen und Entdecken des Heimatkantons an.\" \/>\n<meta name=\"robots\" content=\"index, follow, max-snippet:-1, max-image-preview:large, max-video-preview:-1\" \/>\n<link rel=\"canonical\" href=\"https:\/\/lehrmittelverlag.ch\/cms\/newsletter\/interview-christian-grob\/\" \/>\n<meta property=\"og:locale\" content=\"de_DE\" \/>\n<meta property=\"og:type\" content=\"article\" \/>\n<meta property=\"og:title\" content=\"Interview Christian Grob - Lehrmittelverlag St. Gallen\" \/>\n<meta property=\"og:description\" content=\"Mit kompetenzorientierten Lernaufgaben und Augmented Reality regt das neue St.Gallerland zum Erforschen und Entdecken des Heimatkantons an.\" \/>\n<meta property=\"og:url\" content=\"https:\/\/lehrmittelverlag.ch\/cms\/newsletter\/interview-christian-grob\/\" \/>\n<meta property=\"og:site_name\" content=\"Lehrmittelverlag St. Gallen\" \/>\n<meta property=\"article:publisher\" content=\"https:\/\/www.facebook.com\/LehrmittelverlagSG\/\" \/>\n<meta property=\"article:modified_time\" content=\"2023-06-14T06:42:37+00:00\" \/>\n<meta property=\"og:image\" content=\"https:\/\/lehrmittelverlag.ch\/cms\/wp-content\/uploads\/2022\/11\/og-image-lmvsg.png\" \/>\n\t<meta property=\"og:image:width\" content=\"1200\" \/>\n\t<meta property=\"og:image:height\" content=\"630\" \/>\n\t<meta property=\"og:image:type\" content=\"image\/png\" \/>\n<meta name=\"twitter:card\" content=\"summary_large_image\" \/>\n<meta name=\"twitter:site\" content=\"@Lehrmittel_SG\" \/>\n<script type=\"application\/ld+json\" class=\"yoast-schema-graph\">{\"@context\":\"https:\\\/\\\/schema.org\",\"@graph\":[{\"@type\":\"WebPage\",\"@id\":\"https:\\\/\\\/lehrmittelverlag.ch\\\/cms\\\/newsletter\\\/interview-christian-grob\\\/\",\"url\":\"https:\\\/\\\/lehrmittelverlag.ch\\\/cms\\\/newsletter\\\/interview-christian-grob\\\/\",\"name\":\"Interview Christian Grob - Lehrmittelverlag St. Gallen\",\"isPartOf\":{\"@id\":\"https:\\\/\\\/www.lehrmittelverlag.ch\\\/cms\\\/#website\"},\"datePublished\":\"2023-06-13T04:54:59+00:00\",\"dateModified\":\"2023-06-14T06:42:37+00:00\",\"description\":\"Mit kompetenzorientierten Lernaufgaben und Augmented Reality regt das neue St.Gallerland zum Erforschen und Entdecken des Heimatkantons an.\",\"breadcrumb\":{\"@id\":\"https:\\\/\\\/lehrmittelverlag.ch\\\/cms\\\/newsletter\\\/interview-christian-grob\\\/#breadcrumb\"},\"inLanguage\":\"de-CH\",\"potentialAction\":[{\"@type\":\"ReadAction\",\"target\":[\"https:\\\/\\\/lehrmittelverlag.ch\\\/cms\\\/newsletter\\\/interview-christian-grob\\\/\"]}]},{\"@type\":\"BreadcrumbList\",\"@id\":\"https:\\\/\\\/lehrmittelverlag.ch\\\/cms\\\/newsletter\\\/interview-christian-grob\\\/#breadcrumb\",\"itemListElement\":[{\"@type\":\"ListItem\",\"position\":1,\"name\":\"Shop\",\"item\":\"\\\/\"},{\"@type\":\"ListItem\",\"position\":2,\"name\":\"Newsletter\",\"item\":\"https:\\\/\\\/lehrmittelverlag.ch\\\/cms\\\/newsletter\\\/\"},{\"@type\":\"ListItem\",\"position\":3,\"name\":\"Interview Christian Grob\"}]},{\"@type\":\"WebSite\",\"@id\":\"https:\\\/\\\/www.lehrmittelverlag.ch\\\/cms\\\/#website\",\"url\":\"https:\\\/\\\/www.lehrmittelverlag.ch\\\/cms\\\/\",\"name\":\"Lehrmittelverlag St. Gallen\",\"description\":\"\",\"publisher\":{\"@id\":\"https:\\\/\\\/www.lehrmittelverlag.ch\\\/cms\\\/#organization\"},\"potentialAction\":[{\"@type\":\"SearchAction\",\"target\":{\"@type\":\"EntryPoint\",\"urlTemplate\":\"https:\\\/\\\/www.lehrmittelverlag.ch\\\/cms\\\/?s={search_term_string}\"},\"query-input\":{\"@type\":\"PropertyValueSpecification\",\"valueRequired\":true,\"valueName\":\"search_term_string\"}}],\"inLanguage\":\"de-CH\"},{\"@type\":\"Organization\",\"@id\":\"https:\\\/\\\/www.lehrmittelverlag.ch\\\/cms\\\/#organization\",\"name\":\"Lehrmittelverlag St. Gallen\",\"url\":\"https:\\\/\\\/www.lehrmittelverlag.ch\\\/cms\\\/\",\"logo\":{\"@type\":\"ImageObject\",\"inLanguage\":\"de-CH\",\"@id\":\"https:\\\/\\\/www.lehrmittelverlag.ch\\\/cms\\\/#\\\/schema\\\/logo\\\/image\\\/\",\"url\":\"https:\\\/\\\/www.lehrmittelverlag.ch\\\/cms\\\/wp-content\\\/uploads\\\/2022\\\/11\\\/logo-lmvsg.png\",\"contentUrl\":\"https:\\\/\\\/www.lehrmittelverlag.ch\\\/cms\\\/wp-content\\\/uploads\\\/2022\\\/11\\\/logo-lmvsg.png\",\"width\":899,\"height\":349,\"caption\":\"Lehrmittelverlag St. Gallen\"},\"image\":{\"@id\":\"https:\\\/\\\/www.lehrmittelverlag.ch\\\/cms\\\/#\\\/schema\\\/logo\\\/image\\\/\"},\"sameAs\":[\"https:\\\/\\\/www.facebook.com\\\/LehrmittelverlagSG\\\/\",\"https:\\\/\\\/x.com\\\/Lehrmittel_SG\"]}]}<\/script>\n<!-- \/ Yoast SEO plugin. -->","yoast_head_json":{"title":"Interview Christian Grob - Lehrmittelverlag St. Gallen","description":"Mit kompetenzorientierten Lernaufgaben und Augmented Reality regt das neue St.Gallerland zum Erforschen und Entdecken des Heimatkantons an.","robots":{"index":"index","follow":"follow","max-snippet":"max-snippet:-1","max-image-preview":"max-image-preview:large","max-video-preview":"max-video-preview:-1"},"canonical":"https:\/\/lehrmittelverlag.ch\/cms\/newsletter\/interview-christian-grob\/","og_locale":"de_DE","og_type":"article","og_title":"Interview Christian Grob - Lehrmittelverlag St. Gallen","og_description":"Mit kompetenzorientierten Lernaufgaben und Augmented Reality regt das neue St.Gallerland zum Erforschen und Entdecken des Heimatkantons an.","og_url":"https:\/\/lehrmittelverlag.ch\/cms\/newsletter\/interview-christian-grob\/","og_site_name":"Lehrmittelverlag St. Gallen","article_publisher":"https:\/\/www.facebook.com\/LehrmittelverlagSG\/","article_modified_time":"2023-06-14T06:42:37+00:00","og_image":[{"width":1200,"height":630,"url":"https:\/\/lehrmittelverlag.ch\/cms\/wp-content\/uploads\/2022\/11\/og-image-lmvsg.png","type":"image\/png"}],"twitter_card":"summary_large_image","twitter_site":"@Lehrmittel_SG","schema":{"@context":"https:\/\/schema.org","@graph":[{"@type":"WebPage","@id":"https:\/\/lehrmittelverlag.ch\/cms\/newsletter\/interview-christian-grob\/","url":"https:\/\/lehrmittelverlag.ch\/cms\/newsletter\/interview-christian-grob\/","name":"Interview Christian Grob - Lehrmittelverlag St. Gallen","isPartOf":{"@id":"https:\/\/www.lehrmittelverlag.ch\/cms\/#website"},"datePublished":"2023-06-13T04:54:59+00:00","dateModified":"2023-06-14T06:42:37+00:00","description":"Mit kompetenzorientierten Lernaufgaben und Augmented Reality regt das neue St.Gallerland zum Erforschen und Entdecken des Heimatkantons an.","breadcrumb":{"@id":"https:\/\/lehrmittelverlag.ch\/cms\/newsletter\/interview-christian-grob\/#breadcrumb"},"inLanguage":"de-CH","potentialAction":[{"@type":"ReadAction","target":["https:\/\/lehrmittelverlag.ch\/cms\/newsletter\/interview-christian-grob\/"]}]},{"@type":"BreadcrumbList","@id":"https:\/\/lehrmittelverlag.ch\/cms\/newsletter\/interview-christian-grob\/#breadcrumb","itemListElement":[{"@type":"ListItem","position":1,"name":"Shop","item":"\/"},{"@type":"ListItem","position":2,"name":"Newsletter","item":"https:\/\/lehrmittelverlag.ch\/cms\/newsletter\/"},{"@type":"ListItem","position":3,"name":"Interview Christian Grob"}]},{"@type":"WebSite","@id":"https:\/\/www.lehrmittelverlag.ch\/cms\/#website","url":"https:\/\/www.lehrmittelverlag.ch\/cms\/","name":"Lehrmittelverlag St. Gallen","description":"","publisher":{"@id":"https:\/\/www.lehrmittelverlag.ch\/cms\/#organization"},"potentialAction":[{"@type":"SearchAction","target":{"@type":"EntryPoint","urlTemplate":"https:\/\/www.lehrmittelverlag.ch\/cms\/?s={search_term_string}"},"query-input":{"@type":"PropertyValueSpecification","valueRequired":true,"valueName":"search_term_string"}}],"inLanguage":"de-CH"},{"@type":"Organization","@id":"https:\/\/www.lehrmittelverlag.ch\/cms\/#organization","name":"Lehrmittelverlag St. Gallen","url":"https:\/\/www.lehrmittelverlag.ch\/cms\/","logo":{"@type":"ImageObject","inLanguage":"de-CH","@id":"https:\/\/www.lehrmittelverlag.ch\/cms\/#\/schema\/logo\/image\/","url":"https:\/\/www.lehrmittelverlag.ch\/cms\/wp-content\/uploads\/2022\/11\/logo-lmvsg.png","contentUrl":"https:\/\/www.lehrmittelverlag.ch\/cms\/wp-content\/uploads\/2022\/11\/logo-lmvsg.png","width":899,"height":349,"caption":"Lehrmittelverlag St. Gallen"},"image":{"@id":"https:\/\/www.lehrmittelverlag.ch\/cms\/#\/schema\/logo\/image\/"},"sameAs":["https:\/\/www.facebook.com\/LehrmittelverlagSG\/","https:\/\/x.com\/Lehrmittel_SG"]}]}},"_links":{"self":[{"href":"https:\/\/lehrmittelverlag.ch\/cms\/wp-json\/wp\/v2\/pages\/2061","targetHints":{"allow":["GET"]}}],"collection":[{"href":"https:\/\/lehrmittelverlag.ch\/cms\/wp-json\/wp\/v2\/pages"}],"about":[{"href":"https:\/\/lehrmittelverlag.ch\/cms\/wp-json\/wp\/v2\/types\/page"}],"author":[{"embeddable":true,"href":"https:\/\/lehrmittelverlag.ch\/cms\/wp-json\/wp\/v2\/users\/3"}],"replies":[{"embeddable":true,"href":"https:\/\/lehrmittelverlag.ch\/cms\/wp-json\/wp\/v2\/comments?post=2061"}],"version-history":[{"count":10,"href":"https:\/\/lehrmittelverlag.ch\/cms\/wp-json\/wp\/v2\/pages\/2061\/revisions"}],"predecessor-version":[{"id":2147,"href":"https:\/\/lehrmittelverlag.ch\/cms\/wp-json\/wp\/v2\/pages\/2061\/revisions\/2147"}],"up":[{"embeddable":true,"href":"https:\/\/lehrmittelverlag.ch\/cms\/wp-json\/wp\/v2\/pages\/243"}],"wp:attachment":[{"href":"https:\/\/lehrmittelverlag.ch\/cms\/wp-json\/wp\/v2\/media?parent=2061"}],"curies":[{"name":"wp","href":"https:\/\/api.w.org\/{rel}","templated":true}]}}