{"id":2066,"date":"2023-06-05T16:15:46","date_gmt":"2023-06-05T14:15:46","guid":{"rendered":"https:\/\/www.lehrmittelverlag.ch\/cms\/?page_id=2066"},"modified":"2026-01-08T16:24:32","modified_gmt":"2026-01-08T15:24:32","slug":"neu-inform21-set-4","status":"publish","type":"page","link":"https:\/\/lehrmittelverlag.ch\/cms\/newsletter\/neu-inform21-set-4\/","title":{"rendered":"Neu: inform@21 Set 4"},"content":{"rendered":"","protected":false},"excerpt":{"rendered":"","protected":false},"author":3,"featured_media":0,"parent":243,"menu_order":6,"comment_status":"closed","ping_status":"closed","template":"","meta":{"_acf_changed":false,"inline_featured_image":false,"footnotes":""},"class_list":["post-2066","page","type-page","status-publish","hentry"],"acf":{"inhaltselemente":[{"acf_fc_layout":"two_cols","two_cols_flex_content_col_one":[{"acf_fc_layout":"text_element","text_element_":null,"text_element_text_element_titel":"","text_element_text_element_titel_typ":"2","text_element_text_element_titel_size":"","text_element_text_element_titel_fake":false,"text_element_text_element_content":"<em><strong>Wie thematisiert man k\u00fcnstliche Intelligenz im 1. Zyklus?<\/strong><\/em>\r\n\r\n<em>Was ist ein Mensch? Und was eine Maschine? Set 4 von inform@21 Kindergarten bis 3. Klasse bietet eine kritische und altersgerechte Auseinandersetzung mit dem Thema \u00abK\u00fcnstliche Intelligenz\u00bb<\/em>.\r\n\r\n<img class=\" wp-image-2090\" src=\"https:\/\/www.lehrmittelverlag.ch\/cms\/wp-content\/uploads\/2023\/06\/inform21-Set-4_Mockup-CH-300x225.jpg\" alt=\"inform21 Set 4_Mockup\" width=\"814\" height=\"611\" \/>\r\n\r\nDie digitale Transformation, insbesondere im Bereich der k\u00fcnstlichen Intelligenz, stellt uns bereits heute vor grossen Herausforderungen und wirft sowohl alte als auch neue Fragen auf. Wenn in Zukunft \u00abKI-Maschinen\u00bb menschliche T\u00e4tigkeiten \u00fcbernehmen und die Grenze zwischen Menschen und Maschinen immer unsch\u00e4rfer wird, welche Rolle kommt Menschen aus Herz, Seele und Verstand in der digitalen Zukunft \u00fcberhaupt noch zu?\r\n\r\n<strong>Im Dialog mit Sch\u00fclerinnen und Sch\u00fclern<\/strong>\r\nDas Thema ist hochaktuell \u2013 nicht nur f\u00fcr Erwachsene. Gerade Kinder, deren Zukunft noch viel st\u00e4rker mit KI und maschinellem Lernen verkn\u00fcpft sein wird, m\u00fcssen bereits heute die n\u00f6tigen Kompetenzen entwickeln, um f\u00fcr die Herausforderung gewappnet zu sein. Mit dem Bilderbuch \u00abMenschine\u00bb will das Autoren- und Illustrationsteam (Cornelia Bartolini, Konstantin Papageorgiou und Nadja Tarnutzer) erreichen, dass Kinder und Lehrpersonen in einen Dialog treten. Die kritische Auseinandersetzung mit diesem Thema dient als Grundlage f\u00fcr weiterf\u00fchrende Fragen, damit zur gegebenen Zeit sinnvolle, politische Entscheidungen von informierten, kritischen Menschen getroffen werden k\u00f6nnen.\r\n\r\nIn Set 4 begibt sich die Lehrperson gemeinsam mit den Kindern auf die Entdeckungsreise von Frau Ena. Die gewitzte Forscherin Frau Ena entwickelt einen Roboter, der ihr alle unliebsamen Arbeiten abnehmen soll. Doch leider ger\u00e4t der Roboter ausser Kontrolle. Deshalb erfindet sie eine K\u00fcnstliche Intelligenz und schliesst sie ans Internet an, mit dem Ziel, alles zu lernen. \u00dcber Nacht lernt die K\u00fcnstliche Intelligenz alles aus dem Internet, und lernt dabei auch, wie sie sich selbst einen K\u00f6rper bauen kann \u2013 der erst noch aussieht wie Frau Ena! Wer ist jetzt Mensch? Und wer Maschine?\r\n\r\n<strong>Bilderbuch und Kribbel-Krabbel-Denkerheft<\/strong>\r\nDas Lehrmittel besteht aus drei Teilen: das Bilderbuch, die Kribbel-Krabbel-Denkerhefte und dem didaktischen Kommentar f\u00fcr Lehrpersonen. Der Kommentar mit einem ausf\u00fchrlichen fachlichen Hintergrundteil f\u00fchrt linear dem Bilderbuch entlang. Zu jeder Doppelseite im Bilderbuch gibt es im didaktischen Kommentar Fragen zum Verst\u00e4ndnis der Geschichte oder eine philosophische Auseinandersetzung mit dem Thema. Im Anschluss folgen \u00dcbungen f\u00fcr die Sch\u00fclerinnen und Sch\u00fcler. Die Kinder halten das Gelernte im Kribbel-Krabbel-Denkerheft fest. Die darin enthaltenen Bastel-, Zeichnungs- und Denkaufgaben sind an den Entwicklungsstand der Kinder angepasst. Das Kribbel-Krabbel-Denkerheft gibt es f\u00fcr Leser oder Nichtleser und steht nach Erscheinen online auf <a href=\"https:\/\/inform21.ch\/k4\/\">www.inform21.ch\/k4<\/a> als Druckvorlage zur Verf\u00fcgung.\r\nDer Einsatz des Bilderbuchs im Unterricht wurde im Vorfeld in mehreren Klassen des 1. Zyklus erprobt. Die Lehrpersonen sch\u00e4tzten besonders den stufengerechten Einstieg und die Aktualit\u00e4t des Themas sowie die unterst\u00fctzende fachliche Aufbereitung im Lehrpersonenkommentar. Damit hat sich Set 4 von inform@21 sehr gut bew\u00e4hrt und beweist, dass man selbst ein komplexes Thema wie \u00abK\u00fcnstliche Intelligenz\u00bb mit den passenden Mitteln auch in der Unterstufe behandeln kann.\r\n\r\n<a class=\"btn-tertiary btn-arrow\" href=\"https:\/\/www.lehrmittelverlag.ch\/informat21-kindergarten-bis-4.-klasse-set-4-mappe\/1442100\" target=\"_blank\" rel=\"noopener\">Zum Webshop<\/a>\r\n\r\n&nbsp;","text_element_text_element_text_size":"default"}],"two_cols_flex_content_col_two":[{"acf_fc_layout":"text_element","text_element_":null,"text_element_text_element_titel":"","text_element_text_element_titel_typ":"5","text_element_text_element_titel_size":"","text_element_text_element_titel_fake":true,"text_element_text_element_content":"","text_element_text_element_text_size":"text-textnoserif"}],"two_cols_bgcolor":false,"two_cols_spaltenbreite":"two-third-one-third"}]},"yoast_head":"<!-- This site is optimized with the Yoast SEO plugin v27.4 - https:\/\/yoast.com\/product\/yoast-seo-wordpress\/ -->\n<title>Neu: inform@21 Set 4 - Lehrmittelverlag St. Gallen<\/title>\n<meta name=\"description\" content=\"Die Neu: inform@21 Set 4 bietet Ihnen individuelle Unterst\u00fctzung bei Fragen zur Arbeit mit unseren Lehrmitteln \u2013 online oder pers\u00f6nlich vor Ort.\" \/>\n<meta name=\"robots\" content=\"index, follow, max-snippet:-1, max-image-preview:large, max-video-preview:-1\" \/>\n<link rel=\"canonical\" href=\"https:\/\/lehrmittelverlag.ch\/cms\/newsletter\/neu-inform21-set-4\/\" \/>\n<meta property=\"og:locale\" content=\"de_DE\" \/>\n<meta property=\"og:type\" content=\"article\" \/>\n<meta property=\"og:title\" content=\"Neu: inform@21 Set 4 - Lehrmittelverlag St. Gallen\" \/>\n<meta property=\"og:description\" content=\"Die Neu: inform@21 Set 4 bietet Ihnen individuelle Unterst\u00fctzung bei Fragen zur Arbeit mit unseren Lehrmitteln \u2013 online oder pers\u00f6nlich vor Ort.\" \/>\n<meta property=\"og:url\" content=\"https:\/\/lehrmittelverlag.ch\/cms\/newsletter\/neu-inform21-set-4\/\" \/>\n<meta property=\"og:site_name\" content=\"Lehrmittelverlag St. Gallen\" \/>\n<meta property=\"article:publisher\" content=\"https:\/\/www.facebook.com\/LehrmittelverlagSG\/\" \/>\n<meta property=\"article:modified_time\" content=\"2026-01-08T15:24:32+00:00\" \/>\n<meta property=\"og:image\" content=\"https:\/\/lehrmittelverlag.ch\/cms\/wp-content\/uploads\/2022\/11\/og-image-lmvsg.png\" \/>\n\t<meta property=\"og:image:width\" content=\"1200\" \/>\n\t<meta property=\"og:image:height\" content=\"630\" \/>\n\t<meta property=\"og:image:type\" content=\"image\/png\" \/>\n<meta name=\"twitter:card\" content=\"summary_large_image\" \/>\n<meta name=\"twitter:site\" content=\"@Lehrmittel_SG\" \/>\n<meta name=\"twitter:label1\" content=\"Gesch\u00e4tzte Lesezeit\" \/>\n\t<meta name=\"twitter:data1\" content=\"3\u00a0Minuten\" \/>\n<script type=\"application\/ld+json\" class=\"yoast-schema-graph\">{\"@context\":\"https:\\\/\\\/schema.org\",\"@graph\":[{\"@type\":\"WebPage\",\"@id\":\"https:\\\/\\\/lehrmittelverlag.ch\\\/cms\\\/newsletter\\\/neu-inform21-set-4\\\/\",\"url\":\"https:\\\/\\\/lehrmittelverlag.ch\\\/cms\\\/newsletter\\\/neu-inform21-set-4\\\/\",\"name\":\"Neu: inform@21 Set 4 - Lehrmittelverlag St. Gallen\",\"isPartOf\":{\"@id\":\"https:\\\/\\\/www.lehrmittelverlag.ch\\\/cms\\\/#website\"},\"datePublished\":\"2023-06-05T14:15:46+00:00\",\"dateModified\":\"2026-01-08T15:24:32+00:00\",\"description\":\"Die Neu: inform@21 Set 4 bietet Ihnen individuelle Unterst\u00fctzung bei Fragen zur Arbeit mit unseren Lehrmitteln \u2013 online oder pers\u00f6nlich vor Ort.\",\"breadcrumb\":{\"@id\":\"https:\\\/\\\/lehrmittelverlag.ch\\\/cms\\\/newsletter\\\/neu-inform21-set-4\\\/#breadcrumb\"},\"inLanguage\":\"de-CH\",\"potentialAction\":[{\"@type\":\"ReadAction\",\"target\":[\"https:\\\/\\\/lehrmittelverlag.ch\\\/cms\\\/newsletter\\\/neu-inform21-set-4\\\/\"]}]},{\"@type\":\"BreadcrumbList\",\"@id\":\"https:\\\/\\\/lehrmittelverlag.ch\\\/cms\\\/newsletter\\\/neu-inform21-set-4\\\/#breadcrumb\",\"itemListElement\":[{\"@type\":\"ListItem\",\"position\":1,\"name\":\"Shop\",\"item\":\"\\\/\"},{\"@type\":\"ListItem\",\"position\":2,\"name\":\"Newsletter\",\"item\":\"https:\\\/\\\/lehrmittelverlag.ch\\\/cms\\\/newsletter\\\/\"},{\"@type\":\"ListItem\",\"position\":3,\"name\":\"Neu: inform@21 Set 4\"}]},{\"@type\":\"WebSite\",\"@id\":\"https:\\\/\\\/www.lehrmittelverlag.ch\\\/cms\\\/#website\",\"url\":\"https:\\\/\\\/www.lehrmittelverlag.ch\\\/cms\\\/\",\"name\":\"Lehrmittelverlag St. Gallen\",\"description\":\"\",\"publisher\":{\"@id\":\"https:\\\/\\\/www.lehrmittelverlag.ch\\\/cms\\\/#organization\"},\"potentialAction\":[{\"@type\":\"SearchAction\",\"target\":{\"@type\":\"EntryPoint\",\"urlTemplate\":\"https:\\\/\\\/www.lehrmittelverlag.ch\\\/cms\\\/?s={search_term_string}\"},\"query-input\":{\"@type\":\"PropertyValueSpecification\",\"valueRequired\":true,\"valueName\":\"search_term_string\"}}],\"inLanguage\":\"de-CH\"},{\"@type\":\"Organization\",\"@id\":\"https:\\\/\\\/www.lehrmittelverlag.ch\\\/cms\\\/#organization\",\"name\":\"Lehrmittelverlag St. Gallen\",\"url\":\"https:\\\/\\\/www.lehrmittelverlag.ch\\\/cms\\\/\",\"logo\":{\"@type\":\"ImageObject\",\"inLanguage\":\"de-CH\",\"@id\":\"https:\\\/\\\/www.lehrmittelverlag.ch\\\/cms\\\/#\\\/schema\\\/logo\\\/image\\\/\",\"url\":\"https:\\\/\\\/www.lehrmittelverlag.ch\\\/cms\\\/wp-content\\\/uploads\\\/2022\\\/11\\\/logo-lmvsg.png\",\"contentUrl\":\"https:\\\/\\\/www.lehrmittelverlag.ch\\\/cms\\\/wp-content\\\/uploads\\\/2022\\\/11\\\/logo-lmvsg.png\",\"width\":899,\"height\":349,\"caption\":\"Lehrmittelverlag St. Gallen\"},\"image\":{\"@id\":\"https:\\\/\\\/www.lehrmittelverlag.ch\\\/cms\\\/#\\\/schema\\\/logo\\\/image\\\/\"},\"sameAs\":[\"https:\\\/\\\/www.facebook.com\\\/LehrmittelverlagSG\\\/\",\"https:\\\/\\\/x.com\\\/Lehrmittel_SG\"]}]}<\/script>\n<!-- \/ Yoast SEO plugin. -->","yoast_head_json":{"title":"Neu: inform@21 Set 4 - Lehrmittelverlag St. Gallen","description":"Die Neu: inform@21 Set 4 bietet Ihnen individuelle Unterst\u00fctzung bei Fragen zur Arbeit mit unseren Lehrmitteln \u2013 online oder pers\u00f6nlich vor Ort.","robots":{"index":"index","follow":"follow","max-snippet":"max-snippet:-1","max-image-preview":"max-image-preview:large","max-video-preview":"max-video-preview:-1"},"canonical":"https:\/\/lehrmittelverlag.ch\/cms\/newsletter\/neu-inform21-set-4\/","og_locale":"de_DE","og_type":"article","og_title":"Neu: inform@21 Set 4 - Lehrmittelverlag St. Gallen","og_description":"Die Neu: inform@21 Set 4 bietet Ihnen individuelle Unterst\u00fctzung bei Fragen zur Arbeit mit unseren Lehrmitteln \u2013 online oder pers\u00f6nlich vor Ort.","og_url":"https:\/\/lehrmittelverlag.ch\/cms\/newsletter\/neu-inform21-set-4\/","og_site_name":"Lehrmittelverlag St. Gallen","article_publisher":"https:\/\/www.facebook.com\/LehrmittelverlagSG\/","article_modified_time":"2026-01-08T15:24:32+00:00","og_image":[{"width":1200,"height":630,"url":"https:\/\/lehrmittelverlag.ch\/cms\/wp-content\/uploads\/2022\/11\/og-image-lmvsg.png","type":"image\/png"}],"twitter_card":"summary_large_image","twitter_site":"@Lehrmittel_SG","twitter_misc":{"Gesch\u00e4tzte Lesezeit":"3\u00a0Minuten"},"schema":{"@context":"https:\/\/schema.org","@graph":[{"@type":"WebPage","@id":"https:\/\/lehrmittelverlag.ch\/cms\/newsletter\/neu-inform21-set-4\/","url":"https:\/\/lehrmittelverlag.ch\/cms\/newsletter\/neu-inform21-set-4\/","name":"Neu: inform@21 Set 4 - Lehrmittelverlag St. Gallen","isPartOf":{"@id":"https:\/\/www.lehrmittelverlag.ch\/cms\/#website"},"datePublished":"2023-06-05T14:15:46+00:00","dateModified":"2026-01-08T15:24:32+00:00","description":"Die Neu: inform@21 Set 4 bietet Ihnen individuelle Unterst\u00fctzung bei Fragen zur Arbeit mit unseren Lehrmitteln \u2013 online oder pers\u00f6nlich vor Ort.","breadcrumb":{"@id":"https:\/\/lehrmittelverlag.ch\/cms\/newsletter\/neu-inform21-set-4\/#breadcrumb"},"inLanguage":"de-CH","potentialAction":[{"@type":"ReadAction","target":["https:\/\/lehrmittelverlag.ch\/cms\/newsletter\/neu-inform21-set-4\/"]}]},{"@type":"BreadcrumbList","@id":"https:\/\/lehrmittelverlag.ch\/cms\/newsletter\/neu-inform21-set-4\/#breadcrumb","itemListElement":[{"@type":"ListItem","position":1,"name":"Shop","item":"\/"},{"@type":"ListItem","position":2,"name":"Newsletter","item":"https:\/\/lehrmittelverlag.ch\/cms\/newsletter\/"},{"@type":"ListItem","position":3,"name":"Neu: inform@21 Set 4"}]},{"@type":"WebSite","@id":"https:\/\/www.lehrmittelverlag.ch\/cms\/#website","url":"https:\/\/www.lehrmittelverlag.ch\/cms\/","name":"Lehrmittelverlag St. Gallen","description":"","publisher":{"@id":"https:\/\/www.lehrmittelverlag.ch\/cms\/#organization"},"potentialAction":[{"@type":"SearchAction","target":{"@type":"EntryPoint","urlTemplate":"https:\/\/www.lehrmittelverlag.ch\/cms\/?s={search_term_string}"},"query-input":{"@type":"PropertyValueSpecification","valueRequired":true,"valueName":"search_term_string"}}],"inLanguage":"de-CH"},{"@type":"Organization","@id":"https:\/\/www.lehrmittelverlag.ch\/cms\/#organization","name":"Lehrmittelverlag St. Gallen","url":"https:\/\/www.lehrmittelverlag.ch\/cms\/","logo":{"@type":"ImageObject","inLanguage":"de-CH","@id":"https:\/\/www.lehrmittelverlag.ch\/cms\/#\/schema\/logo\/image\/","url":"https:\/\/www.lehrmittelverlag.ch\/cms\/wp-content\/uploads\/2022\/11\/logo-lmvsg.png","contentUrl":"https:\/\/www.lehrmittelverlag.ch\/cms\/wp-content\/uploads\/2022\/11\/logo-lmvsg.png","width":899,"height":349,"caption":"Lehrmittelverlag St. Gallen"},"image":{"@id":"https:\/\/www.lehrmittelverlag.ch\/cms\/#\/schema\/logo\/image\/"},"sameAs":["https:\/\/www.facebook.com\/LehrmittelverlagSG\/","https:\/\/x.com\/Lehrmittel_SG"]}]}},"_links":{"self":[{"href":"https:\/\/lehrmittelverlag.ch\/cms\/wp-json\/wp\/v2\/pages\/2066","targetHints":{"allow":["GET"]}}],"collection":[{"href":"https:\/\/lehrmittelverlag.ch\/cms\/wp-json\/wp\/v2\/pages"}],"about":[{"href":"https:\/\/lehrmittelverlag.ch\/cms\/wp-json\/wp\/v2\/types\/page"}],"author":[{"embeddable":true,"href":"https:\/\/lehrmittelverlag.ch\/cms\/wp-json\/wp\/v2\/users\/3"}],"replies":[{"embeddable":true,"href":"https:\/\/lehrmittelverlag.ch\/cms\/wp-json\/wp\/v2\/comments?post=2066"}],"version-history":[{"count":10,"href":"https:\/\/lehrmittelverlag.ch\/cms\/wp-json\/wp\/v2\/pages\/2066\/revisions"}],"predecessor-version":[{"id":6924,"href":"https:\/\/lehrmittelverlag.ch\/cms\/wp-json\/wp\/v2\/pages\/2066\/revisions\/6924"}],"up":[{"embeddable":true,"href":"https:\/\/lehrmittelverlag.ch\/cms\/wp-json\/wp\/v2\/pages\/243"}],"wp:attachment":[{"href":"https:\/\/lehrmittelverlag.ch\/cms\/wp-json\/wp\/v2\/media?parent=2066"}],"curies":[{"name":"wp","href":"https:\/\/api.w.org\/{rel}","templated":true}]}}