{"id":2798,"date":"2023-11-14T09:23:30","date_gmt":"2023-11-14T08:23:30","guid":{"rendered":"https:\/\/www.lehrmittelverlag.ch\/cms\/?page_id=2798"},"modified":"2023-11-14T09:25:02","modified_gmt":"2023-11-14T08:25:02","slug":"lieder-und-unterrichtsideen-fuer-den-advent","status":"publish","type":"page","link":"https:\/\/lehrmittelverlag.ch\/cms\/newsletter\/lieder-und-unterrichtsideen-fuer-den-advent\/","title":{"rendered":"Lieder und Unterrichtsideen f\u00fcr den Advent"},"content":{"rendered":"","protected":false},"excerpt":{"rendered":"","protected":false},"author":3,"featured_media":0,"parent":243,"menu_order":6,"comment_status":"closed","ping_status":"closed","template":"","meta":{"_acf_changed":false,"inline_featured_image":false,"footnotes":""},"class_list":["post-2798","page","type-page","status-publish","hentry"],"acf":{"inhaltselemente":[{"acf_fc_layout":"text_element","text_element_titel":"Es weihnachtet sehr","text_element_titel_typ":"2","text_element_titel_size":"","text_element_titel_fake":false,"text_element_titel_icon":"","text_element_content":"<div class=\"cms-element-title-seo\">\r\n<div class=\"cms-element-title-seo__title-block\">\r\n<div class=\"row\">\r\n<div class=\"cms-element-title-seo__title-block__text col\">\r\n<div class=\"cms-element-title-seo__title-block__text__heading\">\r\n<p class=\"title\"><em><strong>Weihnachten steht vor der T\u00fcr! Ob Liedersingen, Basteln oder eine Unterrichtseinheit: Mit diesen (vor)weihnachtlichen Inhalten aus unseren beliebten Lehrmitteln verbreiten Sie Vorfreude im Klassenzimmer.<\/strong><\/em><\/p>\r\n\r\n<\/div>\r\n<\/div>\r\n<\/div>\r\n<\/div>\r\n<\/div>\r\n<div class=\"cms-element-text-seo__text-block\">\r\n\r\n<strong>Singen: Lieder im Advent\r\n<\/strong>Singen geh\u00f6rt zum Advent wie der Spitzer zum Bleistift. Die bekanntesten und beliebtesten Weihnachtslieder f\u00fcr die Unterstufe finden Sie im Schweizer Singbuch \u00abSing mit!\u00bb ab Seite 64 bis 74. Von \u00abDas isch de Scht\u00e4rn vo Bethlehem\u00bb bis \u00abZimetst\u00e4rn hani gern\u00bb ist alles dabei. Auch im \u00abSing Ais!\u00bb, dem Schweizer Singbuch f\u00fcr die Mittelstufe, wird es ab Seite 64 mit \u00abRudolph, das Rentier\u00bb weihnachtlich. Bis Seite 76 ist das Singbuch gef\u00fcllt mit Weihnachtsklassikern wie \u00abJingle Bells\u00bb und \u00abFeliz Navidad\u00bb.\r\n\r\nKinder von vier bis acht Jahren werden mit den Lied- und Versb\u00fcchern von Ursula Amsler Freude haben. In \u00abdFr\u00f6sch h\u00e4nd W\u00f6sch\u00bb und in \u00abGl\u00fcck-Singer\u00bb finden Sie gegen Ende eine Reihe an Weihnachtsliedern zum Beispiel \u00fcber den Samiclaus, N\u00fcssli und Feiern im Wald. Diese und viele weitere Lieder rund ums Jahr sind auch als Download-Bundle \u00abJahresfeste\u00bb erh\u00e4ltlich. Suchen Sie winterliche und besinnliche Songs ohne Bezug zu Weihnachten? Dann st\u00f6bern Sie in \u00abCh\u00e4ferfescht\u00bb und \u00abNigel, Nagel, Neu\u00bb. In jedem Buch enthalten sind die Begleitnoten sowie eine Grifftabelle f\u00fcr die Gitarre. Eine CD mit Liedaufnahmen inklusive Playback ist f\u00fcr jedes der Lied- und Versb\u00fccher erh\u00e4ltlich.\r\n\r\n<\/div>","text_element_bgcolor":false,"text_element_text_size":"default"},{"acf_fc_layout":"produkteslider","produkteslider_titel":"Singb\u00fccher","produkteslider_link":"","produkteslider_product_ids":"1372010, 1320010, 1330010, 1350010, 1360010, 2371010, 2380010, 4371010, 4380010","produkteslider_type":"slider"},{"acf_fc_layout":"text_element","text_element_titel":"","text_element_titel_typ":"2","text_element_titel_size":"","text_element_titel_fake":false,"text_element_titel_icon":"","text_element_content":"<strong>Basteln: Sterne f\u00fcrs Schulzimmer\r\n<\/strong>Die Downloads Basic und Plus von \u00abverflixt und zugen\u00e4ht\u00bb, dem Lehrmittel f\u00fcr Textiles Gestalten in der Primarstufe von der 1. bis zur 6. Klasse, bietet jede Menge weihnachtlicher Bastel- und N\u00e4hprojekte. Zum Beispiel diese Patchwork-Sterne zum Aufh\u00e4ngen oder Aufstellen im Schulzimmer. Sie finden die Anleitung und Arbeitsbl\u00e4tter dazu im Download-Basic (Projektordner Mai 2015, 8 \u2013 Weihnachtsstern).\r\n\r\n<img class=\" wp-image-2810 alignleft\" src=\"https:\/\/www.lehrmittelverlag.ch\/cms\/wp-content\/uploads\/2023\/11\/Stern_verflixt-und-zugenaeht-300x262.jpg\" alt=\"\" width=\"218\" height=\"190\" \/>","text_element_bgcolor":false,"text_element_text_size":"default"},{"acf_fc_layout":"produkteslider","produkteslider_titel":"verflixt und zugen\u00e4ht","produkteslider_link":"","produkteslider_product_ids":"2401100, 2401000, 2401500, 2402000","produkteslider_type":"slider"},{"acf_fc_layout":"text_element","text_element_titel":"","text_element_titel_typ":"2","text_element_titel_size":"","text_element_titel_fake":false,"text_element_titel_icon":"","text_element_content":"<strong>Erforschen: Winterfeste dokumentieren\r\n<\/strong>Wie feiern andere Kulturen und L\u00e4nder? Welche Feste gibt es noch auf der Welt? Die dritte Lernaufgabe im St.Gallerland-Heft 4 \u00abFeste und Br\u00e4uche\u00bb unterst\u00fctzt Sch\u00fclerinnen und Sch\u00fcler dabei, ein Fest oder einen Brauch zu erforschen und zu dokumentieren. Mit dabei nat\u00fcrlich wie immer die Gallusbande mit Manon, Samuele und Alex sowie Hund Hashtag. St\u00f6bern Sie in die Aufgabe hinein, indem Sie sich den Online-Lehrpersonenkommentar auf <a href=\"http:\/\/www.stgallerland.ch\" target=\"_blank\" rel=\"noopener\">www.stgallerland.ch<\/a> ansehen. Das Heft ist f\u00fcr die 3. und 4. Klasse empfohlen.","text_element_bgcolor":false,"text_element_text_size":"default"},{"acf_fc_layout":"produkteslider","produkteslider_titel":"St.Gallerland","produkteslider_link":"","produkteslider_product_ids":"3253400, 5253100, 3253200, 5253300, 5253500","produkteslider_type":"slider"},{"acf_fc_layout":"text_element","text_element_titel":"","text_element_titel_typ":"2","text_element_titel_size":"","text_element_titel_fake":false,"text_element_titel_icon":"","text_element_content":"<strong>Erz\u00e4hlen: 24 Adventslieder der Zwergenbande\r\n<\/strong>Zugegeben, dieser Tipp w\u00fcrde auch sehr gut in die Kategorie \u00abSingen\u00bb passen. Denn zum Adventskalender \u00abAdvent mit Zipf, Zapf, Zepf, Zupf &amp; Zipfelwitz\u00bb geh\u00f6rt auch das Begleitbuch mit 24 Adventsliedern. Doch vor dem Singen k\u00f6nnen die Kinder jeden Morgen ein T\u00fcrchen \u00f6ffnen und ein neues Bild aus dem Zwergenleben entdecken. Ein kurzer Text zu jedem Bild eignet sich f\u00fcr erste Lese\u00fcbungen oder f\u00fcr eine Erz\u00e4hlstunde im Sitzkreis. Und falls das noch nicht genug ist, kann man immer noch zu den Bilderb\u00fcchern von Zipf, Zapf, Zepf, Zupf &amp; Zipfelwitz greifen.","text_element_bgcolor":false,"text_element_text_size":"default"},{"acf_fc_layout":"produkteslider","produkteslider_titel":"Zipf, Zapf, Zepf, Zupf & Zipfelwitz","produkteslider_link":"","produkteslider_product_ids":"1412010, 1415010, 1413010,1421010, 1428010, 1411010, 1417010, ","produkteslider_type":"slider"}]},"yoast_head":"<!-- This site is optimized with the Yoast SEO plugin v27.4 - https:\/\/yoast.com\/product\/yoast-seo-wordpress\/ -->\n<title>Lieder und Unterrichtsideen f\u00fcr den Advent - Lehrmittelverlag St. Gallen<\/title>\n<meta name=\"description\" content=\"Mit diesen (vor)weihnachtlichen Inhalten aus unseren beliebten Lehrmitteln verbreiten Sie Vorfreude im Klassenzimmer.\" \/>\n<meta name=\"robots\" content=\"index, follow, max-snippet:-1, max-image-preview:large, max-video-preview:-1\" \/>\n<link rel=\"canonical\" href=\"https:\/\/lehrmittelverlag.ch\/cms\/newsletter\/lieder-und-unterrichtsideen-fuer-den-advent\/\" \/>\n<meta property=\"og:locale\" content=\"de_DE\" \/>\n<meta property=\"og:type\" content=\"article\" \/>\n<meta property=\"og:title\" content=\"Lieder und Unterrichtsideen f\u00fcr den Advent - Lehrmittelverlag St. Gallen\" \/>\n<meta property=\"og:description\" content=\"Mit diesen (vor)weihnachtlichen Inhalten aus unseren beliebten Lehrmitteln verbreiten Sie Vorfreude im Klassenzimmer.\" \/>\n<meta property=\"og:url\" content=\"https:\/\/lehrmittelverlag.ch\/cms\/newsletter\/lieder-und-unterrichtsideen-fuer-den-advent\/\" \/>\n<meta property=\"og:site_name\" content=\"Lehrmittelverlag St. Gallen\" \/>\n<meta property=\"article:publisher\" content=\"https:\/\/www.facebook.com\/LehrmittelverlagSG\/\" \/>\n<meta property=\"article:modified_time\" content=\"2023-11-14T08:25:02+00:00\" \/>\n<meta property=\"og:image\" content=\"https:\/\/lehrmittelverlag.ch\/cms\/wp-content\/uploads\/2022\/11\/og-image-lmvsg.png\" \/>\n\t<meta property=\"og:image:width\" content=\"1200\" \/>\n\t<meta property=\"og:image:height\" content=\"630\" \/>\n\t<meta property=\"og:image:type\" content=\"image\/png\" \/>\n<meta name=\"twitter:card\" content=\"summary_large_image\" \/>\n<meta name=\"twitter:site\" content=\"@Lehrmittel_SG\" \/>\n<script type=\"application\/ld+json\" class=\"yoast-schema-graph\">{\"@context\":\"https:\\\/\\\/schema.org\",\"@graph\":[{\"@type\":\"WebPage\",\"@id\":\"https:\\\/\\\/lehrmittelverlag.ch\\\/cms\\\/newsletter\\\/lieder-und-unterrichtsideen-fuer-den-advent\\\/\",\"url\":\"https:\\\/\\\/lehrmittelverlag.ch\\\/cms\\\/newsletter\\\/lieder-und-unterrichtsideen-fuer-den-advent\\\/\",\"name\":\"Lieder und Unterrichtsideen f\u00fcr den Advent - Lehrmittelverlag St. Gallen\",\"isPartOf\":{\"@id\":\"https:\\\/\\\/www.lehrmittelverlag.ch\\\/cms\\\/#website\"},\"datePublished\":\"2023-11-14T08:23:30+00:00\",\"dateModified\":\"2023-11-14T08:25:02+00:00\",\"description\":\"Mit diesen (vor)weihnachtlichen Inhalten aus unseren beliebten Lehrmitteln verbreiten Sie Vorfreude im Klassenzimmer.\",\"breadcrumb\":{\"@id\":\"https:\\\/\\\/lehrmittelverlag.ch\\\/cms\\\/newsletter\\\/lieder-und-unterrichtsideen-fuer-den-advent\\\/#breadcrumb\"},\"inLanguage\":\"de-CH\",\"potentialAction\":[{\"@type\":\"ReadAction\",\"target\":[\"https:\\\/\\\/lehrmittelverlag.ch\\\/cms\\\/newsletter\\\/lieder-und-unterrichtsideen-fuer-den-advent\\\/\"]}]},{\"@type\":\"BreadcrumbList\",\"@id\":\"https:\\\/\\\/lehrmittelverlag.ch\\\/cms\\\/newsletter\\\/lieder-und-unterrichtsideen-fuer-den-advent\\\/#breadcrumb\",\"itemListElement\":[{\"@type\":\"ListItem\",\"position\":1,\"name\":\"Shop\",\"item\":\"\\\/\"},{\"@type\":\"ListItem\",\"position\":2,\"name\":\"Newsletter\",\"item\":\"https:\\\/\\\/lehrmittelverlag.ch\\\/cms\\\/newsletter\\\/\"},{\"@type\":\"ListItem\",\"position\":3,\"name\":\"Lieder und Unterrichtsideen f\u00fcr den Advent\"}]},{\"@type\":\"WebSite\",\"@id\":\"https:\\\/\\\/www.lehrmittelverlag.ch\\\/cms\\\/#website\",\"url\":\"https:\\\/\\\/www.lehrmittelverlag.ch\\\/cms\\\/\",\"name\":\"Lehrmittelverlag St. Gallen\",\"description\":\"\",\"publisher\":{\"@id\":\"https:\\\/\\\/www.lehrmittelverlag.ch\\\/cms\\\/#organization\"},\"potentialAction\":[{\"@type\":\"SearchAction\",\"target\":{\"@type\":\"EntryPoint\",\"urlTemplate\":\"https:\\\/\\\/www.lehrmittelverlag.ch\\\/cms\\\/?s={search_term_string}\"},\"query-input\":{\"@type\":\"PropertyValueSpecification\",\"valueRequired\":true,\"valueName\":\"search_term_string\"}}],\"inLanguage\":\"de-CH\"},{\"@type\":\"Organization\",\"@id\":\"https:\\\/\\\/www.lehrmittelverlag.ch\\\/cms\\\/#organization\",\"name\":\"Lehrmittelverlag St. Gallen\",\"url\":\"https:\\\/\\\/www.lehrmittelverlag.ch\\\/cms\\\/\",\"logo\":{\"@type\":\"ImageObject\",\"inLanguage\":\"de-CH\",\"@id\":\"https:\\\/\\\/www.lehrmittelverlag.ch\\\/cms\\\/#\\\/schema\\\/logo\\\/image\\\/\",\"url\":\"https:\\\/\\\/www.lehrmittelverlag.ch\\\/cms\\\/wp-content\\\/uploads\\\/2022\\\/11\\\/logo-lmvsg.png\",\"contentUrl\":\"https:\\\/\\\/www.lehrmittelverlag.ch\\\/cms\\\/wp-content\\\/uploads\\\/2022\\\/11\\\/logo-lmvsg.png\",\"width\":899,\"height\":349,\"caption\":\"Lehrmittelverlag St. Gallen\"},\"image\":{\"@id\":\"https:\\\/\\\/www.lehrmittelverlag.ch\\\/cms\\\/#\\\/schema\\\/logo\\\/image\\\/\"},\"sameAs\":[\"https:\\\/\\\/www.facebook.com\\\/LehrmittelverlagSG\\\/\",\"https:\\\/\\\/x.com\\\/Lehrmittel_SG\"]}]}<\/script>\n<!-- \/ Yoast SEO plugin. -->","yoast_head_json":{"title":"Lieder und Unterrichtsideen f\u00fcr den Advent - Lehrmittelverlag St. Gallen","description":"Mit diesen (vor)weihnachtlichen Inhalten aus unseren beliebten Lehrmitteln verbreiten Sie Vorfreude im Klassenzimmer.","robots":{"index":"index","follow":"follow","max-snippet":"max-snippet:-1","max-image-preview":"max-image-preview:large","max-video-preview":"max-video-preview:-1"},"canonical":"https:\/\/lehrmittelverlag.ch\/cms\/newsletter\/lieder-und-unterrichtsideen-fuer-den-advent\/","og_locale":"de_DE","og_type":"article","og_title":"Lieder und Unterrichtsideen f\u00fcr den Advent - Lehrmittelverlag St. Gallen","og_description":"Mit diesen (vor)weihnachtlichen Inhalten aus unseren beliebten Lehrmitteln verbreiten Sie Vorfreude im Klassenzimmer.","og_url":"https:\/\/lehrmittelverlag.ch\/cms\/newsletter\/lieder-und-unterrichtsideen-fuer-den-advent\/","og_site_name":"Lehrmittelverlag St. Gallen","article_publisher":"https:\/\/www.facebook.com\/LehrmittelverlagSG\/","article_modified_time":"2023-11-14T08:25:02+00:00","og_image":[{"width":1200,"height":630,"url":"https:\/\/lehrmittelverlag.ch\/cms\/wp-content\/uploads\/2022\/11\/og-image-lmvsg.png","type":"image\/png"}],"twitter_card":"summary_large_image","twitter_site":"@Lehrmittel_SG","schema":{"@context":"https:\/\/schema.org","@graph":[{"@type":"WebPage","@id":"https:\/\/lehrmittelverlag.ch\/cms\/newsletter\/lieder-und-unterrichtsideen-fuer-den-advent\/","url":"https:\/\/lehrmittelverlag.ch\/cms\/newsletter\/lieder-und-unterrichtsideen-fuer-den-advent\/","name":"Lieder und Unterrichtsideen f\u00fcr den Advent - Lehrmittelverlag St. Gallen","isPartOf":{"@id":"https:\/\/www.lehrmittelverlag.ch\/cms\/#website"},"datePublished":"2023-11-14T08:23:30+00:00","dateModified":"2023-11-14T08:25:02+00:00","description":"Mit diesen (vor)weihnachtlichen Inhalten aus unseren beliebten Lehrmitteln verbreiten Sie Vorfreude im Klassenzimmer.","breadcrumb":{"@id":"https:\/\/lehrmittelverlag.ch\/cms\/newsletter\/lieder-und-unterrichtsideen-fuer-den-advent\/#breadcrumb"},"inLanguage":"de-CH","potentialAction":[{"@type":"ReadAction","target":["https:\/\/lehrmittelverlag.ch\/cms\/newsletter\/lieder-und-unterrichtsideen-fuer-den-advent\/"]}]},{"@type":"BreadcrumbList","@id":"https:\/\/lehrmittelverlag.ch\/cms\/newsletter\/lieder-und-unterrichtsideen-fuer-den-advent\/#breadcrumb","itemListElement":[{"@type":"ListItem","position":1,"name":"Shop","item":"\/"},{"@type":"ListItem","position":2,"name":"Newsletter","item":"https:\/\/lehrmittelverlag.ch\/cms\/newsletter\/"},{"@type":"ListItem","position":3,"name":"Lieder und Unterrichtsideen f\u00fcr den Advent"}]},{"@type":"WebSite","@id":"https:\/\/www.lehrmittelverlag.ch\/cms\/#website","url":"https:\/\/www.lehrmittelverlag.ch\/cms\/","name":"Lehrmittelverlag St. Gallen","description":"","publisher":{"@id":"https:\/\/www.lehrmittelverlag.ch\/cms\/#organization"},"potentialAction":[{"@type":"SearchAction","target":{"@type":"EntryPoint","urlTemplate":"https:\/\/www.lehrmittelverlag.ch\/cms\/?s={search_term_string}"},"query-input":{"@type":"PropertyValueSpecification","valueRequired":true,"valueName":"search_term_string"}}],"inLanguage":"de-CH"},{"@type":"Organization","@id":"https:\/\/www.lehrmittelverlag.ch\/cms\/#organization","name":"Lehrmittelverlag St. Gallen","url":"https:\/\/www.lehrmittelverlag.ch\/cms\/","logo":{"@type":"ImageObject","inLanguage":"de-CH","@id":"https:\/\/www.lehrmittelverlag.ch\/cms\/#\/schema\/logo\/image\/","url":"https:\/\/www.lehrmittelverlag.ch\/cms\/wp-content\/uploads\/2022\/11\/logo-lmvsg.png","contentUrl":"https:\/\/www.lehrmittelverlag.ch\/cms\/wp-content\/uploads\/2022\/11\/logo-lmvsg.png","width":899,"height":349,"caption":"Lehrmittelverlag St. Gallen"},"image":{"@id":"https:\/\/www.lehrmittelverlag.ch\/cms\/#\/schema\/logo\/image\/"},"sameAs":["https:\/\/www.facebook.com\/LehrmittelverlagSG\/","https:\/\/x.com\/Lehrmittel_SG"]}]}},"_links":{"self":[{"href":"https:\/\/lehrmittelverlag.ch\/cms\/wp-json\/wp\/v2\/pages\/2798","targetHints":{"allow":["GET"]}}],"collection":[{"href":"https:\/\/lehrmittelverlag.ch\/cms\/wp-json\/wp\/v2\/pages"}],"about":[{"href":"https:\/\/lehrmittelverlag.ch\/cms\/wp-json\/wp\/v2\/types\/page"}],"author":[{"embeddable":true,"href":"https:\/\/lehrmittelverlag.ch\/cms\/wp-json\/wp\/v2\/users\/3"}],"replies":[{"embeddable":true,"href":"https:\/\/lehrmittelverlag.ch\/cms\/wp-json\/wp\/v2\/comments?post=2798"}],"version-history":[{"count":20,"href":"https:\/\/lehrmittelverlag.ch\/cms\/wp-json\/wp\/v2\/pages\/2798\/revisions"}],"predecessor-version":[{"id":2822,"href":"https:\/\/lehrmittelverlag.ch\/cms\/wp-json\/wp\/v2\/pages\/2798\/revisions\/2822"}],"up":[{"embeddable":true,"href":"https:\/\/lehrmittelverlag.ch\/cms\/wp-json\/wp\/v2\/pages\/243"}],"wp:attachment":[{"href":"https:\/\/lehrmittelverlag.ch\/cms\/wp-json\/wp\/v2\/media?parent=2798"}],"curies":[{"name":"wp","href":"https:\/\/api.w.org\/{rel}","templated":true}]}}