{"id":351,"date":"2022-12-06T10:06:31","date_gmt":"2022-12-06T09:06:31","guid":{"rendered":"https:\/\/www.lehrmittelverlag.ch\/cms\/services\/lehrmittelberatung\/"},"modified":"2026-01-21T08:23:50","modified_gmt":"2026-01-21T07:23:50","slug":"lehrmittelberatung","status":"publish","type":"page","link":"https:\/\/lehrmittelverlag.ch\/cms\/services\/lehrmittelberatung\/","title":{"rendered":"Lehrmittelberatung"},"content":{"rendered":"\n<p id=\"Webinar-St.Gallerland-2,-4-und-6\"><\/p>\n\n\n\n<p><\/p>\n","protected":false},"excerpt":{"rendered":"","protected":false},"author":1,"featured_media":0,"parent":73,"menu_order":6,"comment_status":"closed","ping_status":"closed","template":"","meta":{"_acf_changed":false,"inline_featured_image":false,"footnotes":""},"class_list":["post-351","page","type-page","status-publish","hentry"],"acf":{"inhaltselemente":[{"acf_fc_layout":"two_cols","two_cols_flex_content_col_one":[{"acf_fc_layout":"text_element","text_element_":null,"text_element_text_element_titel":"Lehrmittelberatung \u2013 fachkundig, praxisnah, pers\u00f6nlich","text_element_text_element_titel_typ":"3","text_element_text_element_titel_size":"","text_element_text_element_titel_fake":false,"text_element_text_element_content":"<strong>\r\nHaben Sie Fragen zu unseren Lehrmitteln?<\/strong>\r\nM\u00f6chten Sie ein Lehrmittel einf\u00fchren und w\u00fcnschen Unterst\u00fctzung? Nutzen Sie bereits eines unserer Lehrmittel und haben Fragen zum Inhalt oder deren Einsatz im Unterricht? Dann ist unsere kostenlose Lehrmittelberatung genau das Richtige f\u00fcr Sie.\r\n<div class=\"text-block\"><strong>Einf\u00fchrung und Orientierung<\/strong><\/div>\r\n<ul class=\"tight-ul\">\r\n \t<li>Lernen Sie Aufbau, Konzept und Einsatzm\u00f6glichkeiten unserer Lehrmittel kennen \u2013 klar, praxisnah und auf Ihre Unterrichtsrealit\u00e4t abgestimmt.<\/li>\r\n<\/ul>\r\n<div class=\"text-block\"><strong>Praxisbezug<\/strong><\/div>\r\n<ul class=\"tight-ul\">\r\n \t<li>Erfahren Sie, wie Sie das Lehrmittel optimal im Unterricht einsetzen k\u00f6nnen, um Lernprozesse wirkungsvoll zu gestalten.<\/li>\r\n<\/ul>\r\n<div class=\"text-block\"><strong>Individuelle und zeitnahe Unterst\u00fctzung<\/strong><\/div>\r\n<ul class=\"tight-ul\">\r\n \t<li>Unsere Lehrmittelberatung bietet Ihnen pers\u00f6nliche Begleitung bei Fragen zur inhaltlichen, didaktischen und methodischen Arbeit mit unseren Lehrmitteln.<\/li>\r\n \t<li>Auf Wunsch stellen wir Ihnen die Lehrmittel vor Ort oder online vor, f\u00fchren vertiefte Schulungen durch oder organisieren Weiterbildungen \u2013 zum Beispiel im Rahmen einer schulinternen Fortbildung.<\/li>\r\n<\/ul>\r\n<div class=\"text-block\"><strong>Kostenlose Serviceangebote<\/strong><\/div>\r\n<ul class=\"tight-ul\">\r\n \t<li>Webinare f\u00fcr einen schnellen und kompakten \u00dcberblick<\/li>\r\n \t<li>Pers\u00f6nliche Einf\u00fchrungen und Beratungen auf Ihre Bed\u00fcrfnisse zugeschnitten<\/li>\r\n<\/ul>\r\n<a class=\"btn-primary\" href=\"mailto:beratung@lehrmittelverlag.ch\" target=\"_blank\" rel=\"noopener\">Jetzt anfragen!<\/a>","text_element_text_element_text_size":"default"}],"two_cols_flex_content_col_two":[{"acf_fc_layout":"text_element","text_element_":null,"text_element_text_element_titel":"Kontakt","text_element_text_element_titel_typ":"5","text_element_text_element_titel_size":"","text_element_text_element_titel_fake":true,"text_element_text_element_content":"Andreas Hollenstein\r\n<a href=\"tel:+41582287680\">T +41 (0)58 228 76 75<\/a>\r\n<a href=\"mailto:beratung@lehrmittelverlag.ch\">beratung@lehrmittelverlag.ch<\/a>\r\n\r\n&nbsp;\r\n\r\n<a class=\"btn btn-arrow\" href=\"https:\/\/www.lehrmittelverlag.ch\/cms\/services\/tutorials\/\" target=\"_blank\" rel=\"noopener\">Zu den Tutorials<\/a>\r\n\r\n<a class=\"btn-primary btn-arrow\" href=\"https:\/\/www.lehrmittelverlag.ch\/cms\/services\/webinare\/\" target=\"_blank\" rel=\"noopener\">Zu den Webinaren<\/a>","text_element_text_element_text_size":"text-textnoserif"}],"two_cols_bgcolor":false,"two_cols_spaltenbreite":"two-third-one-third"},{"acf_fc_layout":"text_img_element","text_element_titel":"Zur Person","text_element_titel_typ":"2","text_element_titel_size":"","text_element_titel_fake":false,"text_element_content":"Andreas Hollenstein verf\u00fcgt \u00fcber mehr als dreissig Jahre Erfahrung im Bildungswesen und kennt den Schulalltag aus der Praxis. Nach dem Abschluss der Ausbildung zum Primarlehrer an der P\u00e4dagogischen Hochschule Rorschach im Jahr 1994 folgte eine langj\u00e4hrige T\u00e4tigkeit als Klassenlehrperson im Zyklus 2. In dieser Zeit begleitete er als Praxislehrperson zahlreiche angehende Lehrpersonen und unterst\u00fctzte Junglehrpersonen als Mentor.\r\n\r\nSeit August 2024 ist Andreas Hollenstein als Lernmedienberater beim Lehrmittelverlag St.Gallen t\u00e4tig und bietet praxisnahe Weiterbildungen, Webinare und Schulungen zum erfolgreichen Einsatz von Lehrmitteln aus dem Sortiment des Lehrmittelverlag St.Gallen an.\r\n\r\n<strong>Kontakt<\/strong>\r\nAndreas Hollenstein\r\n<span class=\"text-green\"><a href=\"tel:+41582287680\">T +41 (0)58 228 76 75<\/a><\/span>\r\n<a href=\"mailto:beratung@lehrmittelverlag.ch\">beratung@lehrmittelverlag.ch<\/a>","image_element_image_element_image":3574,"image_element_image_element_lightbox":false,"events_element_type_category_events_element_type_category":[],"events_element_topic_category_events_element_topic_category":[],"events_element_amount_events_element_amount":"","text_element_text_size":"default","text_img_element_spaltenbreite":"default","text_img_element_orientation":"default","text_img_element_bgcolor":true}]},"yoast_head":"<!-- This site is optimized with the Yoast SEO plugin v27.3 - https:\/\/yoast.com\/product\/yoast-seo-wordpress\/ -->\n<title>Lehrmittelberatung - Lehrmittelverlag St. Gallen<\/title>\n<meta name=\"description\" content=\"Die Lehrmittelberatung bietet Ihnen individuelle Unterst\u00fctzung bei Fragen zur Arbeit mit unseren Lehrmitteln \u2013 online oder pers\u00f6nlich vor Ort.\" \/>\n<meta name=\"robots\" content=\"index, follow, max-snippet:-1, max-image-preview:large, max-video-preview:-1\" \/>\n<link rel=\"canonical\" href=\"https:\/\/lehrmittelverlag.ch\/cms\/services\/lehrmittelberatung\/\" \/>\n<meta property=\"og:locale\" content=\"de_DE\" \/>\n<meta property=\"og:type\" content=\"article\" \/>\n<meta property=\"og:title\" content=\"Lehrmittelberatung - Lehrmittelverlag St. Gallen\" \/>\n<meta property=\"og:description\" content=\"Die Lehrmittelberatung bietet Ihnen individuelle Unterst\u00fctzung bei Fragen zur Arbeit mit unseren Lehrmitteln \u2013 online oder pers\u00f6nlich vor Ort.\" \/>\n<meta property=\"og:url\" content=\"https:\/\/lehrmittelverlag.ch\/cms\/services\/lehrmittelberatung\/\" \/>\n<meta property=\"og:site_name\" content=\"Lehrmittelverlag St. Gallen\" \/>\n<meta property=\"article:publisher\" content=\"https:\/\/www.facebook.com\/LehrmittelverlagSG\/\" \/>\n<meta property=\"article:modified_time\" content=\"2026-01-21T07:23:50+00:00\" \/>\n<meta property=\"og:image\" content=\"https:\/\/lehrmittelverlag.ch\/cms\/wp-content\/uploads\/2022\/11\/og-image-lmvsg.png\" \/>\n\t<meta property=\"og:image:width\" content=\"1200\" \/>\n\t<meta property=\"og:image:height\" content=\"630\" \/>\n\t<meta property=\"og:image:type\" content=\"image\/png\" \/>\n<meta name=\"twitter:card\" content=\"summary_large_image\" \/>\n<meta name=\"twitter:site\" content=\"@Lehrmittel_SG\" \/>\n<meta name=\"twitter:label1\" content=\"Gesch\u00e4tzte Lesezeit\" \/>\n\t<meta name=\"twitter:data1\" content=\"2\u00a0Minuten\" \/>\n<script type=\"application\/ld+json\" class=\"yoast-schema-graph\">{\"@context\":\"https:\\\/\\\/schema.org\",\"@graph\":[{\"@type\":\"WebPage\",\"@id\":\"https:\\\/\\\/lehrmittelverlag.ch\\\/cms\\\/services\\\/lehrmittelberatung\\\/\",\"url\":\"https:\\\/\\\/lehrmittelverlag.ch\\\/cms\\\/services\\\/lehrmittelberatung\\\/\",\"name\":\"Lehrmittelberatung - Lehrmittelverlag St. Gallen\",\"isPartOf\":{\"@id\":\"https:\\\/\\\/www.lehrmittelverlag.ch\\\/cms\\\/#website\"},\"datePublished\":\"2022-12-06T09:06:31+00:00\",\"dateModified\":\"2026-01-21T07:23:50+00:00\",\"description\":\"Die Lehrmittelberatung bietet Ihnen individuelle Unterst\u00fctzung bei Fragen zur Arbeit mit unseren Lehrmitteln \u2013 online oder pers\u00f6nlich vor Ort.\",\"breadcrumb\":{\"@id\":\"https:\\\/\\\/lehrmittelverlag.ch\\\/cms\\\/services\\\/lehrmittelberatung\\\/#breadcrumb\"},\"inLanguage\":\"de-CH\",\"potentialAction\":[{\"@type\":\"ReadAction\",\"target\":[\"https:\\\/\\\/lehrmittelverlag.ch\\\/cms\\\/services\\\/lehrmittelberatung\\\/\"]}]},{\"@type\":\"BreadcrumbList\",\"@id\":\"https:\\\/\\\/lehrmittelverlag.ch\\\/cms\\\/services\\\/lehrmittelberatung\\\/#breadcrumb\",\"itemListElement\":[{\"@type\":\"ListItem\",\"position\":1,\"name\":\"Shop\",\"item\":\"\\\/\"},{\"@type\":\"ListItem\",\"position\":2,\"name\":\"Services\",\"item\":\"https:\\\/\\\/www.lehrmittelverlag.ch\\\/cms\\\/services\\\/\"},{\"@type\":\"ListItem\",\"position\":3,\"name\":\"Lehrmittelberatung\"}]},{\"@type\":\"WebSite\",\"@id\":\"https:\\\/\\\/www.lehrmittelverlag.ch\\\/cms\\\/#website\",\"url\":\"https:\\\/\\\/www.lehrmittelverlag.ch\\\/cms\\\/\",\"name\":\"Lehrmittelverlag St. Gallen\",\"description\":\"\",\"publisher\":{\"@id\":\"https:\\\/\\\/www.lehrmittelverlag.ch\\\/cms\\\/#organization\"},\"potentialAction\":[{\"@type\":\"SearchAction\",\"target\":{\"@type\":\"EntryPoint\",\"urlTemplate\":\"https:\\\/\\\/www.lehrmittelverlag.ch\\\/cms\\\/?s={search_term_string}\"},\"query-input\":{\"@type\":\"PropertyValueSpecification\",\"valueRequired\":true,\"valueName\":\"search_term_string\"}}],\"inLanguage\":\"de-CH\"},{\"@type\":\"Organization\",\"@id\":\"https:\\\/\\\/www.lehrmittelverlag.ch\\\/cms\\\/#organization\",\"name\":\"Lehrmittelverlag St. Gallen\",\"url\":\"https:\\\/\\\/www.lehrmittelverlag.ch\\\/cms\\\/\",\"logo\":{\"@type\":\"ImageObject\",\"inLanguage\":\"de-CH\",\"@id\":\"https:\\\/\\\/www.lehrmittelverlag.ch\\\/cms\\\/#\\\/schema\\\/logo\\\/image\\\/\",\"url\":\"https:\\\/\\\/www.lehrmittelverlag.ch\\\/cms\\\/wp-content\\\/uploads\\\/2022\\\/11\\\/logo-lmvsg.png\",\"contentUrl\":\"https:\\\/\\\/www.lehrmittelverlag.ch\\\/cms\\\/wp-content\\\/uploads\\\/2022\\\/11\\\/logo-lmvsg.png\",\"width\":899,\"height\":349,\"caption\":\"Lehrmittelverlag St. Gallen\"},\"image\":{\"@id\":\"https:\\\/\\\/www.lehrmittelverlag.ch\\\/cms\\\/#\\\/schema\\\/logo\\\/image\\\/\"},\"sameAs\":[\"https:\\\/\\\/www.facebook.com\\\/LehrmittelverlagSG\\\/\",\"https:\\\/\\\/x.com\\\/Lehrmittel_SG\"]}]}<\/script>\n<!-- \/ Yoast SEO plugin. -->","yoast_head_json":{"title":"Lehrmittelberatung - Lehrmittelverlag St. Gallen","description":"Die Lehrmittelberatung bietet Ihnen individuelle Unterst\u00fctzung bei Fragen zur Arbeit mit unseren Lehrmitteln \u2013 online oder pers\u00f6nlich vor Ort.","robots":{"index":"index","follow":"follow","max-snippet":"max-snippet:-1","max-image-preview":"max-image-preview:large","max-video-preview":"max-video-preview:-1"},"canonical":"https:\/\/lehrmittelverlag.ch\/cms\/services\/lehrmittelberatung\/","og_locale":"de_DE","og_type":"article","og_title":"Lehrmittelberatung - Lehrmittelverlag St. Gallen","og_description":"Die Lehrmittelberatung bietet Ihnen individuelle Unterst\u00fctzung bei Fragen zur Arbeit mit unseren Lehrmitteln \u2013 online oder pers\u00f6nlich vor Ort.","og_url":"https:\/\/lehrmittelverlag.ch\/cms\/services\/lehrmittelberatung\/","og_site_name":"Lehrmittelverlag St. Gallen","article_publisher":"https:\/\/www.facebook.com\/LehrmittelverlagSG\/","article_modified_time":"2026-01-21T07:23:50+00:00","og_image":[{"width":1200,"height":630,"url":"https:\/\/lehrmittelverlag.ch\/cms\/wp-content\/uploads\/2022\/11\/og-image-lmvsg.png","type":"image\/png"}],"twitter_card":"summary_large_image","twitter_site":"@Lehrmittel_SG","twitter_misc":{"Gesch\u00e4tzte Lesezeit":"2\u00a0Minuten"},"schema":{"@context":"https:\/\/schema.org","@graph":[{"@type":"WebPage","@id":"https:\/\/lehrmittelverlag.ch\/cms\/services\/lehrmittelberatung\/","url":"https:\/\/lehrmittelverlag.ch\/cms\/services\/lehrmittelberatung\/","name":"Lehrmittelberatung - Lehrmittelverlag St. Gallen","isPartOf":{"@id":"https:\/\/www.lehrmittelverlag.ch\/cms\/#website"},"datePublished":"2022-12-06T09:06:31+00:00","dateModified":"2026-01-21T07:23:50+00:00","description":"Die Lehrmittelberatung bietet Ihnen individuelle Unterst\u00fctzung bei Fragen zur Arbeit mit unseren Lehrmitteln \u2013 online oder pers\u00f6nlich vor Ort.","breadcrumb":{"@id":"https:\/\/lehrmittelverlag.ch\/cms\/services\/lehrmittelberatung\/#breadcrumb"},"inLanguage":"de-CH","potentialAction":[{"@type":"ReadAction","target":["https:\/\/lehrmittelverlag.ch\/cms\/services\/lehrmittelberatung\/"]}]},{"@type":"BreadcrumbList","@id":"https:\/\/lehrmittelverlag.ch\/cms\/services\/lehrmittelberatung\/#breadcrumb","itemListElement":[{"@type":"ListItem","position":1,"name":"Shop","item":"\/"},{"@type":"ListItem","position":2,"name":"Services","item":"https:\/\/www.lehrmittelverlag.ch\/cms\/services\/"},{"@type":"ListItem","position":3,"name":"Lehrmittelberatung"}]},{"@type":"WebSite","@id":"https:\/\/www.lehrmittelverlag.ch\/cms\/#website","url":"https:\/\/www.lehrmittelverlag.ch\/cms\/","name":"Lehrmittelverlag St. Gallen","description":"","publisher":{"@id":"https:\/\/www.lehrmittelverlag.ch\/cms\/#organization"},"potentialAction":[{"@type":"SearchAction","target":{"@type":"EntryPoint","urlTemplate":"https:\/\/www.lehrmittelverlag.ch\/cms\/?s={search_term_string}"},"query-input":{"@type":"PropertyValueSpecification","valueRequired":true,"valueName":"search_term_string"}}],"inLanguage":"de-CH"},{"@type":"Organization","@id":"https:\/\/www.lehrmittelverlag.ch\/cms\/#organization","name":"Lehrmittelverlag St. Gallen","url":"https:\/\/www.lehrmittelverlag.ch\/cms\/","logo":{"@type":"ImageObject","inLanguage":"de-CH","@id":"https:\/\/www.lehrmittelverlag.ch\/cms\/#\/schema\/logo\/image\/","url":"https:\/\/www.lehrmittelverlag.ch\/cms\/wp-content\/uploads\/2022\/11\/logo-lmvsg.png","contentUrl":"https:\/\/www.lehrmittelverlag.ch\/cms\/wp-content\/uploads\/2022\/11\/logo-lmvsg.png","width":899,"height":349,"caption":"Lehrmittelverlag St. Gallen"},"image":{"@id":"https:\/\/www.lehrmittelverlag.ch\/cms\/#\/schema\/logo\/image\/"},"sameAs":["https:\/\/www.facebook.com\/LehrmittelverlagSG\/","https:\/\/x.com\/Lehrmittel_SG"]}]}},"_links":{"self":[{"href":"https:\/\/lehrmittelverlag.ch\/cms\/wp-json\/wp\/v2\/pages\/351","targetHints":{"allow":["GET"]}}],"collection":[{"href":"https:\/\/lehrmittelverlag.ch\/cms\/wp-json\/wp\/v2\/pages"}],"about":[{"href":"https:\/\/lehrmittelverlag.ch\/cms\/wp-json\/wp\/v2\/types\/page"}],"author":[{"embeddable":true,"href":"https:\/\/lehrmittelverlag.ch\/cms\/wp-json\/wp\/v2\/users\/1"}],"replies":[{"embeddable":true,"href":"https:\/\/lehrmittelverlag.ch\/cms\/wp-json\/wp\/v2\/comments?post=351"}],"version-history":[{"count":10,"href":"https:\/\/lehrmittelverlag.ch\/cms\/wp-json\/wp\/v2\/pages\/351\/revisions"}],"predecessor-version":[{"id":6981,"href":"https:\/\/lehrmittelverlag.ch\/cms\/wp-json\/wp\/v2\/pages\/351\/revisions\/6981"}],"up":[{"embeddable":true,"href":"https:\/\/lehrmittelverlag.ch\/cms\/wp-json\/wp\/v2\/pages\/73"}],"wp:attachment":[{"href":"https:\/\/lehrmittelverlag.ch\/cms\/wp-json\/wp\/v2\/media?parent=351"}],"curies":[{"name":"wp","href":"https:\/\/api.w.org\/{rel}","templated":true}]}}