{"id":3948,"date":"2024-12-19T14:57:56","date_gmt":"2024-12-19T13:57:56","guid":{"rendered":"https:\/\/www.lehrmittelverlag.ch\/cms\/?page_id=3948"},"modified":"2025-02-04T11:04:29","modified_gmt":"2025-02-04T10:04:29","slug":"barrierefreiheit","status":"publish","type":"page","link":"https:\/\/lehrmittelverlag.ch\/cms\/services\/barrierefreiheit\/","title":{"rendered":"Barrierefreiheit"},"content":{"rendered":"","protected":false},"excerpt":{"rendered":"","protected":false},"author":8,"featured_media":0,"parent":73,"menu_order":16,"comment_status":"closed","ping_status":"closed","template":"","meta":{"_acf_changed":false,"inline_featured_image":false,"footnotes":""},"class_list":["post-3948","page","type-page","status-publish","hentry"],"acf":{"inhaltselemente":[{"acf_fc_layout":"text_element","text_element_titel":"Barrierefreie Lehrmittel","text_element_titel_typ":"2","text_element_titel_size":"","text_element_titel_fake":false,"text_element_titel_icon":"","text_element_content":"Der Lehrmittelverlag St.Gallen ist bestrebt, seine digitalen Lehrmittel k\u00fcnftig m\u00f6glichst barrierefrei zu gestalten. Er orientiert sich dabei an den international anerkannten Richtlinien f\u00fcr die Zug\u00e4nglichkeit von Webangeboten (Web Content Accessibility Guidelines, 2.1).\r\nEs wurde deshalb der folgende Eigenschaftenkatalog unter Einbezug von SuS mit Behinderungen, Lehrpersonen und Leitungen von Sonderschulen sowie weiteren von einer Behinderung betroffenen Personen erarbeitet. Die Eigenschaften sollen k\u00fcnftige digitale Lehrmittel auszeichnen; einzelne Eigenschaften werden f\u00fcr die Umsetzung bei bestehenden digitalen Lehrmitteln gepr\u00fcft.\r\n\r\nDer Umbau f\u00fcr den barrierefreien Bezug der Lehrmittel auf lehrmittelverlag.ch, die Bestellungen im Webshop sowie die Informationen auf der Website des Lehrmittelverlags St.Gallen wird parallel zur Lehrmittelentwicklung Schritt f\u00fcr Schritt erfolgen.","text_element_bgcolor":false,"text_element_text_size":"default"},{"acf_fc_layout":"akkordeon_element","akkordeon_element_items":[{"acf_fc_layout":"akkordeon_element_items_item","akkordeon_element_items_item_titel":"1. Auf einer Website sind relevante Informationen oder Bestandteile ohne Text durch Beschreibungen ihres Zwecks erkennbar.","akkordeon_element_items_item_content":[{"acf_fc_layout":"text_element","text_element_":null,"text_element_text_element_titel":"","text_element_text_element_titel_typ":"2","text_element_text_element_titel_size":"","text_element_text_element_titel_fake":false,"text_element_text_element_content":"Beispiele sind Bezeichnungen von Elementen: \u00abMen\u00fc-Button\u00bb, \u00abHier kann ein Video angesehen werden\u00bb, \u00abDas ist ein H\u00f6rtest\u00bb.","text_element_text_element_text_size":"default"}]},{"acf_fc_layout":"akkordeon_element_items_item","akkordeon_element_items_item_titel":"2. Wenn der didaktische Zweck es zul\u00e4sst, wird eine Alternative zu reinen Audio- und Videoinhalten angeboten. Videos und Audios beginnen nicht automatisch und sind ansteuerbar.","akkordeon_element_items_item_content":[{"acf_fc_layout":"text_element","text_element_":null,"text_element_text_element_titel":"","text_element_text_element_titel_typ":"2","text_element_text_element_titel_size":"","text_element_text_element_titel_fake":false,"text_element_text_element_content":"Beispiele sind Texttranskriptionen von Audios oder Videos.","text_element_text_element_text_size":"default"}]},{"acf_fc_layout":"akkordeon_element_items_item","akkordeon_element_items_item_titel":"3. Wenn Struktur, Beziehungen oder Bedeutungen von Elementen durch die Darstellung verdeutlicht sind \u2013 etwa \u00dcberschriften oder Texthierarchien \u2013, ist diese Information auch auf andere Weise erkennbar.","akkordeon_element_items_item_content":[{"acf_fc_layout":"text_element","text_element_":null,"text_element_text_element_titel":"","text_element_text_element_titel_typ":"2","text_element_text_element_titel_size":"","text_element_text_element_titel_fake":false,"text_element_text_element_content":"Ein Beispiel ist die Auszeichnung von Spalten und Zeilen bei einer Tabelle oder von unterschiedlichen Niveaus nicht bloss durch Sterne.","text_element_text_element_text_size":"default"}]},{"acf_fc_layout":"akkordeon_element_items_item","akkordeon_element_items_item_titel":"4. Wenn inhaltlich eine Reihenfolge relevant ist, wird sie visuell und f\u00fcr unterst\u00fctzende Technologien erkennbar gemacht.","akkordeon_element_items_item_content":[{"acf_fc_layout":"text_element","text_element_":null,"text_element_text_element_titel":"","text_element_text_element_titel_typ":"2","text_element_text_element_titel_size":"","text_element_text_element_titel_fake":false,"text_element_text_element_content":"Beispiele sind die Reihenfolge von Bildern, die f\u00fcr das L\u00f6sen einer Aufgabe bedeutsam ist, oder die Nummerierung einer Aufgabenfolge.","text_element_text_element_text_size":"default"}]},{"acf_fc_layout":"akkordeon_element_items_item","akkordeon_element_items_item_titel":"5. Anweisungen, die f\u00fcr das Verst\u00e4ndnis oder die Bedienung wichtig sind, werden nicht nur durch gestalterische Elemente wie Form, Platzierung oder Farbe erkennbar gemacht.","akkordeon_element_items_item_content":[{"acf_fc_layout":"text_element","text_element_":null,"text_element_text_element_titel":"","text_element_text_element_titel_typ":"2","text_element_text_element_titel_size":"","text_element_text_element_titel_fake":false,"text_element_text_element_content":"Beispielsweise werden Zusatzaufgaben nicht nur durch Farbe, Form oder Platzierung erkennbar, sondern auch durch Metainformationen, oder bei einer \u00dcbungsauswertung wird neben der Kennzeichnung Rot (= falsch) auch ein X gezeigt.","text_element_text_element_text_size":"default"}]},{"acf_fc_layout":"akkordeon_element_items_item","akkordeon_element_items_item_titel":"6. Texte und interaktive Elemente heben sich nach M\u00f6glichkeit ausreichend kontraststark vom Hintergrund ab.","akkordeon_element_items_item_content":[{"acf_fc_layout":"text_element","text_element_":null,"text_element_text_element_titel":"","text_element_text_element_titel_typ":"2","text_element_text_element_titel_size":"","text_element_text_element_titel_fake":false,"text_element_text_element_content":"Als Beispiel wird ein Kontrast von viereinhalb zu eins zwischen Text und Hintergrund angestrebt.","text_element_text_element_text_size":"default"}]},{"acf_fc_layout":"akkordeon_element_items_item","akkordeon_element_items_item_titel":"7. Die Textgr\u00f6sse kann ver\u00e4ndert werden, auf kleine Bildschirme angepasst und im Browser auf doppelte Gr\u00f6sse gebracht.","akkordeon_element_items_item_content":[{"acf_fc_layout":"text_element","text_element_":null,"text_element_text_element_titel":"","text_element_text_element_titel_typ":"2","text_element_text_element_titel_size":"","text_element_text_element_titel_fake":false,"text_element_text_element_content":"Beispielsweise funktionieren Seiten auch bei starker Vergr\u00f6sserung wie etwa 200 Prozent Zoom f\u00fcr Texte in small 13 px, medium 16 px, large 19 px.","text_element_text_element_text_size":"default"}]},{"acf_fc_layout":"akkordeon_element_items_item","akkordeon_element_items_item_titel":"8. Zeilenh\u00f6he und Textabst\u00e4nde k\u00f6nnen ohne Verlust von Inhalt oder Funktion ver\u00e4ndert werden.","akkordeon_element_items_item_content":[{"acf_fc_layout":"text_element","text_element_":null,"text_element_text_element_titel":"","text_element_text_element_titel_typ":"2","text_element_text_element_titel_size":"","text_element_text_element_titel_fake":false,"text_element_text_element_content":"Beispiel: durch ein Anpassen der Zeilenabst\u00e4nde wird der Inhalt nicht beeinflusst und alle Funktionen sind weiter ausf\u00fchrbar.","text_element_text_element_text_size":"default"}]},{"acf_fc_layout":"akkordeon_element_items_item","akkordeon_element_items_item_titel":"9. Links und Schaltfl\u00e4chen k\u00f6nnen mit der Tastatur bedient werden.","akkordeon_element_items_item_content":[{"acf_fc_layout":"text_element","text_element_":null,"text_element_text_element_titel":"","text_element_text_element_titel_typ":"2","text_element_text_element_titel_size":"","text_element_text_element_titel_fake":false,"text_element_text_element_content":"Zum Beispiel sind Kapitel-Navigation und Drag-and-Drop-\u00dcbungen mit der Tastatur bedienbar.","text_element_text_element_text_size":"default"}]},{"acf_fc_layout":"akkordeon_element_items_item","akkordeon_element_items_item_titel":"10. Wiederholungen auf einer Webseite k\u00f6nnen \u00fcbersprungen werden.","akkordeon_element_items_item_content":[{"acf_fc_layout":"text_element","text_element_":null,"text_element_text_element_titel":"","text_element_text_element_titel_typ":"2","text_element_text_element_titel_size":"","text_element_text_element_titel_fake":false,"text_element_text_element_content":"Zum Beispiel k\u00f6nnen Men\u00fc, Header, Logo \u00fcbersprungen werden, um direkt zum Inhalt zu gelangen.","text_element_text_element_text_size":"default"}]},{"acf_fc_layout":"akkordeon_element_items_item","akkordeon_element_items_item_titel":"11. Titel, \u00dcberschriften und Legenden sind eindeutig und beschreiben den Inhalt.","akkordeon_element_items_item_content":null},{"acf_fc_layout":"akkordeon_element_items_item","akkordeon_element_items_item_titel":"12. Der Zweck eines Links ist erkennbar.","akkordeon_element_items_item_content":[{"acf_fc_layout":"text_element","text_element_":null,"text_element_text_element_titel":"","text_element_text_element_titel_typ":"2","text_element_text_element_titel_size":"","text_element_text_element_titel_fake":false,"text_element_text_element_content":"Zum Beispiel bei Zwischenseiten: Der Zweck oder das Ziel jedes Links ist beschrieben.","text_element_text_element_text_size":"default"}]},{"acf_fc_layout":"akkordeon_element_items_item","akkordeon_element_items_item_titel":"13. Der Fokus ist f\u00fcr verschiedene Benutzerschnittstellen sichtbar.","akkordeon_element_items_item_content":[{"acf_fc_layout":"text_element","text_element_":null,"text_element_text_element_titel":"","text_element_text_element_titel_typ":"2","text_element_text_element_titel_size":"","text_element_text_element_titel_fake":false,"text_element_text_element_content":"Als Beispiel sind der Tastaturfokus im Headerbereich oder der Fokus von Aufgabe zu Aufgabe sichtbar.","text_element_text_element_text_size":"default"}]},{"acf_fc_layout":"akkordeon_element_items_item","akkordeon_element_items_item_titel":"14. Der Nutzer erkennt durch eine Brotkr\u00fcmelnavigation, wo er sich innerhalb der Webseite befindet. Es gibt einen erkennbaren Link zum Hauptinhalt und dieser ist per Tastatur navigierbar.","akkordeon_element_items_item_content":null},{"acf_fc_layout":"akkordeon_element_items_item","akkordeon_element_items_item_titel":"15. \u00dcberschriften oder Beschreibungen erl\u00e4utern die Abschnitte einer Webseite.","akkordeon_element_items_item_content":[{"acf_fc_layout":"text_element","text_element_":null,"text_element_text_element_titel":"","text_element_text_element_titel_typ":"2","text_element_text_element_titel_size":"","text_element_text_element_titel_fake":false,"text_element_text_element_content":"Beispielsweise werden Aufgaben nicht nur mit Zahlen, sondern mit dem Titel \u00abAufgabe\u00bb versehen, also Aufgabe 1 bis Aufgabe 7.","text_element_text_element_text_size":"default"}]},{"acf_fc_layout":"akkordeon_element_items_item","akkordeon_element_items_item_titel":"16. Die Zeigerfunktionen sind einheitlich und stabil.","akkordeon_element_items_item_content":[{"acf_fc_layout":"text_element","text_element_":null,"text_element_text_element_titel":"","text_element_text_element_titel_typ":"2","text_element_text_element_titel_size":"","text_element_text_element_titel_fake":false,"text_element_text_element_content":"Beispielsweise fallen verschiebbare Objekte, die mit dem Zeiger gepackt und zu fr\u00fch losgelassen werden, an ihren Ausgangspunkt zur\u00fcck.","text_element_text_element_text_size":"default"}]},{"acf_fc_layout":"akkordeon_element_items_item","akkordeon_element_items_item_titel":"17. Eingabefelder sind korrekt beschriftet.","akkordeon_element_items_item_content":[{"acf_fc_layout":"text_element","text_element_":null,"text_element_text_element_titel":"","text_element_text_element_titel_typ":"2","text_element_text_element_titel_size":"","text_element_text_element_titel_fake":false,"text_element_text_element_content":"Ein Textfeld ist als solches ausgewiesen.","text_element_text_element_text_size":"default"}]},{"acf_fc_layout":"akkordeon_element_items_item","akkordeon_element_items_item_titel":"18. Jede Webseite ist mit Standardsprache hinterlegt.","akkordeon_element_items_item_content":[{"acf_fc_layout":"text_element","text_element_":null,"text_element_text_element_titel":"","text_element_text_element_titel_typ":"2","text_element_text_element_titel_size":"","text_element_text_element_titel_fake":false,"text_element_text_element_content":"In der Regel ist die Standardsprache Deutsch.","text_element_text_element_text_size":"default"}]},{"acf_fc_layout":"akkordeon_element_items_item","akkordeon_element_items_item_titel":"19. Durch einen Fokuswechsel erfolgt keine Kontext\u00e4nderung.","akkordeon_element_items_item_content":[{"acf_fc_layout":"text_element","text_element_":null,"text_element_text_element_titel":"","text_element_text_element_titel_typ":"2","text_element_text_element_titel_size":"","text_element_text_element_titel_fake":false,"text_element_text_element_content":"Zum Beispiel erfolgt bei einem Dropdownmen\u00fc bei Bet\u00e4tigung der Escape- oder der Tabulatortaste kein neues Laden.","text_element_text_element_text_size":"default"}]},{"acf_fc_layout":"akkordeon_element_items_item","akkordeon_element_items_item_titel":"20. Die Navigation innerhalb eines Lehrmittels ist konsistent aufgebaut und weist bei Wiederholung die gleiche relative Reihenfolge auf.","akkordeon_element_items_item_content":[{"acf_fc_layout":"text_element","text_element_":null,"text_element_text_element_titel":"","text_element_text_element_titel_typ":"2","text_element_text_element_titel_size":"","text_element_text_element_titel_fake":false,"text_element_text_element_content":"Als Beispiel ist das Men\u00fc immer am gleichen Ort und Zusatzinformationen werden immer gleich aufgerufen.","text_element_text_element_text_size":"default"}]},{"acf_fc_layout":"akkordeon_element_items_item","akkordeon_element_items_item_titel":"21. Bestandteile einer Webseite mit gleicher Funktion werden einheitlich eingesetzt.","akkordeon_element_items_item_content":[{"acf_fc_layout":"text_element","text_element_":null,"text_element_text_element_titel":"","text_element_text_element_titel_typ":"2","text_element_text_element_titel_size":"","text_element_text_element_titel_fake":false,"text_element_text_element_content":"Zum Beispiel werden Zusatzinformationen einheitlich benannt als \u00abweitere Informationen\u00bb.","text_element_text_element_text_size":"default"}]}]}]},"yoast_head":"<!-- This site is optimized with the Yoast SEO plugin v27.4 - https:\/\/yoast.com\/product\/yoast-seo-wordpress\/ -->\n<title>Barrierefreiheit - Lehrmittelverlag St. Gallen<\/title>\n<meta name=\"description\" content=\"Barrierefreiheit - Der Lehrmittelverlag St.Gallen mit Sitz in Rorschach ist eine Abteilung des kantonalen Bildungsdepartements im Amt f\u00fcr Volksschule. Der Lehrmittelverlag St.Gallen ist die Verbindungsstelle zwischen Bildungspolitik und Lernmedien f\u00fcr die Volksschule.\" \/>\n<meta name=\"robots\" content=\"index, follow, max-snippet:-1, max-image-preview:large, max-video-preview:-1\" \/>\n<link rel=\"canonical\" href=\"https:\/\/lehrmittelverlag.ch\/cms\/services\/barrierefreiheit\/\" \/>\n<meta property=\"og:locale\" content=\"de_DE\" \/>\n<meta property=\"og:type\" content=\"article\" \/>\n<meta property=\"og:title\" content=\"Barrierefreiheit - Lehrmittelverlag St. Gallen\" \/>\n<meta property=\"og:description\" content=\"Barrierefreiheit - Der Lehrmittelverlag St.Gallen mit Sitz in Rorschach ist eine Abteilung des kantonalen Bildungsdepartements im Amt f\u00fcr Volksschule. Der Lehrmittelverlag St.Gallen ist die Verbindungsstelle zwischen Bildungspolitik und Lernmedien f\u00fcr die Volksschule.\" \/>\n<meta property=\"og:url\" content=\"https:\/\/lehrmittelverlag.ch\/cms\/services\/barrierefreiheit\/\" \/>\n<meta property=\"og:site_name\" content=\"Lehrmittelverlag St. Gallen\" \/>\n<meta property=\"article:publisher\" content=\"https:\/\/www.facebook.com\/LehrmittelverlagSG\/\" \/>\n<meta property=\"article:modified_time\" content=\"2025-02-04T10:04:29+00:00\" \/>\n<meta property=\"og:image\" content=\"https:\/\/lehrmittelverlag.ch\/cms\/wp-content\/uploads\/2022\/11\/og-image-lmvsg.png\" \/>\n\t<meta property=\"og:image:width\" content=\"1200\" \/>\n\t<meta property=\"og:image:height\" content=\"630\" \/>\n\t<meta property=\"og:image:type\" content=\"image\/png\" \/>\n<meta name=\"twitter:card\" content=\"summary_large_image\" \/>\n<meta name=\"twitter:site\" content=\"@Lehrmittel_SG\" \/>\n<meta name=\"twitter:label1\" content=\"Gesch\u00e4tzte Lesezeit\" \/>\n\t<meta name=\"twitter:data1\" content=\"4\u00a0Minuten\" \/>\n<script type=\"application\/ld+json\" class=\"yoast-schema-graph\">{\"@context\":\"https:\\\/\\\/schema.org\",\"@graph\":[{\"@type\":\"WebPage\",\"@id\":\"https:\\\/\\\/lehrmittelverlag.ch\\\/cms\\\/services\\\/barrierefreiheit\\\/\",\"url\":\"https:\\\/\\\/lehrmittelverlag.ch\\\/cms\\\/services\\\/barrierefreiheit\\\/\",\"name\":\"Barrierefreiheit - Lehrmittelverlag St. Gallen\",\"isPartOf\":{\"@id\":\"https:\\\/\\\/lehrmittelverlag.ch\\\/cms\\\/#website\"},\"datePublished\":\"2024-12-19T13:57:56+00:00\",\"dateModified\":\"2025-02-04T10:04:29+00:00\",\"description\":\"Barrierefreiheit - Der Lehrmittelverlag St.Gallen mit Sitz in Rorschach ist eine Abteilung des kantonalen Bildungsdepartements im Amt f\u00fcr Volksschule. Der Lehrmittelverlag St.Gallen ist die Verbindungsstelle zwischen Bildungspolitik und Lernmedien f\u00fcr die Volksschule.\",\"breadcrumb\":{\"@id\":\"https:\\\/\\\/lehrmittelverlag.ch\\\/cms\\\/services\\\/barrierefreiheit\\\/#breadcrumb\"},\"inLanguage\":\"de-CH\",\"potentialAction\":[{\"@type\":\"ReadAction\",\"target\":[\"https:\\\/\\\/lehrmittelverlag.ch\\\/cms\\\/services\\\/barrierefreiheit\\\/\"]}]},{\"@type\":\"BreadcrumbList\",\"@id\":\"https:\\\/\\\/lehrmittelverlag.ch\\\/cms\\\/services\\\/barrierefreiheit\\\/#breadcrumb\",\"itemListElement\":[{\"@type\":\"ListItem\",\"position\":1,\"name\":\"Shop\",\"item\":\"\\\/\"},{\"@type\":\"ListItem\",\"position\":2,\"name\":\"Services\",\"item\":\"https:\\\/\\\/www.lehrmittelverlag.ch\\\/cms\\\/services\\\/\"},{\"@type\":\"ListItem\",\"position\":3,\"name\":\"Barrierefreiheit\"}]},{\"@type\":\"WebSite\",\"@id\":\"https:\\\/\\\/lehrmittelverlag.ch\\\/cms\\\/#website\",\"url\":\"https:\\\/\\\/lehrmittelverlag.ch\\\/cms\\\/\",\"name\":\"Lehrmittelverlag St. Gallen\",\"description\":\"\",\"publisher\":{\"@id\":\"https:\\\/\\\/lehrmittelverlag.ch\\\/cms\\\/#organization\"},\"potentialAction\":[{\"@type\":\"SearchAction\",\"target\":{\"@type\":\"EntryPoint\",\"urlTemplate\":\"https:\\\/\\\/lehrmittelverlag.ch\\\/cms\\\/?s={search_term_string}\"},\"query-input\":{\"@type\":\"PropertyValueSpecification\",\"valueRequired\":true,\"valueName\":\"search_term_string\"}}],\"inLanguage\":\"de-CH\"},{\"@type\":\"Organization\",\"@id\":\"https:\\\/\\\/lehrmittelverlag.ch\\\/cms\\\/#organization\",\"name\":\"Lehrmittelverlag St. Gallen\",\"url\":\"https:\\\/\\\/lehrmittelverlag.ch\\\/cms\\\/\",\"logo\":{\"@type\":\"ImageObject\",\"inLanguage\":\"de-CH\",\"@id\":\"https:\\\/\\\/lehrmittelverlag.ch\\\/cms\\\/#\\\/schema\\\/logo\\\/image\\\/\",\"url\":\"https:\\\/\\\/www.lehrmittelverlag.ch\\\/cms\\\/wp-content\\\/uploads\\\/2022\\\/11\\\/logo-lmvsg.png\",\"contentUrl\":\"https:\\\/\\\/www.lehrmittelverlag.ch\\\/cms\\\/wp-content\\\/uploads\\\/2022\\\/11\\\/logo-lmvsg.png\",\"width\":899,\"height\":349,\"caption\":\"Lehrmittelverlag St. Gallen\"},\"image\":{\"@id\":\"https:\\\/\\\/lehrmittelverlag.ch\\\/cms\\\/#\\\/schema\\\/logo\\\/image\\\/\"},\"sameAs\":[\"https:\\\/\\\/www.facebook.com\\\/LehrmittelverlagSG\\\/\",\"https:\\\/\\\/x.com\\\/Lehrmittel_SG\"]}]}<\/script>\n<!-- \/ Yoast SEO plugin. -->","yoast_head_json":{"title":"Barrierefreiheit - Lehrmittelverlag St. Gallen","description":"Barrierefreiheit - Der Lehrmittelverlag St.Gallen mit Sitz in Rorschach ist eine Abteilung des kantonalen Bildungsdepartements im Amt f\u00fcr Volksschule. Der Lehrmittelverlag St.Gallen ist die Verbindungsstelle zwischen Bildungspolitik und Lernmedien f\u00fcr die Volksschule.","robots":{"index":"index","follow":"follow","max-snippet":"max-snippet:-1","max-image-preview":"max-image-preview:large","max-video-preview":"max-video-preview:-1"},"canonical":"https:\/\/lehrmittelverlag.ch\/cms\/services\/barrierefreiheit\/","og_locale":"de_DE","og_type":"article","og_title":"Barrierefreiheit - Lehrmittelverlag St. Gallen","og_description":"Barrierefreiheit - Der Lehrmittelverlag St.Gallen mit Sitz in Rorschach ist eine Abteilung des kantonalen Bildungsdepartements im Amt f\u00fcr Volksschule. Der Lehrmittelverlag St.Gallen ist die Verbindungsstelle zwischen Bildungspolitik und Lernmedien f\u00fcr die Volksschule.","og_url":"https:\/\/lehrmittelverlag.ch\/cms\/services\/barrierefreiheit\/","og_site_name":"Lehrmittelverlag St. Gallen","article_publisher":"https:\/\/www.facebook.com\/LehrmittelverlagSG\/","article_modified_time":"2025-02-04T10:04:29+00:00","og_image":[{"width":1200,"height":630,"url":"https:\/\/lehrmittelverlag.ch\/cms\/wp-content\/uploads\/2022\/11\/og-image-lmvsg.png","type":"image\/png"}],"twitter_card":"summary_large_image","twitter_site":"@Lehrmittel_SG","twitter_misc":{"Gesch\u00e4tzte Lesezeit":"4\u00a0Minuten"},"schema":{"@context":"https:\/\/schema.org","@graph":[{"@type":"WebPage","@id":"https:\/\/lehrmittelverlag.ch\/cms\/services\/barrierefreiheit\/","url":"https:\/\/lehrmittelverlag.ch\/cms\/services\/barrierefreiheit\/","name":"Barrierefreiheit - Lehrmittelverlag St. Gallen","isPartOf":{"@id":"https:\/\/lehrmittelverlag.ch\/cms\/#website"},"datePublished":"2024-12-19T13:57:56+00:00","dateModified":"2025-02-04T10:04:29+00:00","description":"Barrierefreiheit - Der Lehrmittelverlag St.Gallen mit Sitz in Rorschach ist eine Abteilung des kantonalen Bildungsdepartements im Amt f\u00fcr Volksschule. Der Lehrmittelverlag St.Gallen ist die Verbindungsstelle zwischen Bildungspolitik und Lernmedien f\u00fcr die Volksschule.","breadcrumb":{"@id":"https:\/\/lehrmittelverlag.ch\/cms\/services\/barrierefreiheit\/#breadcrumb"},"inLanguage":"de-CH","potentialAction":[{"@type":"ReadAction","target":["https:\/\/lehrmittelverlag.ch\/cms\/services\/barrierefreiheit\/"]}]},{"@type":"BreadcrumbList","@id":"https:\/\/lehrmittelverlag.ch\/cms\/services\/barrierefreiheit\/#breadcrumb","itemListElement":[{"@type":"ListItem","position":1,"name":"Shop","item":"\/"},{"@type":"ListItem","position":2,"name":"Services","item":"https:\/\/www.lehrmittelverlag.ch\/cms\/services\/"},{"@type":"ListItem","position":3,"name":"Barrierefreiheit"}]},{"@type":"WebSite","@id":"https:\/\/lehrmittelverlag.ch\/cms\/#website","url":"https:\/\/lehrmittelverlag.ch\/cms\/","name":"Lehrmittelverlag St. Gallen","description":"","publisher":{"@id":"https:\/\/lehrmittelverlag.ch\/cms\/#organization"},"potentialAction":[{"@type":"SearchAction","target":{"@type":"EntryPoint","urlTemplate":"https:\/\/lehrmittelverlag.ch\/cms\/?s={search_term_string}"},"query-input":{"@type":"PropertyValueSpecification","valueRequired":true,"valueName":"search_term_string"}}],"inLanguage":"de-CH"},{"@type":"Organization","@id":"https:\/\/lehrmittelverlag.ch\/cms\/#organization","name":"Lehrmittelverlag St. Gallen","url":"https:\/\/lehrmittelverlag.ch\/cms\/","logo":{"@type":"ImageObject","inLanguage":"de-CH","@id":"https:\/\/lehrmittelverlag.ch\/cms\/#\/schema\/logo\/image\/","url":"https:\/\/www.lehrmittelverlag.ch\/cms\/wp-content\/uploads\/2022\/11\/logo-lmvsg.png","contentUrl":"https:\/\/www.lehrmittelverlag.ch\/cms\/wp-content\/uploads\/2022\/11\/logo-lmvsg.png","width":899,"height":349,"caption":"Lehrmittelverlag St. Gallen"},"image":{"@id":"https:\/\/lehrmittelverlag.ch\/cms\/#\/schema\/logo\/image\/"},"sameAs":["https:\/\/www.facebook.com\/LehrmittelverlagSG\/","https:\/\/x.com\/Lehrmittel_SG"]}]}},"_links":{"self":[{"href":"https:\/\/lehrmittelverlag.ch\/cms\/wp-json\/wp\/v2\/pages\/3948","targetHints":{"allow":["GET"]}}],"collection":[{"href":"https:\/\/lehrmittelverlag.ch\/cms\/wp-json\/wp\/v2\/pages"}],"about":[{"href":"https:\/\/lehrmittelverlag.ch\/cms\/wp-json\/wp\/v2\/types\/page"}],"author":[{"embeddable":true,"href":"https:\/\/lehrmittelverlag.ch\/cms\/wp-json\/wp\/v2\/users\/8"}],"replies":[{"embeddable":true,"href":"https:\/\/lehrmittelverlag.ch\/cms\/wp-json\/wp\/v2\/comments?post=3948"}],"version-history":[{"count":27,"href":"https:\/\/lehrmittelverlag.ch\/cms\/wp-json\/wp\/v2\/pages\/3948\/revisions"}],"predecessor-version":[{"id":4394,"href":"https:\/\/lehrmittelverlag.ch\/cms\/wp-json\/wp\/v2\/pages\/3948\/revisions\/4394"}],"up":[{"embeddable":true,"href":"https:\/\/lehrmittelverlag.ch\/cms\/wp-json\/wp\/v2\/pages\/73"}],"wp:attachment":[{"href":"https:\/\/lehrmittelverlag.ch\/cms\/wp-json\/wp\/v2\/media?parent=3948"}],"curies":[{"name":"wp","href":"https:\/\/api.w.org\/{rel}","templated":true}]}}