{"id":3957,"date":"2025-01-27T08:15:37","date_gmt":"2025-01-27T07:15:37","guid":{"rendered":"https:\/\/www.lehrmittelverlag.ch\/cms\/?page_id=3957"},"modified":"2025-02-18T09:15:43","modified_gmt":"2025-02-18T08:15:43","slug":"lesestark","status":"publish","type":"page","link":"https:\/\/lehrmittelverlag.ch\/cms\/verlag\/verlagsprogramm\/lesestark\/","title":{"rendered":"Lesestark"},"content":{"rendered":"","protected":false},"excerpt":{"rendered":"","protected":false},"author":8,"featured_media":0,"parent":67,"menu_order":7,"comment_status":"closed","ping_status":"closed","template":"","meta":{"_acf_changed":false,"inline_featured_image":false,"footnotes":""},"class_list":["post-3957","page","type-page","status-publish","hentry"],"acf":{"inhaltselemente":[{"acf_fc_layout":"two_cols","two_cols_flex_content_col_one":[{"acf_fc_layout":"text_element","text_element_":null,"text_element_text_element_titel":"Alphabetisierung f\u00fcr fremdsprachige Jugendliche und Erwachsene","text_element_text_element_titel_typ":"2","text_element_text_element_titel_size":"5","text_element_text_element_titel_fake":false,"text_element_text_element_content":"Lesestark unterst\u00fctzt fremdsprachige Jugendliche und Erwachsene beim Lesen- und Schreibenlernen. Der Lehrgang baut auf Sprechbewegungsbilder, die die Mundstellungen der deutschen Sprechlaute darstellen. Er eignet sich f\u00fcr damit nicht nur f\u00fcr den DaZ-Unterricht, sondern auch zur (Wieder-)Alphabetisierung von Erwachsenen.\r\n\r\nDank der intensiven Lautschulung am Anfang des Lehrgangs, wird die Arbeit mit den Buchstaben erheblich erleichtert. Denn eine gute Lautdifferenzierung tr\u00e4gt wesentlich zu einer gefestigten Rechtschreibung bei. Der Lese\u2011 und Schreiberfolg ist verbl\u00fcffend. Das didaktische \u00abErfolgsgeheimnis\u00bb liegt in der festen Verankerung der Buchstaben in der gesprochenen Sprache.\r\n\r\n\u00abLesestark\u00bb bietet Lesetexte an, die wichtige Themen aus dem Umfeld der Lernenden aufgreifen. Die Themen sind in einer spannenden Geschichte in vier Kapiteln verpackt. Die Erz\u00e4hlung handelt von einer Familie mit ihren Freuden und Sorgen des t\u00e4glichen Lebens. Die Inhalte der Geschichte lassen sich den folgenden fide*\u2011Handlungsfeldern zuordnen: Wohnumgebung, Kinder, Arbeit, Medien und Freizeit, Eink\u00e4ufe, Post und Gesundheit.\r\n\r\nZu allen Themen bauen Bildkarten die wichtigsten Worte auf und erweitern den Wortschatz. Um den Bed\u00fcrfnissen von heterogenen Klassen gerecht zu werden, bietet Lesestark Unterrichtsmaterialien f\u00fcr den individualisierenden Unterricht an. Die Materialien gibt es in drei verschiedenen Schwierigkeitsgraden, so dass sie gezielt eingesetzt werden k\u00f6nnen.\r\n\r\n* F\u00f6rderung f\u00fcr sprachliche Integration von Migrantinnen und Migranten","text_element_text_element_text_size":"default"}],"two_cols_flex_content_col_two":[{"acf_fc_layout":"text_element","text_element_":null,"text_element_text_element_titel":"","text_element_text_element_titel_typ":"2","text_element_text_element_titel_size":"","text_element_text_element_titel_fake":false,"text_element_text_element_content":"<strong>Hinweis\r\n<\/strong>Wichtige Downloads und Zusatzmaterialien finden Sie unten auf dieser Seite.\r\n\r\n<strong>Autorin<\/strong>\r\nUrsula Rickli\r\n\r\n<a class=\"btn-arrow--up\" href=\"https:\/\/www.ursularickli.ch\/Meine-Lehrmittel\/Leseschlau\/mobile\/\" target=\"_blank\" rel=\"noopener\">www.ursularickli.ch<\/a>\r\n\r\n<strong>Lehrmittelberatung<\/strong>\r\nAndreas Hollenstein\r\n\r\n<a class=\"btn-arrow\" href=\"https:\/\/www.lehrmittelverlag.ch\/cms\/services\/lehrmittelberatung\/\" target=\"_blank\" rel=\"noopener\">Mehr erfahren<\/a>\r\n\r\n<strong>Support<\/strong>\r\nBei Fragen zum Webshop oder f\u00fcr medienp\u00e4dagogische Belange\r\n\r\n<a class=\"btn-arrow\" href=\"https:\/\/www.lehrmittelverlag.ch\/cms\/services\/support\/\" target=\"_blank\" rel=\"noopener\">Mehr erfahren<\/a>","text_element_text_element_text_size":"text-textnoserif"}],"two_cols_bgcolor":false,"two_cols_spaltenbreite":"two-third-one-third"},{"acf_fc_layout":"two_cols","two_cols_flex_content_col_one":[{"acf_fc_layout":"akkordeon_element","akkordeon_element_items":[{"acf_fc_layout":"akkordeon_element_items_item","akkordeon_element_items_item_titel_akkordeon_element_items_item_titel":"Bestandteile des Lehrmittels","akkordeon_element_items_item_content":[{"acf_fc_layout":"text_element","text_element_":null,"text_element_text_element_titel":"","text_element_text_element_titel_typ":"2","text_element_text_element_titel_size":"","text_element_text_element_titel_fake":false,"text_element_text_element_content":"Das Lehrmittel besteht aus folgenden Materialien:\r\n\r\n<strong>Grundlagen:<\/strong>\r\n<ul>\r\n \t<li><strong>Handbuch<\/strong>\r\nEinf\u00fchrung in die Methode, detaillierte Anregungen und Hinweise zur praktischen Arbeit im Unterricht<\/li>\r\n \t<li><strong>Lauttafeln \/ Lesekarten<\/strong>\r\nSprechbewegungsbilder, Bildkarten, Lautbildw\u00f6rter, Wortkarten, Spielw\u00fcrfel und Buchstabentafeln<\/li>\r\n<\/ul>\r\n<strong>Phase 1: <\/strong>Arbeit mit Sprechbewegungsbildern\r\n<ul>\r\n \t<li><strong>Arbeitsheft 1<\/strong> f\u00fcr die Lernenden<\/li>\r\n \t<li><b>Kopiervorlagen 1<\/b> mit Zusatzmaterial zur Binnendifferenzierung<\/li>\r\n<\/ul>\r\n<strong>Phase 2:\u00a0<\/strong>\u00dcbergang zu den Buchstaben\r\n<ul>\r\n \t<li><strong>Arbeitsheft 2<\/strong> f\u00fcr die Lernenden<\/li>\r\n \t<li><b>Kopiervorlagen 2<\/b> mit Zusatzmaterial zur Binnendifferenzierung<\/li>\r\n<\/ul>\r\n<strong>Phase 3: <\/strong>Arbeit mit Lesetexten\r\n<div class=\"clearFloating\">\r\n<ul>\r\n \t<li><strong>Arbeitsheft 3<\/strong> f\u00fcr die Lernenden<\/li>\r\n \t<li><b>Kopiervorlagen 3<\/b> mit Zusatzmaterial zur Binnendifferenzierung<\/li>\r\n<\/ul>\r\n<\/div>","text_element_text_element_text_size":"default"}]},{"acf_fc_layout":"akkordeon_element_items_item","akkordeon_element_items_item_titel_akkordeon_element_items_item_titel":"Lesen und Schreiben lernen in 3 Phasen","akkordeon_element_items_item_content":[{"acf_fc_layout":"text_element","text_element_":null,"text_element_text_element_titel":"","text_element_text_element_titel_typ":"2","text_element_text_element_titel_size":"","text_element_text_element_titel_fake":false,"text_element_text_element_content":"<strong>Phase 1: Arbeit mit den Lauttafeln<\/strong>\r\n\r\nIn der ersten Phase besch\u00e4ftigen sich die Lernenden ausschliesslich mit den deutschen Sprechlauten. Diese Auseinandersetzung ist u.a. deshalb ausserordentlich wichtig, weil die Lernenden \u2013 je nach Muttersprache \u2013 gewisse Laute gar nicht kennen. Sie reihen verschiedene Laute aneinander und lesen von den Mundstellungen ganze W\u00f6rter ab. Eine sichere Lautdifferenzierung ist Grundlage jedes sp\u00e4teren Lese-, Schreib- und Rechtschreiberfolgs.\r\n<div id=\"CM1515e13f3859a946b1571eae8_div\">\r\n<table id=\"CM1515e13f3859a946b1571eae8\" class=\"cm_table\">\r\n<tbody class=\"cm_table\">\r\n<tr class=\"cm_table cm_firstrow cm_lastrow\">\r\n<td class=\"cm_table cm_firstcol\"><\/td>\r\n<td class=\"cm_table\">\r\n<div class=\"clearFloating\"><\/div>\r\n<div id=\"widgetcontainer_HSTPTP_cm4all_com_widgets_Photo_4325524\" class=\"cm_widget cm4all_com_widgets_Photo cm_widget_inline_block_center cm-pixel-small\">\r\n<div class=\"cm_widget_anchor\"><a id=\"widgetanchor_HSTPTP_cm4all_com_widgets_Photo_4325524\" name=\"HSTPTP_cm4all_com_widgets_Photo_4325524\"><\/a><\/div>\r\n<img title=\"\" src=\"https:\/\/www.ursularickli.ch\/.cm4all\/iproc.php\/Tafel_M.jpg\/downsize_1280_0\/Tafel_M.jpg\" alt=\"\" width=\"100%\" \/>\r\n\r\n<\/div>\r\n&nbsp;<\/td>\r\n<td class=\"cm_table\">\r\n<div class=\"clearFloating\"><\/div>\r\n<div id=\"widgetcontainer_HSTPTP_cm4all_com_widgets_Photo_4325527\" class=\"cm_widget cm4all_com_widgets_Photo cm_widget_inline_block_center cm-pixel-small\">\r\n<div class=\"cm_widget_anchor\"><a id=\"widgetanchor_HSTPTP_cm4all_com_widgets_Photo_4325527\" name=\"HSTPTP_cm4all_com_widgets_Photo_4325527\"><\/a><\/div>\r\n<img title=\"\" src=\"https:\/\/www.ursularickli.ch\/.cm4all\/iproc.php\/Tafel_A.jpg\/downsize_1280_0\/Tafel_A.jpg\" alt=\"\" width=\"100%\" \/>\r\n\r\n<\/div><\/td>\r\n<td class=\"cm_table\">\r\n<div class=\"clearFloating\"><\/div>\r\n<div id=\"widgetcontainer_HSTPTP_cm4all_com_widgets_Photo_4325526\" class=\"cm_widget cm4all_com_widgets_Photo cm_widget_inline_block_center cm-pixel-small\">\r\n<div class=\"cm_widget_anchor\"><a id=\"widgetanchor_HSTPTP_cm4all_com_widgets_Photo_4325526\" name=\"HSTPTP_cm4all_com_widgets_Photo_4325526\"><\/a><\/div>\r\n<img title=\"\" src=\"https:\/\/www.ursularickli.ch\/.cm4all\/iproc.php\/Tafel_M.jpg\/downsize_1280_0\/Tafel_M.jpg\" alt=\"\" width=\"100%\" \/>\r\n\r\n<\/div><\/td>\r\n<td class=\"cm_table cm_lastcol\">\r\n<div class=\"clearFloating\"><\/div>\r\n<div id=\"widgetcontainer_HSTPTP_cm4all_com_widgets_Photo_4325528\" class=\"cm_widget cm4all_com_widgets_Photo cm_widget_inline_block_center cm-pixel-small\">\r\n<div class=\"cm_widget_anchor\"><a id=\"widgetanchor_HSTPTP_cm4all_com_widgets_Photo_4325528\" name=\"HSTPTP_cm4all_com_widgets_Photo_4325528\"><\/a><\/div>\r\n<img title=\"\" src=\"https:\/\/www.ursularickli.ch\/.cm4all\/iproc.php\/Tafel_A.jpg\/downsize_1280_0\/Tafel_A.jpg\" alt=\"\" width=\"100%\" \/>\r\n\r\n<\/div><\/td>\r\n<\/tr>\r\n<\/tbody>\r\n<\/table>\r\n<\/div>\r\nUm in dieser Phase individuell auf den Entwicklungsstand der Lernenden eingehen zu k\u00f6nnen, gibt es umfangreiche Arbeitsmaterialien, die nach drei Schwierigkeitsgraden abgestuft sind.\r\n\r\n<strong>Phase 2: \u00dcbergang zu den Buchstaben<\/strong>\r\n\r\nWenn die Lernenden die Laute anhand der Sprechbewegungsbilder kennen und auch W\u00f6rter legen k\u00f6nnen, wird jedem Laut die optische Gestalt des Buchstabens zugeordnet, d.h. am oberen Rand jeder Lauttafel wird der passende Grossbuchstabe befestigt. Das Auge verbindet automatisch den gesprochenen Laut mit dem dazugeh\u00f6rigen Schriftzeichen.\r\n<div id=\"CM151a63d0669a677a518498638_div\">\r\n<table id=\"CM151a63d0669a677a518498638\" class=\"cm_table\">\r\n<tbody class=\"cm_table\">\r\n<tr class=\"cm_table cm_firstrow cm_lastrow\">\r\n<td class=\"cm_table cm_firstcol\">&nbsp;\r\n\r\n&nbsp;<\/td>\r\n<td class=\"cm_table\">\r\n<div class=\"clearFloating\"><\/div>\r\n<div id=\"widgetcontainer_HSTPTP_cm4all_com_widgets_Photo_4339477\" class=\"cm_widget cm4all_com_widgets_Photo cm_widget_inline_block_center cm-pixel-small\">\r\n<div class=\"cm_widget_anchor\"><a id=\"widgetanchor_HSTPTP_cm4all_com_widgets_Photo_4339477\" name=\"HSTPTP_cm4all_com_widgets_Photo_4339477\"><\/a><\/div>\r\n<img title=\"\" src=\"https:\/\/www.ursularickli.ch\/.cm4all\/iproc.php\/Tafel_M%20im%20Kopf.jpg\/downsize_1280_0\/Tafel_M%20im%20Kopf.jpg\" alt=\"\" width=\"100%\" \/>\r\n\r\n<\/div><\/td>\r\n<td class=\"cm_table\">\r\n<div class=\"clearFloating\"><\/div>\r\n<div id=\"widgetcontainer_HSTPTP_cm4all_com_widgets_Photo_4325548\" class=\"cm_widget cm4all_com_widgets_Photo cm_widget_inline_block_center cm-pixel-small\">\r\n<div class=\"cm_widget_anchor\"><a id=\"widgetanchor_HSTPTP_cm4all_com_widgets_Photo_4325548\" name=\"HSTPTP_cm4all_com_widgets_Photo_4325548\"><\/a><\/div>\r\n<img title=\"\" src=\"https:\/\/www.ursularickli.ch\/.cm4all\/iproc.php\/Tafel_A%20im%20Kopf.jpg\/downsize_1280_0\/Tafel_A%20im%20Kopf.jpg\" alt=\"\" width=\"100%\" \/>\r\n\r\n<\/div><\/td>\r\n<td class=\"cm_table\">\r\n<div class=\"clearFloating\"><\/div>\r\n<div id=\"widgetcontainer_HSTPTP_cm4all_com_widgets_Photo_4339352\" class=\"cm_widget cm4all_com_widgets_Photo cm_widget_inline_block_center cm-pixel-small\">\r\n<div class=\"cm_widget_anchor\"><a id=\"widgetanchor_HSTPTP_cm4all_com_widgets_Photo_4339352\" name=\"HSTPTP_cm4all_com_widgets_Photo_4339352\"><\/a><\/div>\r\n<img title=\"\" src=\"https:\/\/www.ursularickli.ch\/.cm4all\/iproc.php\/Tafel_M%20im%20Kopf.jpg\/downsize_1280_0\/Tafel_M%20im%20Kopf.jpg\" alt=\"\" width=\"100%\" \/>\r\n\r\n<\/div><\/td>\r\n<td class=\"cm_table\">\r\n<div class=\"clearFloating\"><\/div>\r\n<div id=\"widgetcontainer_HSTPTP_cm4all_com_widgets_Photo_4339364\" class=\"cm_widget cm4all_com_widgets_Photo cm_widget_inline_block_center cm-pixel-small\">\r\n<div class=\"cm_widget_anchor\"><a id=\"widgetanchor_HSTPTP_cm4all_com_widgets_Photo_4339364\" name=\"HSTPTP_cm4all_com_widgets_Photo_4339364\"><\/a><\/div>\r\n<img title=\"\" src=\"https:\/\/www.ursularickli.ch\/.cm4all\/iproc.php\/Tafel_A%20im%20Kopf.jpg\/downsize_1280_0\/Tafel_A%20im%20Kopf.jpg\" alt=\"\" width=\"100%\" \/>\r\n\r\n<\/div><\/td>\r\n<td class=\"cm_table cm_lastcol\"><\/td>\r\n<\/tr>\r\n<\/tbody>\r\n<\/table>\r\n<\/div>\r\nNun werden W\u00f6rter und einfache S\u00e4tze mit Grossbuchstaben gelesen und das Schreiben der Buchstaben ge\u00fcbt. Vorerst schreiben die Lernenden nur die Grossbuchstaben, denn diese Formen unterscheiden sich explizit voneinander. Es k\u00f6nnen also keine Verwechslungen entstehen (wie z.B. b \/ d \/ p). Die Kleinbuchstaben folgen in der 3. Phase.<strong>\u00a0 \u00a0 \u00a0 \u00a0 \u00a0 \u00a0<\/strong>\r\n\r\n<strong>Phase 3: Arbeit mit Lesetexten<\/strong>\r\n\r\nJetzt sind die Lernenden in der Lage, die ersten Texte mit Gross- und Kleinbuchstaben zu lesen. Die Sprechbewegungsbilder werden nicht mehr gebraucht. Die Lesetexte greifen Themen auf, die f\u00fcr fremdsprachige Lernende von Interesse sind. In der Geschichte der Familie Ramos erhalten sie Einblicke in das t\u00e4gliche Leben einer Familie, die in der Schweiz wohnt.","text_element_text_element_text_size":"default"}]}]}],"two_cols_flex_content_col_two":null,"two_cols_bgcolor":false,"two_cols_spaltenbreite":"two-third-one-third"},{"acf_fc_layout":"one_col","one_col_flex_content_col_one":[{"acf_fc_layout":"text_img_element","text_img_element_text":null,"text_img_element_text_element_titel":"Lesestark","text_img_element_text_element_titel_typ":"3","text_img_element_text_element_titel_size":"","text_img_element_text_element_titel_fake":false,"text_img_element_text_element_content":"<p class=\"paragraph-noserif\"><strong>Deutsch \/ DaZ<\/strong>\r\n<strong>Sekundarstufe 7. \u2013 9. Klasse,\r\nErwachsene<\/strong><\/p>\r\nLesestark unterst\u00fctzt fremdsprachige Jugendliche und Erwachsene beim Lesen- und Schreibenlernen. Der Lehrgang baut auf Sprechbewegungsbilder, die die Mundstellungen der deutschen Sprechlaute darstellen.\r\n\r\n<a class=\"btn-arrow\" href=\"https:\/\/www.lehrmittelverlag.ch\/sortimentseiten\/lehrmittelreihen\/lesestark\/?filter=reihe,lesestark\" target=\"_blank\" rel=\"noopener\">Zum Shop<\/a>","text_img_element_bild":null,"text_img_element_image_element_image_element_image_element_image":4181,"text_img_element_image_element_image_element_image_element_lightbox":false,"text_img_element_events":null,"text_img_element_events_element_type_category_events_element_type_category_events_element_type_category":[],"text_img_element_events_element_topic_category_events_element_topic_category_events_element_topic_category":[],"text_img_element_events_element_amount_events_element_amount_events_element_amount":"","text_img_element_":null,"text_img_element_text_element_text_size":"default","text_img_element_text_img_element_spaltenbreite":"default","text_img_element_text_img_element_orientation":"default"}],"one_col_bgcolor":true},{"acf_fc_layout":"two_cols","two_cols_flex_content_col_one":[{"acf_fc_layout":"akkordeon_element","akkordeon_element_items":[{"acf_fc_layout":"akkordeon_element_items_item","akkordeon_element_items_item_titel_akkordeon_element_items_item_titel":"Weiterf\u00fchrender Link","akkordeon_element_items_item_content":[{"acf_fc_layout":"text_element","text_element_":null,"text_element_text_element_titel":"","text_element_text_element_titel_typ":"2","text_element_text_element_titel_size":"","text_element_text_element_titel_fake":false,"text_element_text_element_content":"Weitere Informationen finden Sie auf der Website der Autorin:\r\n\r\n<a class=\"btn-arrow--up\" href=\"https:\/\/www.ursularickli.ch\/Meine-Lehrmittel\/Leseschlau\/mobile\/\" target=\"_blank\" rel=\"noopener\">www.ursularickli.ch<\/a>","text_element_text_element_text_size":"default"}]},{"acf_fc_layout":"akkordeon_element_items_item","akkordeon_element_items_item_titel_akkordeon_element_items_item_titel":"Downloads","akkordeon_element_items_item_content":[{"acf_fc_layout":"text_element","text_element_":null,"text_element_text_element_titel":"","text_element_text_element_titel_typ":"2","text_element_text_element_titel_size":"","text_element_text_element_titel_fake":false,"text_element_text_element_content":"<a class=\"btn-download\" href=\"https:\/\/www.lehrmittelverlag.ch\/cms\/wp-content\/uploads\/2025\/01\/Farbenmemory_Lesestark.pdf\" target=\"_blank\" rel=\"noopener\">Farbenmemory<\/a>\r\n\r\n<a class=\"btn-download\" href=\"https:\/\/www.lehrmittelverlag.ch\/cms\/wp-content\/uploads\/2025\/01\/Fruechte_Gemuese_farbig_Lesestark.pdf\" target=\"_blank\" rel=\"noopener\">Fr\u00fcchte und Gem\u00fcse<\/a>","text_element_text_element_text_size":"default"}]}]}],"two_cols_flex_content_col_two":null,"two_cols_bgcolor":false,"two_cols_spaltenbreite":"two-third-one-third"}]},"yoast_head":"<!-- This site is optimized with the Yoast SEO plugin v27.3 - https:\/\/yoast.com\/product\/yoast-seo-wordpress\/ -->\n<title>Lesestark - Lehrmittelverlag St. Gallen<\/title>\n<meta name=\"description\" content=\"Lesestark unterst\u00fctzt fremdsprachige Jugendliche und Erwachsene beim Lesen- und Schreibenlernen. F\u00fcr DaZ und Alphabetisierung.\" \/>\n<meta name=\"robots\" content=\"index, follow, max-snippet:-1, max-image-preview:large, max-video-preview:-1\" \/>\n<link rel=\"canonical\" href=\"https:\/\/www.lehrmittelverlag.ch\/cms\/verlag\/verlagsprogramm\/lesestark\/\" \/>\n<meta property=\"og:locale\" content=\"de_DE\" \/>\n<meta property=\"og:type\" content=\"article\" \/>\n<meta property=\"og:title\" content=\"appolino\" \/>\n<meta property=\"og:description\" content=\"appolino - kindgerechte und didaktisch durchdachte Lern-Apps f\u00fcr Mathematik und Deutsch der ersten Schuljahre.\" \/>\n<meta property=\"og:url\" content=\"https:\/\/www.lehrmittelverlag.ch\/cms\/verlag\/verlagsprogramm\/lesestark\/\" \/>\n<meta property=\"og:site_name\" content=\"Lehrmittelverlag St. Gallen\" \/>\n<meta property=\"article:publisher\" content=\"https:\/\/www.facebook.com\/LehrmittelverlagSG\/\" \/>\n<meta property=\"article:modified_time\" content=\"2025-02-18T08:15:43+00:00\" \/>\n<meta property=\"og:image\" content=\"https:\/\/lehrmittelverlag.ch\/cms\/wp-content\/uploads\/2022\/11\/og-image-lmvsg.png\" \/>\n\t<meta property=\"og:image:width\" content=\"1200\" \/>\n\t<meta property=\"og:image:height\" content=\"630\" \/>\n\t<meta property=\"og:image:type\" content=\"image\/png\" \/>\n<meta name=\"twitter:card\" content=\"summary_large_image\" \/>\n<meta name=\"twitter:site\" content=\"@Lehrmittel_SG\" \/>\n<meta name=\"twitter:label1\" content=\"Gesch\u00e4tzte Lesezeit\" \/>\n\t<meta name=\"twitter:data1\" content=\"6\u00a0Minuten\" \/>\n<script type=\"application\/ld+json\" class=\"yoast-schema-graph\">{\"@context\":\"https:\\\/\\\/schema.org\",\"@graph\":[{\"@type\":\"WebPage\",\"@id\":\"https:\\\/\\\/www.lehrmittelverlag.ch\\\/cms\\\/verlag\\\/verlagsprogramm\\\/lesestark\\\/\",\"url\":\"https:\\\/\\\/www.lehrmittelverlag.ch\\\/cms\\\/verlag\\\/verlagsprogramm\\\/lesestark\\\/\",\"name\":\"Lesestark - Lehrmittelverlag St. Gallen\",\"isPartOf\":{\"@id\":\"https:\\\/\\\/www.lehrmittelverlag.ch\\\/cms\\\/#website\"},\"datePublished\":\"2025-01-27T07:15:37+00:00\",\"dateModified\":\"2025-02-18T08:15:43+00:00\",\"description\":\"Lesestark unterst\u00fctzt fremdsprachige Jugendliche und Erwachsene beim Lesen- und Schreibenlernen. F\u00fcr DaZ und Alphabetisierung.\",\"breadcrumb\":{\"@id\":\"https:\\\/\\\/www.lehrmittelverlag.ch\\\/cms\\\/verlag\\\/verlagsprogramm\\\/lesestark\\\/#breadcrumb\"},\"inLanguage\":\"de-CH\",\"potentialAction\":[{\"@type\":\"ReadAction\",\"target\":[\"https:\\\/\\\/www.lehrmittelverlag.ch\\\/cms\\\/verlag\\\/verlagsprogramm\\\/lesestark\\\/\"]}]},{\"@type\":\"BreadcrumbList\",\"@id\":\"https:\\\/\\\/www.lehrmittelverlag.ch\\\/cms\\\/verlag\\\/verlagsprogramm\\\/lesestark\\\/#breadcrumb\",\"itemListElement\":[{\"@type\":\"ListItem\",\"position\":1,\"name\":\"Shop\",\"item\":\"\\\/\"},{\"@type\":\"ListItem\",\"position\":2,\"name\":\"Verlag\",\"item\":\"https:\\\/\\\/www.lehrmittelverlag.ch\\\/cms\\\/verlag\\\/\"},{\"@type\":\"ListItem\",\"position\":3,\"name\":\"Verlagsprogramm\",\"item\":\"https:\\\/\\\/www.lehrmittelverlag.ch\\\/cms\\\/verlag\\\/verlagsprogramm\\\/\"},{\"@type\":\"ListItem\",\"position\":4,\"name\":\"Lesestark\"}]},{\"@type\":\"WebSite\",\"@id\":\"https:\\\/\\\/www.lehrmittelverlag.ch\\\/cms\\\/#website\",\"url\":\"https:\\\/\\\/www.lehrmittelverlag.ch\\\/cms\\\/\",\"name\":\"Lehrmittelverlag St. Gallen\",\"description\":\"\",\"publisher\":{\"@id\":\"https:\\\/\\\/www.lehrmittelverlag.ch\\\/cms\\\/#organization\"},\"potentialAction\":[{\"@type\":\"SearchAction\",\"target\":{\"@type\":\"EntryPoint\",\"urlTemplate\":\"https:\\\/\\\/www.lehrmittelverlag.ch\\\/cms\\\/?s={search_term_string}\"},\"query-input\":{\"@type\":\"PropertyValueSpecification\",\"valueRequired\":true,\"valueName\":\"search_term_string\"}}],\"inLanguage\":\"de-CH\"},{\"@type\":\"Organization\",\"@id\":\"https:\\\/\\\/www.lehrmittelverlag.ch\\\/cms\\\/#organization\",\"name\":\"Lehrmittelverlag St. Gallen\",\"url\":\"https:\\\/\\\/www.lehrmittelverlag.ch\\\/cms\\\/\",\"logo\":{\"@type\":\"ImageObject\",\"inLanguage\":\"de-CH\",\"@id\":\"https:\\\/\\\/www.lehrmittelverlag.ch\\\/cms\\\/#\\\/schema\\\/logo\\\/image\\\/\",\"url\":\"https:\\\/\\\/www.lehrmittelverlag.ch\\\/cms\\\/wp-content\\\/uploads\\\/2022\\\/11\\\/logo-lmvsg.png\",\"contentUrl\":\"https:\\\/\\\/www.lehrmittelverlag.ch\\\/cms\\\/wp-content\\\/uploads\\\/2022\\\/11\\\/logo-lmvsg.png\",\"width\":899,\"height\":349,\"caption\":\"Lehrmittelverlag St. Gallen\"},\"image\":{\"@id\":\"https:\\\/\\\/www.lehrmittelverlag.ch\\\/cms\\\/#\\\/schema\\\/logo\\\/image\\\/\"},\"sameAs\":[\"https:\\\/\\\/www.facebook.com\\\/LehrmittelverlagSG\\\/\",\"https:\\\/\\\/x.com\\\/Lehrmittel_SG\"]}]}<\/script>\n<!-- \/ Yoast SEO plugin. -->","yoast_head_json":{"title":"Lesestark - Lehrmittelverlag St. Gallen","description":"Lesestark unterst\u00fctzt fremdsprachige Jugendliche und Erwachsene beim Lesen- und Schreibenlernen. F\u00fcr DaZ und Alphabetisierung.","robots":{"index":"index","follow":"follow","max-snippet":"max-snippet:-1","max-image-preview":"max-image-preview:large","max-video-preview":"max-video-preview:-1"},"canonical":"https:\/\/www.lehrmittelverlag.ch\/cms\/verlag\/verlagsprogramm\/lesestark\/","og_locale":"de_DE","og_type":"article","og_title":"appolino","og_description":"appolino - kindgerechte und didaktisch durchdachte Lern-Apps f\u00fcr Mathematik und Deutsch der ersten Schuljahre.","og_url":"https:\/\/www.lehrmittelverlag.ch\/cms\/verlag\/verlagsprogramm\/lesestark\/","og_site_name":"Lehrmittelverlag St. Gallen","article_publisher":"https:\/\/www.facebook.com\/LehrmittelverlagSG\/","article_modified_time":"2025-02-18T08:15:43+00:00","og_image":[{"width":1200,"height":630,"url":"https:\/\/lehrmittelverlag.ch\/cms\/wp-content\/uploads\/2022\/11\/og-image-lmvsg.png","type":"image\/png"}],"twitter_card":"summary_large_image","twitter_site":"@Lehrmittel_SG","twitter_misc":{"Gesch\u00e4tzte Lesezeit":"6\u00a0Minuten"},"schema":{"@context":"https:\/\/schema.org","@graph":[{"@type":"WebPage","@id":"https:\/\/www.lehrmittelverlag.ch\/cms\/verlag\/verlagsprogramm\/lesestark\/","url":"https:\/\/www.lehrmittelverlag.ch\/cms\/verlag\/verlagsprogramm\/lesestark\/","name":"Lesestark - Lehrmittelverlag St. Gallen","isPartOf":{"@id":"https:\/\/www.lehrmittelverlag.ch\/cms\/#website"},"datePublished":"2025-01-27T07:15:37+00:00","dateModified":"2025-02-18T08:15:43+00:00","description":"Lesestark unterst\u00fctzt fremdsprachige Jugendliche und Erwachsene beim Lesen- und Schreibenlernen. F\u00fcr DaZ und Alphabetisierung.","breadcrumb":{"@id":"https:\/\/www.lehrmittelverlag.ch\/cms\/verlag\/verlagsprogramm\/lesestark\/#breadcrumb"},"inLanguage":"de-CH","potentialAction":[{"@type":"ReadAction","target":["https:\/\/www.lehrmittelverlag.ch\/cms\/verlag\/verlagsprogramm\/lesestark\/"]}]},{"@type":"BreadcrumbList","@id":"https:\/\/www.lehrmittelverlag.ch\/cms\/verlag\/verlagsprogramm\/lesestark\/#breadcrumb","itemListElement":[{"@type":"ListItem","position":1,"name":"Shop","item":"\/"},{"@type":"ListItem","position":2,"name":"Verlag","item":"https:\/\/www.lehrmittelverlag.ch\/cms\/verlag\/"},{"@type":"ListItem","position":3,"name":"Verlagsprogramm","item":"https:\/\/www.lehrmittelverlag.ch\/cms\/verlag\/verlagsprogramm\/"},{"@type":"ListItem","position":4,"name":"Lesestark"}]},{"@type":"WebSite","@id":"https:\/\/www.lehrmittelverlag.ch\/cms\/#website","url":"https:\/\/www.lehrmittelverlag.ch\/cms\/","name":"Lehrmittelverlag St. Gallen","description":"","publisher":{"@id":"https:\/\/www.lehrmittelverlag.ch\/cms\/#organization"},"potentialAction":[{"@type":"SearchAction","target":{"@type":"EntryPoint","urlTemplate":"https:\/\/www.lehrmittelverlag.ch\/cms\/?s={search_term_string}"},"query-input":{"@type":"PropertyValueSpecification","valueRequired":true,"valueName":"search_term_string"}}],"inLanguage":"de-CH"},{"@type":"Organization","@id":"https:\/\/www.lehrmittelverlag.ch\/cms\/#organization","name":"Lehrmittelverlag St. Gallen","url":"https:\/\/www.lehrmittelverlag.ch\/cms\/","logo":{"@type":"ImageObject","inLanguage":"de-CH","@id":"https:\/\/www.lehrmittelverlag.ch\/cms\/#\/schema\/logo\/image\/","url":"https:\/\/www.lehrmittelverlag.ch\/cms\/wp-content\/uploads\/2022\/11\/logo-lmvsg.png","contentUrl":"https:\/\/www.lehrmittelverlag.ch\/cms\/wp-content\/uploads\/2022\/11\/logo-lmvsg.png","width":899,"height":349,"caption":"Lehrmittelverlag St. Gallen"},"image":{"@id":"https:\/\/www.lehrmittelverlag.ch\/cms\/#\/schema\/logo\/image\/"},"sameAs":["https:\/\/www.facebook.com\/LehrmittelverlagSG\/","https:\/\/x.com\/Lehrmittel_SG"]}]}},"_links":{"self":[{"href":"https:\/\/lehrmittelverlag.ch\/cms\/wp-json\/wp\/v2\/pages\/3957","targetHints":{"allow":["GET"]}}],"collection":[{"href":"https:\/\/lehrmittelverlag.ch\/cms\/wp-json\/wp\/v2\/pages"}],"about":[{"href":"https:\/\/lehrmittelverlag.ch\/cms\/wp-json\/wp\/v2\/types\/page"}],"author":[{"embeddable":true,"href":"https:\/\/lehrmittelverlag.ch\/cms\/wp-json\/wp\/v2\/users\/8"}],"replies":[{"embeddable":true,"href":"https:\/\/lehrmittelverlag.ch\/cms\/wp-json\/wp\/v2\/comments?post=3957"}],"version-history":[{"count":10,"href":"https:\/\/lehrmittelverlag.ch\/cms\/wp-json\/wp\/v2\/pages\/3957\/revisions"}],"predecessor-version":[{"id":4490,"href":"https:\/\/lehrmittelverlag.ch\/cms\/wp-json\/wp\/v2\/pages\/3957\/revisions\/4490"}],"up":[{"embeddable":true,"href":"https:\/\/lehrmittelverlag.ch\/cms\/wp-json\/wp\/v2\/pages\/67"}],"wp:attachment":[{"href":"https:\/\/lehrmittelverlag.ch\/cms\/wp-json\/wp\/v2\/media?parent=3957"}],"curies":[{"name":"wp","href":"https:\/\/api.w.org\/{rel}","templated":true}]}}