{"id":3959,"date":"2025-01-27T08:15:24","date_gmt":"2025-01-27T07:15:24","guid":{"rendered":"https:\/\/www.lehrmittelverlag.ch\/cms\/?page_id=3959"},"modified":"2025-02-18T09:15:06","modified_gmt":"2025-02-18T08:15:06","slug":"hoerschlau","status":"publish","type":"page","link":"https:\/\/lehrmittelverlag.ch\/cms\/verlag\/verlagsprogramm\/hoerschlau\/","title":{"rendered":"H\u00f6rschlau"},"content":{"rendered":"","protected":false},"excerpt":{"rendered":"","protected":false},"author":8,"featured_media":0,"parent":67,"menu_order":7,"comment_status":"closed","ping_status":"closed","template":"","meta":{"_acf_changed":false,"inline_featured_image":false,"footnotes":""},"class_list":["post-3959","page","type-page","status-publish","hentry"],"acf":{"inhaltselemente":[{"acf_fc_layout":"two_cols","two_cols_flex_content_col_one":[{"acf_fc_layout":"text_element","text_element_":null,"text_element_text_element_titel":"Lernspiele zur phonologischen Bewusstheit f\u00fcr den Kindergarten","text_element_text_element_titel_typ":"2","text_element_text_element_titel_size":"5","text_element_text_element_titel_fake":false,"text_element_text_element_content":"Wenn Kinder spielen, lernen sie gleichzeitig. Ihre Aktivit\u00e4ten werden dabei in erster Linie von ihren Interessen und der Motivation geleitet, die eigenen F\u00e4higkeiten zu erproben und zu erweitern. Im Spiel k\u00f6nnen sich viele Kinder \u00fcber eine lange Zeitspanne in eine Aufgabe vertiefen, eine hohe Konzentration aufrechterhalten und spezifisches Wissen erwerben. Dabei erleben Kinder Spielen und Lernen als Einheit.\r\n\r\nDas Lehrmittel umfasst drei Werkst\u00e4tten mit lustvollen Spielen zu den Themen Reime, Silben und Laute, die im 2. Kindergartenjahr eingesetzt werden k\u00f6nnen. Die Werkst\u00e4tten bauen aufeinander auf. Zuerst wird die phonologische Bewusstheit im weiteren Sinne ge\u00fcbt (Reime, Silben) und erst am Schluss besch\u00e4ftigen sich die Kinder mit der phonologischen Bewusstheit im engeren Sinne, also mit den Lauten. In jedem Band werden einleitend Spiele angeboten, welche die Kinder ins Thema einf\u00fchren und gemeinsam mit der Lehrperson im Stuhlkreis gespielt werden. Danach k\u00f6nnen sich die Kinder bei der Werkstattarbeit selbst\u00e4ndig in das Thema vertiefen.","text_element_text_element_text_size":"default"}],"two_cols_flex_content_col_two":[{"acf_fc_layout":"text_element","text_element_":null,"text_element_text_element_titel":"","text_element_text_element_titel_typ":"2","text_element_text_element_titel_size":"","text_element_text_element_titel_fake":false,"text_element_text_element_content":"<strong>Hinweis\r\n<\/strong>Wichtige Downloads und Zusatzmaterialien finden Sie unten auf dieser Seite.\r\n\r\n<strong>Autorin<\/strong>\r\nUrsula Rickli\r\n\r\n<a class=\"btn-arrow--up\" href=\"https:\/\/www.ursularickli.ch\/Meine-Lehrmittel\/Leseschlau\/mobile\/\" target=\"_blank\" rel=\"noopener\">www.ursularickli.ch<\/a>\r\n\r\n<strong>Lehrmittelberatung<\/strong>\r\nAndreas Hollenstein\r\n\r\n<a class=\"btn-arrow\" href=\"https:\/\/www.lehrmittelverlag.ch\/cms\/services\/lehrmittelberatung\/\" target=\"_blank\" rel=\"noopener\">Mehr erfahren<\/a>\r\n\r\n<strong>Support<\/strong>\r\nBei Fragen zum Webshop oder f\u00fcr medienp\u00e4dagogische Belange\r\n\r\n<a class=\"btn-arrow\" href=\"https:\/\/www.lehrmittelverlag.ch\/cms\/services\/support\/\" target=\"_blank\" rel=\"noopener\">Mehr erfahren<\/a>","text_element_text_element_text_size":"text-textnoserif"}],"two_cols_bgcolor":false,"two_cols_spaltenbreite":"two-third-one-third"},{"acf_fc_layout":"two_cols","two_cols_flex_content_col_one":[{"acf_fc_layout":"akkordeon_element","akkordeon_element_items":[{"acf_fc_layout":"akkordeon_element_items_item","akkordeon_element_items_item_titel_akkordeon_element_items_item_titel":"Einsatz im Unterricht","akkordeon_element_items_item_content":[{"acf_fc_layout":"text_element","text_element_":null,"text_element_text_element_titel":"","text_element_text_element_titel_typ":"2","text_element_text_element_titel_size":"","text_element_text_element_titel_fake":false,"text_element_text_element_content":"<strong>Informationen f\u00fcr die Lehrperson<\/strong>\r\nSie erhalten Informationen zur phonologischen Bewusstheit, zur Arbeit mit Werkst\u00e4tten, Hinweise zur Durchf\u00fchrung, eine \u00dcbersicht aller verwendeten Illustrationen (bzw. W\u00f6rter) und Anleitungen zu den einzelnen Spielen. Jeder Band enth\u00e4lt je 15 Posten\/Spiele.\r\n\r\n<strong>Die Werkstatt als Spiel- und Lernform<\/strong>\r\nDer Werkstattunterricht bietet sich als eine ideale Arbeitsform an, denn es werden nebst den fachlichen auch \u00fcberfachliche Kompetenzen gef\u00f6rdert: Die verschiedenen Spiele wecken das Interesse der Kinder. Sie k\u00f6nnen selbst\u00e4ndig ein Spiel ausw\u00e4hlen. Durch die Erfolgserlebnisse beim Spielen wird ihre Selbstsicherheit gest\u00e4rkt. Bei Partner- oder Gruppenspielen \u00fcben die Kinder Dialog- und Kooperationsf\u00e4higkeit, Toleranz, Konfliktf\u00e4higkeit, Kompromissf\u00e4higkeit und den respektvollen Umgang mit anderen Menschen. Beim Ausw\u00e4hlen der Spiele, die in verschiedenen Schwierigkeitsgraden angeboten werden, \u00fcben die Kinder sich selbst einzusch\u00e4tzen. (vgl. Lehrplan 21, \u00dcberfachliche Kompetenzen)\r\n\r\n<strong>Anwenderfreundlichkeit<\/strong>\r\nAlle Spielmaterialien sind farbig gestaltet, gebrauchsfertig ausgearbeitet und laminiert. Sie m\u00fcssen von der Lehrperson nur noch unter die Schneidmaschine gelegt werden, was eine grosse Zeitersparnis darstellt.\r\n\r\n<strong>Spielformen<\/strong>\r\nH\u00fcpfspiel, Fischerspiel, Puzzle, Zusammensetzspiel, W\u00fcrfelspiel, Domino, Memory, Lotto, Briefkastenspiel, Gegenst\u00e4nde im Korb, Brettspiel, Arbeitsbl\u00e4tter","text_element_text_element_text_size":"default"}]},{"acf_fc_layout":"akkordeon_element_items_item","akkordeon_element_items_item_titel_akkordeon_element_items_item_titel":"Differenzierung und DaZ","akkordeon_element_items_item_content":[{"acf_fc_layout":"text_element","text_element_":null,"text_element_text_element_titel":"","text_element_text_element_titel_typ":"2","text_element_text_element_titel_size":"","text_element_text_element_titel_fake":false,"text_element_text_element_content":"Die Spielangebote sind vielf\u00e4ltig, lustbetont und kindergartengerecht. Sie weisen drei verschiedene Schwierigkeitsgrade auf, so dass sich die Kinder \u2013 ihrem Entwicklungsstand entsprechend \u2013 in das Thema vertiefen, und in ihrem eigenen Tempo arbeiten k\u00f6nnen. Dabei werden verschiedene Lerntypen (motorischer, kommunikativer, visueller, auditiver Lerntyp) angesprochen, was den Kindergarten-Kindern erm\u00f6glicht, sich auf ihre ganz individuelle Weise \u2013 im Spiel \u2013 mit dem Thema auseinanderzusetzen.\r\n\r\n<strong>Wortschatzaufbau f\u00fcr fremdsprachige Kinder<\/strong>\r\nBei den verschiedenen Spielen kommen immer wieder die gleichen, gut erkennbaren Illustrationen vor. Fremdsprachige Kinder k\u00f6nnen anhand dieser Materialien ihren Wortschatz aufbauen und erweitern.","text_element_text_element_text_size":"default"}]},{"acf_fc_layout":"akkordeon_element_items_item","akkordeon_element_items_item_titel_akkordeon_element_items_item_titel":"Zusatzmaterial","akkordeon_element_items_item_content":[{"acf_fc_layout":"text_img_element","text_element_text_element_titel":"","text_element_text_element_titel_typ":"2","text_element_text_element_titel_size":"","text_element_text_element_titel_fake":false,"text_element_text_element_content":"<strong>H\u00f6rsticker f\u00fcr die Spiele zur Reim-, Silben- und Laute-Werkstatt\r\n<\/strong>Die soundolino-Soundsticker werden auf die bestehenden Bilder der Lernspiele geklebt. Das Kind tippt mit dem H\u00f6rstift auf den Sticker und h\u00f6rt das entsprechende Wort. Der H\u00f6rstift hilft dem Kind, die Namen der Bilder zu lernen und auf diese Weise spielerisch seinen Wortschatz aufzubauen und zu erweitern. Die Sticker sind mit Tiptoi- oder BOOKii-Stiften kompatibel.\r\n\r\n<strong>W\u00fcrfelset mit Lautbildern<\/strong>\r\nZwei Holzw\u00fcrfel mit 4 cm Seitenl\u00e4nge und abgerundeten Ecken. Schweizer Holz, in praktischem Baumwoll-S\u00e4cklein (Fairtrade). Die beiden W\u00fcrfel entsprechen den Anlautw\u00fcrfeln zum Selberbasteln aus der H\u00f6rschlau Laute-Werkstatt.","image_element_image_element_image":4324,"image_element_image_element_lightbox":false,"text_element_text_size":"default","text_img_element_spaltenbreite":"two-third-one-third","text_img_element_orientation":"default"}]}]}],"two_cols_flex_content_col_two":null,"two_cols_bgcolor":false,"two_cols_spaltenbreite":"two-third-one-third"},{"acf_fc_layout":"one_col","one_col_flex_content_col_one":[{"acf_fc_layout":"text_img_element","text_img_element_text":null,"text_img_element_text_element_titel":"H\u00f6rschlau","text_img_element_text_element_titel_typ":"3","text_img_element_text_element_titel_size":"","text_img_element_text_element_titel_fake":false,"text_img_element_text_element_content":"<p class=\"paragraph-noserif\"><strong>Deutsch \/ DaZ<\/strong>\r\n<strong>Kindergarten<\/strong><\/p>\r\nDas Lehrmittel umfasst drei Werkst\u00e4tten mit lustvollen Spielen zu den Themen Reime, Silben und Laute, die im 2.Kindergartenjahr eingesetzt werden k\u00f6nnen.\r\n\r\n<a class=\"btn-arrow\" href=\"https:\/\/www.lehrmittelverlag.ch\/suche?search=h%C3%B6rschlau\" target=\"_blank\" rel=\"noopener\">Zum Shop<\/a>","text_img_element_bild":null,"text_img_element_image_element_image_element_image_element_image":4321,"text_img_element_image_element_image_element_image_element_lightbox":true,"text_img_element_events":null,"text_img_element_events_element_type_category_events_element_type_category_events_element_type_category":[],"text_img_element_events_element_topic_category_events_element_topic_category_events_element_topic_category":[],"text_img_element_events_element_amount_events_element_amount_events_element_amount":"","text_img_element_":null,"text_img_element_text_element_text_size":"default","text_img_element_text_img_element_spaltenbreite":"default","text_img_element_text_img_element_orientation":"default"}],"one_col_bgcolor":true},{"acf_fc_layout":"two_cols","two_cols_flex_content_col_one":[{"acf_fc_layout":"akkordeon_element","akkordeon_element_items":[{"acf_fc_layout":"akkordeon_element_items_item","akkordeon_element_items_item_titel_akkordeon_element_items_item_titel":"Weiterf\u00fchrende Links","akkordeon_element_items_item_content":[{"acf_fc_layout":"text_element","text_element_":null,"text_element_text_element_titel":"","text_element_text_element_titel_typ":"2","text_element_text_element_titel_size":"","text_element_text_element_titel_fake":false,"text_element_text_element_content":"Weitere Informationen finden Sie auf der Website der Autorin:\r\n\r\n<a class=\"btn-arrow--up\" href=\"https:\/\/www.ursularickli.ch\/Meine-Lehrmittel\/Leseschlau\/mobile\/\" target=\"_blank\" rel=\"noopener\">www.ursularickli.ch<\/a>\r\n\r\nAnleitungen und Informationen zu den soundolino-Soundstickern finden Sie hier:\r\n\r\n<a class=\"btn-arrow--up\" href=\"http:\/\/www.soundolino.ch\" target=\"_blank\" rel=\"noopener\">www.soundolino.ch<\/a>","text_element_text_element_text_size":"default"}]},{"acf_fc_layout":"akkordeon_element_items_item","akkordeon_element_items_item_titel_akkordeon_element_items_item_titel":"Downloads","akkordeon_element_items_item_content":[{"acf_fc_layout":"text_element","text_element_":null,"text_element_text_element_titel":"","text_element_text_element_titel_typ":"2","text_element_text_element_titel_size":"","text_element_text_element_titel_fake":false,"text_element_text_element_content":"<a class=\"btn-download\" href=\"https:\/\/www.lehrmittelverlag.ch\/cms\/wp-content\/uploads\/2025\/01\/Hoerschlau_Kompetenzaufbau_LP21_Raster_Deutsch.pdf\" target=\"_blank\" rel=\"noopener\">Kompetenzraster Lehrplan 21<\/a>\r\n\r\n<strong>Reime-Werkstatt<\/strong>\r\n<a class=\"btn-download\" href=\"https:\/\/www.lehrmittelverlag.ch\/cms\/wp-content\/uploads\/2025\/01\/Hoerschlau_Reime-hoeren.zip\" target=\"_blank\" rel=\"noopener\">Posten 2: Reime h\u00f6ren<\/a>\r\n\r\n<strong>Laute-Werkstatt<\/strong>\r\n<a class=\"btn-download\" href=\"https:\/\/www.lehrmittelverlag.ch\/cms\/wp-content\/uploads\/2023\/03\/Hoerschlau_Robotersprache.zip\" target=\"_blank\" rel=\"noopener\">Posten 13: Robotersprache<\/a>","text_element_text_element_text_size":"default"}]}]}],"two_cols_flex_content_col_two":null,"two_cols_bgcolor":false,"two_cols_spaltenbreite":"two-third-one-third"}]},"yoast_head":"<!-- This site is optimized with the Yoast SEO plugin v27.3 - https:\/\/yoast.com\/product\/yoast-seo-wordpress\/ -->\n<title>H\u00f6rschlau - Lehrmittelverlag St. Gallen<\/title>\n<meta name=\"description\" content=\"H\u00f6rschlau umfasst drei Werkst\u00e4tten mit lustvollen Spielen zu den Themen Reime, Silben und Laute, die im 2. Kindergartenjahr eingesetzt werden.\" \/>\n<meta name=\"robots\" content=\"index, follow, max-snippet:-1, max-image-preview:large, max-video-preview:-1\" \/>\n<link rel=\"canonical\" href=\"https:\/\/lizenz.lehrmittelverlag.ch\/cms\/verlag\/verlagsprogramm\/hoerschlau\/\" \/>\n<meta property=\"og:locale\" content=\"de_DE\" \/>\n<meta property=\"og:type\" content=\"article\" \/>\n<meta property=\"og:title\" content=\"appolino\" \/>\n<meta property=\"og:description\" content=\"appolino - kindgerechte und didaktisch durchdachte Lern-Apps f\u00fcr Mathematik und Deutsch der ersten Schuljahre.\" \/>\n<meta property=\"og:url\" content=\"https:\/\/lizenz.lehrmittelverlag.ch\/cms\/verlag\/verlagsprogramm\/hoerschlau\/\" \/>\n<meta property=\"og:site_name\" content=\"Lehrmittelverlag St. Gallen\" \/>\n<meta property=\"article:publisher\" content=\"https:\/\/www.facebook.com\/LehrmittelverlagSG\/\" \/>\n<meta property=\"article:modified_time\" content=\"2025-02-18T08:15:06+00:00\" \/>\n<meta property=\"og:image\" content=\"https:\/\/lehrmittelverlag.ch\/cms\/wp-content\/uploads\/2022\/11\/og-image-lmvsg.png\" \/>\n\t<meta property=\"og:image:width\" content=\"1200\" \/>\n\t<meta property=\"og:image:height\" content=\"630\" \/>\n\t<meta property=\"og:image:type\" content=\"image\/png\" \/>\n<meta name=\"twitter:card\" content=\"summary_large_image\" \/>\n<meta name=\"twitter:site\" content=\"@Lehrmittel_SG\" \/>\n<meta name=\"twitter:label1\" content=\"Gesch\u00e4tzte Lesezeit\" \/>\n\t<meta name=\"twitter:data1\" content=\"4\u00a0Minuten\" \/>\n<script type=\"application\/ld+json\" class=\"yoast-schema-graph\">{\"@context\":\"https:\\\/\\\/schema.org\",\"@graph\":[{\"@type\":\"WebPage\",\"@id\":\"https:\\\/\\\/lizenz.lehrmittelverlag.ch\\\/cms\\\/verlag\\\/verlagsprogramm\\\/hoerschlau\\\/\",\"url\":\"https:\\\/\\\/lizenz.lehrmittelverlag.ch\\\/cms\\\/verlag\\\/verlagsprogramm\\\/hoerschlau\\\/\",\"name\":\"H\u00f6rschlau - Lehrmittelverlag St. Gallen\",\"isPartOf\":{\"@id\":\"https:\\\/\\\/www.lehrmittelverlag.ch\\\/cms\\\/#website\"},\"datePublished\":\"2025-01-27T07:15:24+00:00\",\"dateModified\":\"2025-02-18T08:15:06+00:00\",\"description\":\"H\u00f6rschlau umfasst drei Werkst\u00e4tten mit lustvollen Spielen zu den Themen Reime, Silben und Laute, die im 2. Kindergartenjahr eingesetzt werden.\",\"breadcrumb\":{\"@id\":\"https:\\\/\\\/lizenz.lehrmittelverlag.ch\\\/cms\\\/verlag\\\/verlagsprogramm\\\/hoerschlau\\\/#breadcrumb\"},\"inLanguage\":\"de-CH\",\"potentialAction\":[{\"@type\":\"ReadAction\",\"target\":[\"https:\\\/\\\/lizenz.lehrmittelverlag.ch\\\/cms\\\/verlag\\\/verlagsprogramm\\\/hoerschlau\\\/\"]}]},{\"@type\":\"BreadcrumbList\",\"@id\":\"https:\\\/\\\/lizenz.lehrmittelverlag.ch\\\/cms\\\/verlag\\\/verlagsprogramm\\\/hoerschlau\\\/#breadcrumb\",\"itemListElement\":[{\"@type\":\"ListItem\",\"position\":1,\"name\":\"Shop\",\"item\":\"\\\/\"},{\"@type\":\"ListItem\",\"position\":2,\"name\":\"Verlag\",\"item\":\"https:\\\/\\\/www.lehrmittelverlag.ch\\\/cms\\\/verlag\\\/\"},{\"@type\":\"ListItem\",\"position\":3,\"name\":\"Verlagsprogramm\",\"item\":\"https:\\\/\\\/www.lehrmittelverlag.ch\\\/cms\\\/verlag\\\/verlagsprogramm\\\/\"},{\"@type\":\"ListItem\",\"position\":4,\"name\":\"H\u00f6rschlau\"}]},{\"@type\":\"WebSite\",\"@id\":\"https:\\\/\\\/www.lehrmittelverlag.ch\\\/cms\\\/#website\",\"url\":\"https:\\\/\\\/www.lehrmittelverlag.ch\\\/cms\\\/\",\"name\":\"Lehrmittelverlag St. Gallen\",\"description\":\"\",\"publisher\":{\"@id\":\"https:\\\/\\\/www.lehrmittelverlag.ch\\\/cms\\\/#organization\"},\"potentialAction\":[{\"@type\":\"SearchAction\",\"target\":{\"@type\":\"EntryPoint\",\"urlTemplate\":\"https:\\\/\\\/www.lehrmittelverlag.ch\\\/cms\\\/?s={search_term_string}\"},\"query-input\":{\"@type\":\"PropertyValueSpecification\",\"valueRequired\":true,\"valueName\":\"search_term_string\"}}],\"inLanguage\":\"de-CH\"},{\"@type\":\"Organization\",\"@id\":\"https:\\\/\\\/www.lehrmittelverlag.ch\\\/cms\\\/#organization\",\"name\":\"Lehrmittelverlag St. Gallen\",\"url\":\"https:\\\/\\\/www.lehrmittelverlag.ch\\\/cms\\\/\",\"logo\":{\"@type\":\"ImageObject\",\"inLanguage\":\"de-CH\",\"@id\":\"https:\\\/\\\/www.lehrmittelverlag.ch\\\/cms\\\/#\\\/schema\\\/logo\\\/image\\\/\",\"url\":\"https:\\\/\\\/www.lehrmittelverlag.ch\\\/cms\\\/wp-content\\\/uploads\\\/2022\\\/11\\\/logo-lmvsg.png\",\"contentUrl\":\"https:\\\/\\\/www.lehrmittelverlag.ch\\\/cms\\\/wp-content\\\/uploads\\\/2022\\\/11\\\/logo-lmvsg.png\",\"width\":899,\"height\":349,\"caption\":\"Lehrmittelverlag St. Gallen\"},\"image\":{\"@id\":\"https:\\\/\\\/www.lehrmittelverlag.ch\\\/cms\\\/#\\\/schema\\\/logo\\\/image\\\/\"},\"sameAs\":[\"https:\\\/\\\/www.facebook.com\\\/LehrmittelverlagSG\\\/\",\"https:\\\/\\\/x.com\\\/Lehrmittel_SG\"]}]}<\/script>\n<!-- \/ Yoast SEO plugin. -->","yoast_head_json":{"title":"H\u00f6rschlau - Lehrmittelverlag St. Gallen","description":"H\u00f6rschlau umfasst drei Werkst\u00e4tten mit lustvollen Spielen zu den Themen Reime, Silben und Laute, die im 2. Kindergartenjahr eingesetzt werden.","robots":{"index":"index","follow":"follow","max-snippet":"max-snippet:-1","max-image-preview":"max-image-preview:large","max-video-preview":"max-video-preview:-1"},"canonical":"https:\/\/lizenz.lehrmittelverlag.ch\/cms\/verlag\/verlagsprogramm\/hoerschlau\/","og_locale":"de_DE","og_type":"article","og_title":"appolino","og_description":"appolino - kindgerechte und didaktisch durchdachte Lern-Apps f\u00fcr Mathematik und Deutsch der ersten Schuljahre.","og_url":"https:\/\/lizenz.lehrmittelverlag.ch\/cms\/verlag\/verlagsprogramm\/hoerschlau\/","og_site_name":"Lehrmittelverlag St. Gallen","article_publisher":"https:\/\/www.facebook.com\/LehrmittelverlagSG\/","article_modified_time":"2025-02-18T08:15:06+00:00","og_image":[{"width":1200,"height":630,"url":"https:\/\/lehrmittelverlag.ch\/cms\/wp-content\/uploads\/2022\/11\/og-image-lmvsg.png","type":"image\/png"}],"twitter_card":"summary_large_image","twitter_site":"@Lehrmittel_SG","twitter_misc":{"Gesch\u00e4tzte Lesezeit":"4\u00a0Minuten"},"schema":{"@context":"https:\/\/schema.org","@graph":[{"@type":"WebPage","@id":"https:\/\/lizenz.lehrmittelverlag.ch\/cms\/verlag\/verlagsprogramm\/hoerschlau\/","url":"https:\/\/lizenz.lehrmittelverlag.ch\/cms\/verlag\/verlagsprogramm\/hoerschlau\/","name":"H\u00f6rschlau - Lehrmittelverlag St. Gallen","isPartOf":{"@id":"https:\/\/www.lehrmittelverlag.ch\/cms\/#website"},"datePublished":"2025-01-27T07:15:24+00:00","dateModified":"2025-02-18T08:15:06+00:00","description":"H\u00f6rschlau umfasst drei Werkst\u00e4tten mit lustvollen Spielen zu den Themen Reime, Silben und Laute, die im 2. Kindergartenjahr eingesetzt werden.","breadcrumb":{"@id":"https:\/\/lizenz.lehrmittelverlag.ch\/cms\/verlag\/verlagsprogramm\/hoerschlau\/#breadcrumb"},"inLanguage":"de-CH","potentialAction":[{"@type":"ReadAction","target":["https:\/\/lizenz.lehrmittelverlag.ch\/cms\/verlag\/verlagsprogramm\/hoerschlau\/"]}]},{"@type":"BreadcrumbList","@id":"https:\/\/lizenz.lehrmittelverlag.ch\/cms\/verlag\/verlagsprogramm\/hoerschlau\/#breadcrumb","itemListElement":[{"@type":"ListItem","position":1,"name":"Shop","item":"\/"},{"@type":"ListItem","position":2,"name":"Verlag","item":"https:\/\/www.lehrmittelverlag.ch\/cms\/verlag\/"},{"@type":"ListItem","position":3,"name":"Verlagsprogramm","item":"https:\/\/www.lehrmittelverlag.ch\/cms\/verlag\/verlagsprogramm\/"},{"@type":"ListItem","position":4,"name":"H\u00f6rschlau"}]},{"@type":"WebSite","@id":"https:\/\/www.lehrmittelverlag.ch\/cms\/#website","url":"https:\/\/www.lehrmittelverlag.ch\/cms\/","name":"Lehrmittelverlag St. Gallen","description":"","publisher":{"@id":"https:\/\/www.lehrmittelverlag.ch\/cms\/#organization"},"potentialAction":[{"@type":"SearchAction","target":{"@type":"EntryPoint","urlTemplate":"https:\/\/www.lehrmittelverlag.ch\/cms\/?s={search_term_string}"},"query-input":{"@type":"PropertyValueSpecification","valueRequired":true,"valueName":"search_term_string"}}],"inLanguage":"de-CH"},{"@type":"Organization","@id":"https:\/\/www.lehrmittelverlag.ch\/cms\/#organization","name":"Lehrmittelverlag St. Gallen","url":"https:\/\/www.lehrmittelverlag.ch\/cms\/","logo":{"@type":"ImageObject","inLanguage":"de-CH","@id":"https:\/\/www.lehrmittelverlag.ch\/cms\/#\/schema\/logo\/image\/","url":"https:\/\/www.lehrmittelverlag.ch\/cms\/wp-content\/uploads\/2022\/11\/logo-lmvsg.png","contentUrl":"https:\/\/www.lehrmittelverlag.ch\/cms\/wp-content\/uploads\/2022\/11\/logo-lmvsg.png","width":899,"height":349,"caption":"Lehrmittelverlag St. Gallen"},"image":{"@id":"https:\/\/www.lehrmittelverlag.ch\/cms\/#\/schema\/logo\/image\/"},"sameAs":["https:\/\/www.facebook.com\/LehrmittelverlagSG\/","https:\/\/x.com\/Lehrmittel_SG"]}]}},"_links":{"self":[{"href":"https:\/\/lehrmittelverlag.ch\/cms\/wp-json\/wp\/v2\/pages\/3959","targetHints":{"allow":["GET"]}}],"collection":[{"href":"https:\/\/lehrmittelverlag.ch\/cms\/wp-json\/wp\/v2\/pages"}],"about":[{"href":"https:\/\/lehrmittelverlag.ch\/cms\/wp-json\/wp\/v2\/types\/page"}],"author":[{"embeddable":true,"href":"https:\/\/lehrmittelverlag.ch\/cms\/wp-json\/wp\/v2\/users\/8"}],"replies":[{"embeddable":true,"href":"https:\/\/lehrmittelverlag.ch\/cms\/wp-json\/wp\/v2\/comments?post=3959"}],"version-history":[{"count":10,"href":"https:\/\/lehrmittelverlag.ch\/cms\/wp-json\/wp\/v2\/pages\/3959\/revisions"}],"predecessor-version":[{"id":4489,"href":"https:\/\/lehrmittelverlag.ch\/cms\/wp-json\/wp\/v2\/pages\/3959\/revisions\/4489"}],"up":[{"embeddable":true,"href":"https:\/\/lehrmittelverlag.ch\/cms\/wp-json\/wp\/v2\/pages\/67"}],"wp:attachment":[{"href":"https:\/\/lehrmittelverlag.ch\/cms\/wp-json\/wp\/v2\/media?parent=3959"}],"curies":[{"name":"wp","href":"https:\/\/api.w.org\/{rel}","templated":true}]}}