{"id":583,"date":"2023-01-18T15:26:37","date_gmt":"2023-01-18T14:26:37","guid":{"rendered":"https:\/\/lmvsg.nextag.ch\/cms\/?page_id=583"},"modified":"2024-10-11T11:28:35","modified_gmt":"2024-10-11T09:28:35","slug":"faszination-kugel","status":"publish","type":"page","link":"https:\/\/lehrmittelverlag.ch\/cms\/verlag\/verlagsprogramm\/faszination-kugel\/","title":{"rendered":"Faszination Kugel"},"content":{"rendered":"","protected":false},"excerpt":{"rendered":"","protected":false},"author":3,"featured_media":3689,"parent":67,"menu_order":7,"comment_status":"closed","ping_status":"closed","template":"","meta":{"_acf_changed":false,"inline_featured_image":false,"footnotes":""},"class_list":["post-583","page","type-page","status-publish","has-post-thumbnail","hentry"],"acf":{"inhaltselemente":[{"acf_fc_layout":"two_cols","two_cols_flex_content_col_one":[{"acf_fc_layout":"text_element","text_element_":null,"text_element_text_element_titel":"Auf umfassende Weise wird das Thema Kugel aufgerollt und Wissen vermittelt. Eine ausgekl\u00fcgelte und \u00abrunde\u00bb Mischung aus Informationen und praktischen Vorschl\u00e4gen macht neugierig, diese Form zu entdecken.","text_element_text_element_titel_typ":"2","text_element_text_element_titel_size":"5","text_element_text_element_titel_fake":false,"text_element_text_element_content":"Das Buch \u00abFaszination Kugel\u00bb ist in \u00e4hnlicher Weise aufgebaut wie die erfolgreichen B\u00fccher \u00abAuf zu den Sternen\u00bb, <a href=\"\/cms\/verlag\/verlagsprogramm\/tuerme-und-windraeder\/\">\u00abT\u00fcrme und Windr\u00e4der\u00bb<\/a> und <a href=\"\/cms\/verlag\/verlagsprogramm\/falten-falten\/\">\u00abFalten falten\u00bb<\/a>. In allen Publikationen wird ein Thema aus unterschiedlichen Perspektiven beleuchtet.\r\n\r\nIm ersten Teil von \u00abFaszination Kugel\u00bb findet sich eine interessante Mischung aus Hintergrundinformationen. Im zweiten Teil werden Gestaltungsm\u00f6glichkeiten vermittelt. Die Vorschl\u00e4ge regen an, mit Materialien wie Papier, Ton, Gips, Draht, Holz und textilen Werkstoffen zu arbeiten und mit Seifenblasen zu experimentieren. Das Buch gibt Inputs zum Sammeln, Denken, Ausprobieren, Forschen, Entwickeln und Gestalten. Eine besondere Faszination \u00fcben die zahlreichen Bilder aus, die durch ihre Farbigkeit und ihren Informationsgehalt bestechen.\r\n\r\nEin ph\u00e4nomenales Buch f\u00fcr Lehrpersonen, Kinder, Eltern und andere kreative K\u00f6pfe.","text_element_text_element_text_size":"default"}],"two_cols_flex_content_col_two":[{"acf_fc_layout":"text_element","text_element_":null,"text_element_text_element_titel":"","text_element_text_element_titel_typ":"2","text_element_text_element_titel_size":"","text_element_text_element_titel_fake":false,"text_element_text_element_content":"<strong>Autor<\/strong>\r\nWalter Arn\r\n\r\n<a class=\"btn-arrow--up\" href=\"https:\/\/faltenfalten.ch\/de\/kugeln.html\" target=\"_blank\" rel=\"noopener\">Webseite Faszination Kugel<\/a>","text_element_text_element_text_size":"text-textnoserif"}],"two_cols_bgcolor":false,"two_cols_spaltenbreite":"two-third-one-third"},{"acf_fc_layout":"two_cols","two_cols_flex_content_col_one":[{"acf_fc_layout":"akkordeon_element","akkordeon_element_items":[{"acf_fc_layout":"akkordeon_element_items_item","akkordeon_element_items_item_titel_akkordeon_element_items_item_titel":"Inhalte","akkordeon_element_items_item_content":[{"acf_fc_layout":"text_element","text_element_":null,"text_element_text_element_titel":"","text_element_text_element_titel_typ":"2","text_element_text_element_titel_size":"","text_element_text_element_titel_fake":false,"text_element_text_element_content":"<ul>\r\n \t<li>Einf\u00fchrung<\/li>\r\n \t<li>Geschichte<\/li>\r\n \t<li>Natur<\/li>\r\n \t<li>Geometrie<\/li>\r\n \t<li>Technik<\/li>\r\n \t<li>Kunst<\/li>\r\n \t<li>Architektur<\/li>\r\n \t<li>Symbole<\/li>\r\n \t<li>Reportagen<\/li>\r\n \t<li>Gestalten<\/li>\r\n \t<li>Lexikon<\/li>\r\n \t<li>Hinweise<\/li>\r\n<\/ul>","text_element_text_element_text_size":"default"}]},{"acf_fc_layout":"akkordeon_element_items_item","akkordeon_element_items_item_titel_akkordeon_element_items_item_titel":"Themen","akkordeon_element_items_item_content":[{"acf_fc_layout":"text_element","text_element_":null,"text_element_text_element_titel":"","text_element_text_element_titel_typ":"2","text_element_text_element_titel_size":"","text_element_text_element_titel_fake":false,"text_element_text_element_content":"Eine Auswahl zeigt die Themenvielfalt:\r\n<ul>\r\n \t<li>Millionen von Kugeln wachsen in der Natur.<\/li>\r\n \t<li>Wo haben Menschen vor 5000 Jahren Kugeln eingesetzt und wo kommen Kugeln heute zur Anwendung?<\/li>\r\n \t<li>Wie entwickelte sich die Ballonluftfahrt, welche die Vorteile der kugeligen Form nutzte?<\/li>\r\n \t<li>Warum Kugelgeometrie einem bei Berechnungen in Verlegenheit bringen kann?<\/li>\r\n \t<li>Warum Kugeloberfl\u00e4chen besonderen Gesetzen folgen?<\/li>\r\n \t<li>Was Kunstschaffende zum Thema Kugeln \u00fcberlegt und geschaffen haben.<\/li>\r\n \t<li>Die Kugel als Symbol spricht eine vielschichtige Sprache.<\/li>\r\n \t<li>Reportagen geben neue, vertiefte Einblicke.<\/li>\r\n<\/ul>","text_element_text_element_text_size":"default"}]}]}],"two_cols_flex_content_col_two":null,"two_cols_bgcolor":false,"two_cols_spaltenbreite":"two-third-one-third"},{"acf_fc_layout":"one_col","one_col_flex_content_col_one":[{"acf_fc_layout":"text_img_element","text_img_element_text":null,"text_img_element_text_element_titel":"Faszination Kugel","text_img_element_text_element_titel_typ":"3","text_img_element_text_element_titel_size":"","text_img_element_text_element_titel_fake":false,"text_img_element_text_element_content":"<p class=\"paragraph-noserif\"><strong>Textiles und Technisches Gestalten<\/strong>\r\n<strong>Primarstufe 5. \u2013 6. Klasse<\/strong>\r\n<strong>Oberstufe 1. \u2013 3. Klasse<\/strong><\/p>\r\nDas Buch \u00abFaszination Kugel\u00bb erz\u00e4hlt von einer spannenden Reise durch die Welt der Kugeln. Erstaunliche Fotografien, fesselnde Hintergrundinformationen, kreative Impulse und gestalterische Anregungen lassen einen kaum mehr los.\r\n\r\n<a class=\"btn-arrow\" href=\"https:\/\/www.lehrmittelverlag.ch\/faszination-kugel\/1560100\" target=\"_blank\" rel=\"noopener\">Zum Shop<\/a>","text_img_element_bild":null,"text_img_element_image_element_image_element_image_element_image":621,"text_img_element_image_element_image_element_image_element_lightbox":false,"text_img_element_events":null,"text_img_element_events_element_type_category_events_element_type_category_events_element_type_category":[],"text_img_element_events_element_topic_category_events_element_topic_category_events_element_topic_category":[],"text_img_element_events_element_amount_events_element_amount_events_element_amount":"","text_img_element_":null,"text_img_element_text_element_text_size":"default","text_img_element_text_img_element_spaltenbreite":"default","text_img_element_text_img_element_orientation":"default"}],"one_col_bgcolor":true},{"acf_fc_layout":"two_cols","two_cols_flex_content_col_one":[{"acf_fc_layout":"akkordeon_element","akkordeon_element_items":[{"acf_fc_layout":"akkordeon_element_items_item","akkordeon_element_items_item_titel_akkordeon_element_items_item_titel":"Weiterf\u00fchrende Links","akkordeon_element_items_item_content":[{"acf_fc_layout":"text_img_element","text_element_text_element_titel":"","text_element_text_element_titel_typ":"2","text_element_text_element_titel_size":"","text_element_text_element_titel_fake":false,"text_element_text_element_content":"Mehr \u00fcber den Autor und seine weiteren Werke erfahren Sie auf seiner Webseite.\r\n\r\n<a class=\"btn-arrow--up\" href=\"https:\/\/www.faltenfalten.ch\/de\/kugeln.html\" target=\"_blank\" rel=\"noopener\">Webseite Faszination Kugel<\/a>","image_element_image_element_image":621,"image_element_image_element_lightbox":false,"text_element_text_size":"default","text_img_element_spaltenbreite":"default","text_img_element_orientation":"mirrored"}]},{"acf_fc_layout":"akkordeon_element_items_item","akkordeon_element_items_item_titel_akkordeon_element_items_item_titel":"Downloads","akkordeon_element_items_item_content":[{"acf_fc_layout":"text_element","text_element_":null,"text_element_text_element_titel":"","text_element_text_element_titel_typ":"2","text_element_text_element_titel_size":"","text_element_text_element_titel_fake":false,"text_element_text_element_content":"Weitere Material und Ideen f\u00fcr weitere Kugelanleitungen zum Download finden Sie auf der Webseite des Autors.\r\n\r\n<a class=\"btn-arrow--up\" href=\"https:\/\/www.faltenfalten.ch\/de\/kugeln.html\" target=\"_blank\" rel=\"noopener\">Webseite Faszination Kugel<\/a>","text_element_text_element_text_size":"default"}]}]}],"two_cols_flex_content_col_two":null,"two_cols_bgcolor":false,"two_cols_spaltenbreite":"two-third-one-third"}]},"yoast_head":"<!-- This site is optimized with the Yoast SEO plugin v27.3 - https:\/\/yoast.com\/product\/yoast-seo-wordpress\/ -->\n<title>Faszination Kugel - Lehrmittelverlag St. Gallen<\/title>\n<meta name=\"description\" content=\"Faszination Kugel - Der Lehrmittelverlag St.Gallen mit Sitz in Rorschach ist eine Abteilung des kantonalen Bildungsdepartements im Amt f\u00fcr Volksschule. Der Lehrmittelverlag St.Gallen ist die Verbindungsstelle zwischen Bildungspolitik und Lernmedien f\u00fcr die Volksschule.\" \/>\n<meta name=\"robots\" content=\"index, follow, max-snippet:-1, max-image-preview:large, max-video-preview:-1\" \/>\n<link rel=\"canonical\" href=\"https:\/\/lehrmittelverlag.ch\/cms\/verlag\/verlagsprogramm\/faszination-kugel\/\" \/>\n<meta property=\"og:locale\" content=\"de_DE\" \/>\n<meta property=\"og:type\" content=\"article\" \/>\n<meta property=\"og:title\" content=\"Faszination Kugel - Lehrmittelverlag St. Gallen\" \/>\n<meta property=\"og:description\" content=\"Faszination Kugel - Der Lehrmittelverlag St.Gallen mit Sitz in Rorschach ist eine Abteilung des kantonalen Bildungsdepartements im Amt f\u00fcr Volksschule. Der Lehrmittelverlag St.Gallen ist die Verbindungsstelle zwischen Bildungspolitik und Lernmedien f\u00fcr die Volksschule.\" \/>\n<meta property=\"og:url\" content=\"https:\/\/lehrmittelverlag.ch\/cms\/verlag\/verlagsprogramm\/faszination-kugel\/\" \/>\n<meta property=\"og:site_name\" content=\"Lehrmittelverlag St. Gallen\" \/>\n<meta property=\"article:publisher\" content=\"https:\/\/www.facebook.com\/LehrmittelverlagSG\/\" \/>\n<meta property=\"article:modified_time\" content=\"2024-10-11T09:28:35+00:00\" \/>\n<meta property=\"og:image\" content=\"https:\/\/lehrmittelverlag.ch\/cms\/wp-content\/uploads\/2024\/10\/Faszination-Kugel.jpg\" \/>\n\t<meta property=\"og:image:width\" content=\"500\" \/>\n\t<meta property=\"og:image:height\" content=\"500\" \/>\n\t<meta property=\"og:image:type\" content=\"image\/jpeg\" \/>\n<meta name=\"twitter:card\" content=\"summary_large_image\" \/>\n<meta name=\"twitter:site\" content=\"@Lehrmittel_SG\" \/>\n<meta name=\"twitter:label1\" content=\"Gesch\u00e4tzte Lesezeit\" \/>\n\t<meta name=\"twitter:data1\" content=\"3\u00a0Minuten\" \/>\n<script type=\"application\/ld+json\" class=\"yoast-schema-graph\">{\"@context\":\"https:\\\/\\\/schema.org\",\"@graph\":[{\"@type\":\"WebPage\",\"@id\":\"https:\\\/\\\/lehrmittelverlag.ch\\\/cms\\\/verlag\\\/verlagsprogramm\\\/faszination-kugel\\\/\",\"url\":\"https:\\\/\\\/lehrmittelverlag.ch\\\/cms\\\/verlag\\\/verlagsprogramm\\\/faszination-kugel\\\/\",\"name\":\"Faszination Kugel - Lehrmittelverlag St. Gallen\",\"isPartOf\":{\"@id\":\"https:\\\/\\\/www.lehrmittelverlag.ch\\\/cms\\\/#website\"},\"primaryImageOfPage\":{\"@id\":\"https:\\\/\\\/lehrmittelverlag.ch\\\/cms\\\/verlag\\\/verlagsprogramm\\\/faszination-kugel\\\/#primaryimage\"},\"image\":{\"@id\":\"https:\\\/\\\/lehrmittelverlag.ch\\\/cms\\\/verlag\\\/verlagsprogramm\\\/faszination-kugel\\\/#primaryimage\"},\"thumbnailUrl\":\"https:\\\/\\\/lehrmittelverlag.ch\\\/cms\\\/wp-content\\\/uploads\\\/2024\\\/10\\\/Faszination-Kugel.jpg\",\"datePublished\":\"2023-01-18T14:26:37+00:00\",\"dateModified\":\"2024-10-11T09:28:35+00:00\",\"description\":\"Faszination Kugel - Der Lehrmittelverlag St.Gallen mit Sitz in Rorschach ist eine Abteilung des kantonalen Bildungsdepartements im Amt f\u00fcr Volksschule. Der Lehrmittelverlag St.Gallen ist die Verbindungsstelle zwischen Bildungspolitik und Lernmedien f\u00fcr die Volksschule.\",\"breadcrumb\":{\"@id\":\"https:\\\/\\\/lehrmittelverlag.ch\\\/cms\\\/verlag\\\/verlagsprogramm\\\/faszination-kugel\\\/#breadcrumb\"},\"inLanguage\":\"de-CH\",\"potentialAction\":[{\"@type\":\"ReadAction\",\"target\":[\"https:\\\/\\\/lehrmittelverlag.ch\\\/cms\\\/verlag\\\/verlagsprogramm\\\/faszination-kugel\\\/\"]}]},{\"@type\":\"ImageObject\",\"inLanguage\":\"de-CH\",\"@id\":\"https:\\\/\\\/lehrmittelverlag.ch\\\/cms\\\/verlag\\\/verlagsprogramm\\\/faszination-kugel\\\/#primaryimage\",\"url\":\"https:\\\/\\\/lehrmittelverlag.ch\\\/cms\\\/wp-content\\\/uploads\\\/2024\\\/10\\\/Faszination-Kugel.jpg\",\"contentUrl\":\"https:\\\/\\\/lehrmittelverlag.ch\\\/cms\\\/wp-content\\\/uploads\\\/2024\\\/10\\\/Faszination-Kugel.jpg\",\"width\":500,\"height\":500,\"caption\":\"Faszination Kugel\"},{\"@type\":\"BreadcrumbList\",\"@id\":\"https:\\\/\\\/lehrmittelverlag.ch\\\/cms\\\/verlag\\\/verlagsprogramm\\\/faszination-kugel\\\/#breadcrumb\",\"itemListElement\":[{\"@type\":\"ListItem\",\"position\":1,\"name\":\"Shop\",\"item\":\"\\\/\"},{\"@type\":\"ListItem\",\"position\":2,\"name\":\"Verlag\",\"item\":\"https:\\\/\\\/www.lehrmittelverlag.ch\\\/cms\\\/verlag\\\/\"},{\"@type\":\"ListItem\",\"position\":3,\"name\":\"Verlagsprogramm\",\"item\":\"https:\\\/\\\/www.lehrmittelverlag.ch\\\/cms\\\/verlag\\\/verlagsprogramm\\\/\"},{\"@type\":\"ListItem\",\"position\":4,\"name\":\"Faszination Kugel\"}]},{\"@type\":\"WebSite\",\"@id\":\"https:\\\/\\\/www.lehrmittelverlag.ch\\\/cms\\\/#website\",\"url\":\"https:\\\/\\\/www.lehrmittelverlag.ch\\\/cms\\\/\",\"name\":\"Lehrmittelverlag St. Gallen\",\"description\":\"\",\"publisher\":{\"@id\":\"https:\\\/\\\/www.lehrmittelverlag.ch\\\/cms\\\/#organization\"},\"potentialAction\":[{\"@type\":\"SearchAction\",\"target\":{\"@type\":\"EntryPoint\",\"urlTemplate\":\"https:\\\/\\\/www.lehrmittelverlag.ch\\\/cms\\\/?s={search_term_string}\"},\"query-input\":{\"@type\":\"PropertyValueSpecification\",\"valueRequired\":true,\"valueName\":\"search_term_string\"}}],\"inLanguage\":\"de-CH\"},{\"@type\":\"Organization\",\"@id\":\"https:\\\/\\\/www.lehrmittelverlag.ch\\\/cms\\\/#organization\",\"name\":\"Lehrmittelverlag St. Gallen\",\"url\":\"https:\\\/\\\/www.lehrmittelverlag.ch\\\/cms\\\/\",\"logo\":{\"@type\":\"ImageObject\",\"inLanguage\":\"de-CH\",\"@id\":\"https:\\\/\\\/www.lehrmittelverlag.ch\\\/cms\\\/#\\\/schema\\\/logo\\\/image\\\/\",\"url\":\"https:\\\/\\\/www.lehrmittelverlag.ch\\\/cms\\\/wp-content\\\/uploads\\\/2022\\\/11\\\/logo-lmvsg.png\",\"contentUrl\":\"https:\\\/\\\/www.lehrmittelverlag.ch\\\/cms\\\/wp-content\\\/uploads\\\/2022\\\/11\\\/logo-lmvsg.png\",\"width\":899,\"height\":349,\"caption\":\"Lehrmittelverlag St. Gallen\"},\"image\":{\"@id\":\"https:\\\/\\\/www.lehrmittelverlag.ch\\\/cms\\\/#\\\/schema\\\/logo\\\/image\\\/\"},\"sameAs\":[\"https:\\\/\\\/www.facebook.com\\\/LehrmittelverlagSG\\\/\",\"https:\\\/\\\/x.com\\\/Lehrmittel_SG\"]}]}<\/script>\n<!-- \/ Yoast SEO plugin. -->","yoast_head_json":{"title":"Faszination Kugel - Lehrmittelverlag St. Gallen","description":"Faszination Kugel - Der Lehrmittelverlag St.Gallen mit Sitz in Rorschach ist eine Abteilung des kantonalen Bildungsdepartements im Amt f\u00fcr Volksschule. Der Lehrmittelverlag St.Gallen ist die Verbindungsstelle zwischen Bildungspolitik und Lernmedien f\u00fcr die Volksschule.","robots":{"index":"index","follow":"follow","max-snippet":"max-snippet:-1","max-image-preview":"max-image-preview:large","max-video-preview":"max-video-preview:-1"},"canonical":"https:\/\/lehrmittelverlag.ch\/cms\/verlag\/verlagsprogramm\/faszination-kugel\/","og_locale":"de_DE","og_type":"article","og_title":"Faszination Kugel - Lehrmittelverlag St. Gallen","og_description":"Faszination Kugel - Der Lehrmittelverlag St.Gallen mit Sitz in Rorschach ist eine Abteilung des kantonalen Bildungsdepartements im Amt f\u00fcr Volksschule. Der Lehrmittelverlag St.Gallen ist die Verbindungsstelle zwischen Bildungspolitik und Lernmedien f\u00fcr die Volksschule.","og_url":"https:\/\/lehrmittelverlag.ch\/cms\/verlag\/verlagsprogramm\/faszination-kugel\/","og_site_name":"Lehrmittelverlag St. Gallen","article_publisher":"https:\/\/www.facebook.com\/LehrmittelverlagSG\/","article_modified_time":"2024-10-11T09:28:35+00:00","og_image":[{"width":500,"height":500,"url":"https:\/\/lehrmittelverlag.ch\/cms\/wp-content\/uploads\/2024\/10\/Faszination-Kugel.jpg","type":"image\/jpeg"}],"twitter_card":"summary_large_image","twitter_site":"@Lehrmittel_SG","twitter_misc":{"Gesch\u00e4tzte Lesezeit":"3\u00a0Minuten"},"schema":{"@context":"https:\/\/schema.org","@graph":[{"@type":"WebPage","@id":"https:\/\/lehrmittelverlag.ch\/cms\/verlag\/verlagsprogramm\/faszination-kugel\/","url":"https:\/\/lehrmittelverlag.ch\/cms\/verlag\/verlagsprogramm\/faszination-kugel\/","name":"Faszination Kugel - Lehrmittelverlag St. Gallen","isPartOf":{"@id":"https:\/\/www.lehrmittelverlag.ch\/cms\/#website"},"primaryImageOfPage":{"@id":"https:\/\/lehrmittelverlag.ch\/cms\/verlag\/verlagsprogramm\/faszination-kugel\/#primaryimage"},"image":{"@id":"https:\/\/lehrmittelverlag.ch\/cms\/verlag\/verlagsprogramm\/faszination-kugel\/#primaryimage"},"thumbnailUrl":"https:\/\/lehrmittelverlag.ch\/cms\/wp-content\/uploads\/2024\/10\/Faszination-Kugel.jpg","datePublished":"2023-01-18T14:26:37+00:00","dateModified":"2024-10-11T09:28:35+00:00","description":"Faszination Kugel - Der Lehrmittelverlag St.Gallen mit Sitz in Rorschach ist eine Abteilung des kantonalen Bildungsdepartements im Amt f\u00fcr Volksschule. Der Lehrmittelverlag St.Gallen ist die Verbindungsstelle zwischen Bildungspolitik und Lernmedien f\u00fcr die Volksschule.","breadcrumb":{"@id":"https:\/\/lehrmittelverlag.ch\/cms\/verlag\/verlagsprogramm\/faszination-kugel\/#breadcrumb"},"inLanguage":"de-CH","potentialAction":[{"@type":"ReadAction","target":["https:\/\/lehrmittelverlag.ch\/cms\/verlag\/verlagsprogramm\/faszination-kugel\/"]}]},{"@type":"ImageObject","inLanguage":"de-CH","@id":"https:\/\/lehrmittelverlag.ch\/cms\/verlag\/verlagsprogramm\/faszination-kugel\/#primaryimage","url":"https:\/\/lehrmittelverlag.ch\/cms\/wp-content\/uploads\/2024\/10\/Faszination-Kugel.jpg","contentUrl":"https:\/\/lehrmittelverlag.ch\/cms\/wp-content\/uploads\/2024\/10\/Faszination-Kugel.jpg","width":500,"height":500,"caption":"Faszination Kugel"},{"@type":"BreadcrumbList","@id":"https:\/\/lehrmittelverlag.ch\/cms\/verlag\/verlagsprogramm\/faszination-kugel\/#breadcrumb","itemListElement":[{"@type":"ListItem","position":1,"name":"Shop","item":"\/"},{"@type":"ListItem","position":2,"name":"Verlag","item":"https:\/\/www.lehrmittelverlag.ch\/cms\/verlag\/"},{"@type":"ListItem","position":3,"name":"Verlagsprogramm","item":"https:\/\/www.lehrmittelverlag.ch\/cms\/verlag\/verlagsprogramm\/"},{"@type":"ListItem","position":4,"name":"Faszination Kugel"}]},{"@type":"WebSite","@id":"https:\/\/www.lehrmittelverlag.ch\/cms\/#website","url":"https:\/\/www.lehrmittelverlag.ch\/cms\/","name":"Lehrmittelverlag St. Gallen","description":"","publisher":{"@id":"https:\/\/www.lehrmittelverlag.ch\/cms\/#organization"},"potentialAction":[{"@type":"SearchAction","target":{"@type":"EntryPoint","urlTemplate":"https:\/\/www.lehrmittelverlag.ch\/cms\/?s={search_term_string}"},"query-input":{"@type":"PropertyValueSpecification","valueRequired":true,"valueName":"search_term_string"}}],"inLanguage":"de-CH"},{"@type":"Organization","@id":"https:\/\/www.lehrmittelverlag.ch\/cms\/#organization","name":"Lehrmittelverlag St. Gallen","url":"https:\/\/www.lehrmittelverlag.ch\/cms\/","logo":{"@type":"ImageObject","inLanguage":"de-CH","@id":"https:\/\/www.lehrmittelverlag.ch\/cms\/#\/schema\/logo\/image\/","url":"https:\/\/www.lehrmittelverlag.ch\/cms\/wp-content\/uploads\/2022\/11\/logo-lmvsg.png","contentUrl":"https:\/\/www.lehrmittelverlag.ch\/cms\/wp-content\/uploads\/2022\/11\/logo-lmvsg.png","width":899,"height":349,"caption":"Lehrmittelverlag St. Gallen"},"image":{"@id":"https:\/\/www.lehrmittelverlag.ch\/cms\/#\/schema\/logo\/image\/"},"sameAs":["https:\/\/www.facebook.com\/LehrmittelverlagSG\/","https:\/\/x.com\/Lehrmittel_SG"]}]}},"_links":{"self":[{"href":"https:\/\/lehrmittelverlag.ch\/cms\/wp-json\/wp\/v2\/pages\/583","targetHints":{"allow":["GET"]}}],"collection":[{"href":"https:\/\/lehrmittelverlag.ch\/cms\/wp-json\/wp\/v2\/pages"}],"about":[{"href":"https:\/\/lehrmittelverlag.ch\/cms\/wp-json\/wp\/v2\/types\/page"}],"author":[{"embeddable":true,"href":"https:\/\/lehrmittelverlag.ch\/cms\/wp-json\/wp\/v2\/users\/3"}],"replies":[{"embeddable":true,"href":"https:\/\/lehrmittelverlag.ch\/cms\/wp-json\/wp\/v2\/comments?post=583"}],"version-history":[{"count":39,"href":"https:\/\/lehrmittelverlag.ch\/cms\/wp-json\/wp\/v2\/pages\/583\/revisions"}],"predecessor-version":[{"id":1853,"href":"https:\/\/lehrmittelverlag.ch\/cms\/wp-json\/wp\/v2\/pages\/583\/revisions\/1853"}],"up":[{"embeddable":true,"href":"https:\/\/lehrmittelverlag.ch\/cms\/wp-json\/wp\/v2\/pages\/67"}],"wp:featuredmedia":[{"embeddable":true,"href":"https:\/\/lehrmittelverlag.ch\/cms\/wp-json\/wp\/v2\/media\/3689"}],"wp:attachment":[{"href":"https:\/\/lehrmittelverlag.ch\/cms\/wp-json\/wp\/v2\/media?parent=583"}],"curies":[{"name":"wp","href":"https:\/\/api.w.org\/{rel}","templated":true}]}}