{"id":67,"date":"2022-11-14T16:20:09","date_gmt":"2022-11-14T15:20:09","guid":{"rendered":"https:\/\/www.lehrmittelverlag.ch\/cms\/verlag\/verlagsprogramm\/"},"modified":"2026-01-20T16:22:17","modified_gmt":"2026-01-20T15:22:17","slug":"verlagsprogramm","status":"publish","type":"page","link":"https:\/\/lehrmittelverlag.ch\/cms\/verlag\/verlagsprogramm\/","title":{"rendered":"Verlagsprogramm"},"content":{"rendered":"","protected":false},"excerpt":{"rendered":"","protected":false},"author":1,"featured_media":0,"parent":66,"menu_order":4,"comment_status":"closed","ping_status":"closed","template":"","meta":{"_acf_changed":false,"inline_featured_image":false,"footnotes":""},"class_list":["post-67","page","type-page","status-publish","hentry"],"acf":{"inhaltselemente":[{"acf_fc_layout":"two_cols","two_cols_flex_content_col_one":[{"acf_fc_layout":"text_element","text_element_":null,"text_element_text_element_titel":"","text_element_text_element_titel_typ":"2","text_element_text_element_titel_size":"","text_element_text_element_titel_fake":false,"text_element_text_element_content":"<strong>Der Lehrmittelverlag St.Gallen ist ein produzierender Verlag, der klassische Lehrmittel sowie digitale Lernmedien und Lern-Applikationen f\u00fcr alle Bildungsstufen der Volksschule entwickelt.<\/strong>","text_element_text_element_text_size":"lead"},{"acf_fc_layout":"text_element","text_element_":null,"text_element_text_element_titel":"","text_element_text_element_titel_typ":"2","text_element_text_element_titel_size":"","text_element_text_element_titel_fake":false,"text_element_text_element_content":"Der Fokus liegt auf praxisbew\u00e4hrten, qualitativ hochwertigen Bildungsmedien, die die t\u00e4gliche Unterrichtsgestaltung wirkungsvoll unterst\u00fctzen. Die Produkte sind fachlich fundiert, didaktisch durchdacht und in der Praxis erprobt.\r\n\r\nModerne Lehr- und Lernmedien wie <a href=\"https:\/\/www.stitch.ch\/\" target=\"_blank\" rel=\"noopener\"><strong>stitch!<\/strong><\/a> und <a href=\"https:\/\/appolino.ch\/\" target=\"_blank\" rel=\"noopener\"><strong>appolino\u00ae<\/strong><\/a> f\u00f6rdern eine stufengerechte Kompetenzentwicklung und erm\u00f6glichen eine kontinuierliche Steigerung des Lernniveaus. Die \u00dcberarbeitung und Neukonzeption des Heimatkunde-Lehrmittels <a href=\"https:\/\/stgallerland.ch\/\/\" target=\"_blank\" rel=\"noopener\"><strong>\u00abSt.Gallerland\u00bb<\/strong><\/a> im Auftrag des Bildungsrates ist mit dem Erscheinen des letzten Heftes f\u00fcr den 3. Zyklus \u00abPers\u00f6nlichkeiten\u00bb abgeschlossen. Der Einsatz dieses Lehrmittels ist f\u00fcr die Schulen im Kanton St.Gallen verbindlich und wird vollst\u00e4ndig durch den Kanton finanziert. Das Franz\u00f6sischlehrwerk <a href=\"https:\/\/www.lehrmittelverlag.ch\/cms\/verlag\/verlagsprogramm\/dis-donc\/\" target=\"_blank\" rel=\"noopener\"><strong>\u00abdis donc!\u00bb<\/strong><\/a> f\u00fcr die zweite Fremdsprache ist ein Kooperationsprodukt der Lehrmittelverlage Z\u00fcrich und St.Gallen.\r\n\r\nBei den Lernf\u00f6rdersystemen <a href=\"https:\/\/www.lehrmittelverlag.ch\/cms\/verlag\/verlagsprogramm\/lernfoerdersysteme-und-testsysteme\/\" target=\"_blank\" rel=\"noopener\"><strong>Lernlupe<\/strong><\/a> (2. Zyklus) und <a href=\"https:\/\/www.lehrmittelverlag.ch\/cms\/verlag\/verlagsprogramm\/lernfoerdersysteme-und-testsysteme\/\" target=\"_blank\" rel=\"noopener\"><strong>LernpassPlus<\/strong><\/a> (3. Zyklus) steht die individuelle F\u00f6rderung der Sch\u00fclerinnen und Sch\u00fcler im Mittelpunkt. \u00dcber den Zyklus hinweg wird der Lernfortschritt sichtbar gemacht und die Kompetenzen\u00a0 in unterschiedlichen Niveaus auf einer Werteskala ausgewiesen.\r\n\r\nDie <a href=\"https:\/\/www.lehrmittelverlag.ch\/cms\/wp-content\/uploads\/2025\/11\/Lehrmittelagenda-St.Gallen_2025.pdf\" target=\"_blank\" rel=\"noopener\"><strong>Lehrmittelagenda<\/strong><\/a> des Lehrmittelverlags St.Gallen informiert kontinuierlich \u00fcber die Entwicklung der Eigenproduktionen. Die untenstehenden Links bieten einen umfassenden \u00dcberblick sowie Einblicke in die verschiedenen Eigenentwicklungen des Verlags.\r\n\r\nDie <a href=\"https:\/\/www.lehrmittelverlag.ch\/cms\/services\/lehrmittelberatung\/\" target=\"_blank\" rel=\"noopener\"><strong>Lehrmittelberatung<\/strong><\/a> unterst\u00fctzt Schulen und Lehrpersonen individuell und zeitnah bei fachlichen, didaktischen und methodischen Fragen. Auf Wunsch stellen wir Lehrmittel pers\u00f6nlich vor Ort oder online vor.","text_element_text_element_text_size":"default"}],"two_cols_flex_content_col_two":[{"acf_fc_layout":"text_element","text_element_":null,"text_element_text_element_titel":"","text_element_text_element_titel_typ":"2","text_element_text_element_titel_size":"","text_element_text_element_titel_fake":false,"text_element_text_element_content":"<a class=\"btn-primary\" href=\"https:\/\/www.lehrmittelverlag.ch\/cms\/wp-content\/uploads\/2026\/01\/Lehrmittelagenda-St.Gallen_2026.pdf\" target=\"_blank\" rel=\"noopener\">Lehrmittelagenda St.Gallen_2026<\/a>","text_element_text_element_text_size":"default"}],"two_cols_bgcolor":false,"two_cols_spaltenbreite":"two-third-one-third"},{"acf_fc_layout":"produkteslider","produkteslider_titel":"Lernf\u00f6rdersysteme","produkteslider_link":"","produkteslider_product_ids":"1869000, 1868000","produkteslider_type":"list"},{"acf_fc_layout":"produkteslider","produkteslider_titel":"Deutsch und Fremdsprachen","produkteslider_link":"","produkteslider_product_ids":"1870421, 1070500, 1070100, 1061500, 1080100, 1071000, 1061300, 2000100, 1061100, 2061100, 5522100, 6522100, 7090000, 7522100, 8522100, 9522100","produkteslider_type":"list"},{"acf_fc_layout":"produkteslider","produkteslider_titel":"Medien und Informatik","produkteslider_link":"","produkteslider_product_ids":"1441800, 1441900, 1442000, 1442100, 1442600, 1442500","produkteslider_type":"list"},{"acf_fc_layout":"produkteslider","produkteslider_titel":"Musik","produkteslider_link":"","produkteslider_product_ids":"2371010, 4371010, 1070100, 1020100, 4020100, 1830400, 1330010, 1320010, 1350010, 1360010, ","produkteslider_type":"list"},{"acf_fc_layout":"produkteslider","produkteslider_titel":"Bewegung und Sport","produkteslider_link":"","produkteslider_product_ids":"1832100","produkteslider_type":"list"},{"acf_fc_layout":"produkteslider","produkteslider_titel":"Natur, Mensch, Gesellschaft","produkteslider_link":"","produkteslider_product_ids":"5253100, 3253200, \t5253300, 3253400, 5253500, 7253700, 7421000,1040000, 1446000","produkteslider_type":"list"},{"acf_fc_layout":"produkteslider","produkteslider_titel":"Textiles und Technisches Gestalten","produkteslider_link":"","produkteslider_product_ids":"1870508, 2401100,7401000,1560300,1560200,1560100","produkteslider_type":"list"}]},"yoast_head":"<!-- This site is optimized with the Yoast SEO plugin v27.3 - https:\/\/yoast.com\/product\/yoast-seo-wordpress\/ -->\n<title>Verlagsprogramm - Lehrmittelverlag St. Gallen<\/title>\n<meta name=\"description\" content=\"Als produzierender Verlag entwickelt der Lehrmittelverlag St.Gallen Lehrmittel, Lern-Applikationen und Lernf\u00f6rdersysteme f\u00fcr die Volksschule.\" \/>\n<meta name=\"robots\" content=\"index, follow, max-snippet:-1, max-image-preview:large, max-video-preview:-1\" \/>\n<link rel=\"canonical\" href=\"https:\/\/www.lehrmittelverlag.ch\/cms\/verlag\/verlagsprogramm\/\" \/>\n<meta property=\"og:locale\" content=\"de_DE\" \/>\n<meta property=\"og:type\" content=\"article\" \/>\n<meta property=\"og:title\" content=\"Verlagsprogramm - Lehrmittelverlag St. Gallen\" \/>\n<meta property=\"og:description\" content=\"Als produzierender Verlag entwickelt der Lehrmittelverlag St.Gallen Lehrmittel, Lern-Applikationen und Lernf\u00f6rdersysteme f\u00fcr die Volksschule.\" \/>\n<meta property=\"og:url\" content=\"https:\/\/www.lehrmittelverlag.ch\/cms\/verlag\/verlagsprogramm\/\" \/>\n<meta property=\"og:site_name\" content=\"Lehrmittelverlag St. Gallen\" \/>\n<meta property=\"article:publisher\" content=\"https:\/\/www.facebook.com\/LehrmittelverlagSG\/\" \/>\n<meta property=\"article:modified_time\" content=\"2026-01-20T15:22:17+00:00\" \/>\n<meta property=\"og:image\" content=\"https:\/\/lehrmittelverlag.ch\/cms\/wp-content\/uploads\/2022\/11\/og-image-lmvsg.png\" \/>\n\t<meta property=\"og:image:width\" content=\"1200\" \/>\n\t<meta property=\"og:image:height\" content=\"630\" \/>\n\t<meta property=\"og:image:type\" content=\"image\/png\" \/>\n<meta name=\"twitter:card\" content=\"summary_large_image\" \/>\n<meta name=\"twitter:site\" content=\"@Lehrmittel_SG\" \/>\n<meta name=\"twitter:label1\" content=\"Gesch\u00e4tzte Lesezeit\" \/>\n\t<meta name=\"twitter:data1\" content=\"2\u00a0Minuten\" \/>\n<script type=\"application\/ld+json\" class=\"yoast-schema-graph\">{\"@context\":\"https:\\\/\\\/schema.org\",\"@graph\":[{\"@type\":\"WebPage\",\"@id\":\"https:\\\/\\\/www.lehrmittelverlag.ch\\\/cms\\\/verlag\\\/verlagsprogramm\\\/\",\"url\":\"https:\\\/\\\/www.lehrmittelverlag.ch\\\/cms\\\/verlag\\\/verlagsprogramm\\\/\",\"name\":\"Verlagsprogramm - Lehrmittelverlag St. Gallen\",\"isPartOf\":{\"@id\":\"https:\\\/\\\/www.lehrmittelverlag.ch\\\/cms\\\/#website\"},\"datePublished\":\"2022-11-14T15:20:09+00:00\",\"dateModified\":\"2026-01-20T15:22:17+00:00\",\"description\":\"Als produzierender Verlag entwickelt der Lehrmittelverlag St.Gallen Lehrmittel, Lern-Applikationen und Lernf\u00f6rdersysteme f\u00fcr die Volksschule.\",\"breadcrumb\":{\"@id\":\"https:\\\/\\\/www.lehrmittelverlag.ch\\\/cms\\\/verlag\\\/verlagsprogramm\\\/#breadcrumb\"},\"inLanguage\":\"de-CH\",\"potentialAction\":[{\"@type\":\"ReadAction\",\"target\":[\"https:\\\/\\\/www.lehrmittelverlag.ch\\\/cms\\\/verlag\\\/verlagsprogramm\\\/\"]}]},{\"@type\":\"BreadcrumbList\",\"@id\":\"https:\\\/\\\/www.lehrmittelverlag.ch\\\/cms\\\/verlag\\\/verlagsprogramm\\\/#breadcrumb\",\"itemListElement\":[{\"@type\":\"ListItem\",\"position\":1,\"name\":\"Shop\",\"item\":\"\\\/\"},{\"@type\":\"ListItem\",\"position\":2,\"name\":\"Verlag\",\"item\":\"https:\\\/\\\/www.lehrmittelverlag.ch\\\/cms\\\/verlag\\\/\"},{\"@type\":\"ListItem\",\"position\":3,\"name\":\"Verlagsprogramm\"}]},{\"@type\":\"WebSite\",\"@id\":\"https:\\\/\\\/www.lehrmittelverlag.ch\\\/cms\\\/#website\",\"url\":\"https:\\\/\\\/www.lehrmittelverlag.ch\\\/cms\\\/\",\"name\":\"Lehrmittelverlag St. Gallen\",\"description\":\"\",\"publisher\":{\"@id\":\"https:\\\/\\\/www.lehrmittelverlag.ch\\\/cms\\\/#organization\"},\"potentialAction\":[{\"@type\":\"SearchAction\",\"target\":{\"@type\":\"EntryPoint\",\"urlTemplate\":\"https:\\\/\\\/www.lehrmittelverlag.ch\\\/cms\\\/?s={search_term_string}\"},\"query-input\":{\"@type\":\"PropertyValueSpecification\",\"valueRequired\":true,\"valueName\":\"search_term_string\"}}],\"inLanguage\":\"de-CH\"},{\"@type\":\"Organization\",\"@id\":\"https:\\\/\\\/www.lehrmittelverlag.ch\\\/cms\\\/#organization\",\"name\":\"Lehrmittelverlag St. Gallen\",\"url\":\"https:\\\/\\\/www.lehrmittelverlag.ch\\\/cms\\\/\",\"logo\":{\"@type\":\"ImageObject\",\"inLanguage\":\"de-CH\",\"@id\":\"https:\\\/\\\/www.lehrmittelverlag.ch\\\/cms\\\/#\\\/schema\\\/logo\\\/image\\\/\",\"url\":\"https:\\\/\\\/www.lehrmittelverlag.ch\\\/cms\\\/wp-content\\\/uploads\\\/2022\\\/11\\\/logo-lmvsg.png\",\"contentUrl\":\"https:\\\/\\\/www.lehrmittelverlag.ch\\\/cms\\\/wp-content\\\/uploads\\\/2022\\\/11\\\/logo-lmvsg.png\",\"width\":899,\"height\":349,\"caption\":\"Lehrmittelverlag St. Gallen\"},\"image\":{\"@id\":\"https:\\\/\\\/www.lehrmittelverlag.ch\\\/cms\\\/#\\\/schema\\\/logo\\\/image\\\/\"},\"sameAs\":[\"https:\\\/\\\/www.facebook.com\\\/LehrmittelverlagSG\\\/\",\"https:\\\/\\\/x.com\\\/Lehrmittel_SG\"]}]}<\/script>\n<!-- \/ Yoast SEO plugin. -->","yoast_head_json":{"title":"Verlagsprogramm - Lehrmittelverlag St. Gallen","description":"Als produzierender Verlag entwickelt der Lehrmittelverlag St.Gallen Lehrmittel, Lern-Applikationen und Lernf\u00f6rdersysteme f\u00fcr die Volksschule.","robots":{"index":"index","follow":"follow","max-snippet":"max-snippet:-1","max-image-preview":"max-image-preview:large","max-video-preview":"max-video-preview:-1"},"canonical":"https:\/\/www.lehrmittelverlag.ch\/cms\/verlag\/verlagsprogramm\/","og_locale":"de_DE","og_type":"article","og_title":"Verlagsprogramm - Lehrmittelverlag St. Gallen","og_description":"Als produzierender Verlag entwickelt der Lehrmittelverlag St.Gallen Lehrmittel, Lern-Applikationen und Lernf\u00f6rdersysteme f\u00fcr die Volksschule.","og_url":"https:\/\/www.lehrmittelverlag.ch\/cms\/verlag\/verlagsprogramm\/","og_site_name":"Lehrmittelverlag St. Gallen","article_publisher":"https:\/\/www.facebook.com\/LehrmittelverlagSG\/","article_modified_time":"2026-01-20T15:22:17+00:00","og_image":[{"width":1200,"height":630,"url":"https:\/\/lehrmittelverlag.ch\/cms\/wp-content\/uploads\/2022\/11\/og-image-lmvsg.png","type":"image\/png"}],"twitter_card":"summary_large_image","twitter_site":"@Lehrmittel_SG","twitter_misc":{"Gesch\u00e4tzte Lesezeit":"2\u00a0Minuten"},"schema":{"@context":"https:\/\/schema.org","@graph":[{"@type":"WebPage","@id":"https:\/\/www.lehrmittelverlag.ch\/cms\/verlag\/verlagsprogramm\/","url":"https:\/\/www.lehrmittelverlag.ch\/cms\/verlag\/verlagsprogramm\/","name":"Verlagsprogramm - Lehrmittelverlag St. Gallen","isPartOf":{"@id":"https:\/\/www.lehrmittelverlag.ch\/cms\/#website"},"datePublished":"2022-11-14T15:20:09+00:00","dateModified":"2026-01-20T15:22:17+00:00","description":"Als produzierender Verlag entwickelt der Lehrmittelverlag St.Gallen Lehrmittel, Lern-Applikationen und Lernf\u00f6rdersysteme f\u00fcr die Volksschule.","breadcrumb":{"@id":"https:\/\/www.lehrmittelverlag.ch\/cms\/verlag\/verlagsprogramm\/#breadcrumb"},"inLanguage":"de-CH","potentialAction":[{"@type":"ReadAction","target":["https:\/\/www.lehrmittelverlag.ch\/cms\/verlag\/verlagsprogramm\/"]}]},{"@type":"BreadcrumbList","@id":"https:\/\/www.lehrmittelverlag.ch\/cms\/verlag\/verlagsprogramm\/#breadcrumb","itemListElement":[{"@type":"ListItem","position":1,"name":"Shop","item":"\/"},{"@type":"ListItem","position":2,"name":"Verlag","item":"https:\/\/www.lehrmittelverlag.ch\/cms\/verlag\/"},{"@type":"ListItem","position":3,"name":"Verlagsprogramm"}]},{"@type":"WebSite","@id":"https:\/\/www.lehrmittelverlag.ch\/cms\/#website","url":"https:\/\/www.lehrmittelverlag.ch\/cms\/","name":"Lehrmittelverlag St. Gallen","description":"","publisher":{"@id":"https:\/\/www.lehrmittelverlag.ch\/cms\/#organization"},"potentialAction":[{"@type":"SearchAction","target":{"@type":"EntryPoint","urlTemplate":"https:\/\/www.lehrmittelverlag.ch\/cms\/?s={search_term_string}"},"query-input":{"@type":"PropertyValueSpecification","valueRequired":true,"valueName":"search_term_string"}}],"inLanguage":"de-CH"},{"@type":"Organization","@id":"https:\/\/www.lehrmittelverlag.ch\/cms\/#organization","name":"Lehrmittelverlag St. Gallen","url":"https:\/\/www.lehrmittelverlag.ch\/cms\/","logo":{"@type":"ImageObject","inLanguage":"de-CH","@id":"https:\/\/www.lehrmittelverlag.ch\/cms\/#\/schema\/logo\/image\/","url":"https:\/\/www.lehrmittelverlag.ch\/cms\/wp-content\/uploads\/2022\/11\/logo-lmvsg.png","contentUrl":"https:\/\/www.lehrmittelverlag.ch\/cms\/wp-content\/uploads\/2022\/11\/logo-lmvsg.png","width":899,"height":349,"caption":"Lehrmittelverlag St. Gallen"},"image":{"@id":"https:\/\/www.lehrmittelverlag.ch\/cms\/#\/schema\/logo\/image\/"},"sameAs":["https:\/\/www.facebook.com\/LehrmittelverlagSG\/","https:\/\/x.com\/Lehrmittel_SG"]}]}},"_links":{"self":[{"href":"https:\/\/lehrmittelverlag.ch\/cms\/wp-json\/wp\/v2\/pages\/67","targetHints":{"allow":["GET"]}}],"collection":[{"href":"https:\/\/lehrmittelverlag.ch\/cms\/wp-json\/wp\/v2\/pages"}],"about":[{"href":"https:\/\/lehrmittelverlag.ch\/cms\/wp-json\/wp\/v2\/types\/page"}],"author":[{"embeddable":true,"href":"https:\/\/lehrmittelverlag.ch\/cms\/wp-json\/wp\/v2\/users\/1"}],"replies":[{"embeddable":true,"href":"https:\/\/lehrmittelverlag.ch\/cms\/wp-json\/wp\/v2\/comments?post=67"}],"version-history":[{"count":10,"href":"https:\/\/lehrmittelverlag.ch\/cms\/wp-json\/wp\/v2\/pages\/67\/revisions"}],"predecessor-version":[{"id":6971,"href":"https:\/\/lehrmittelverlag.ch\/cms\/wp-json\/wp\/v2\/pages\/67\/revisions\/6971"}],"up":[{"embeddable":true,"href":"https:\/\/lehrmittelverlag.ch\/cms\/wp-json\/wp\/v2\/pages\/66"}],"wp:attachment":[{"href":"https:\/\/lehrmittelverlag.ch\/cms\/wp-json\/wp\/v2\/media?parent=67"}],"curies":[{"name":"wp","href":"https:\/\/api.w.org\/{rel}","templated":true}]}}