{"id":68,"date":"2022-11-14T16:20:09","date_gmt":"2022-11-14T15:20:09","guid":{"rendered":"https:\/\/www.lehrmittelverlag.ch\/cms\/verlag\/ueber-uns\/"},"modified":"2026-01-27T07:41:31","modified_gmt":"2026-01-27T06:41:31","slug":"ueber-uns","status":"publish","type":"page","link":"https:\/\/lehrmittelverlag.ch\/cms\/verlag\/ueber-uns\/","title":{"rendered":"\u00dcber uns"},"content":{"rendered":"","protected":false},"excerpt":{"rendered":"","protected":false},"author":1,"featured_media":0,"parent":66,"menu_order":9,"comment_status":"closed","ping_status":"closed","template":"","meta":{"_acf_changed":false,"inline_featured_image":false,"footnotes":""},"class_list":["post-68","page","type-page","status-publish","hentry"],"acf":{"inhaltselemente":[{"acf_fc_layout":"two_cols","two_cols_flex_content_col_one":[{"acf_fc_layout":"text_element","text_element_":null,"text_element_text_element_titel":"","text_element_text_element_titel_typ":"2","text_element_text_element_titel_size":"","text_element_text_element_titel_fake":false,"text_element_text_element_content":"Der Lehrmittelverlag St.Gallen mit Sitz in Rorschach ist eine Abteilung des kantonalen Bildungsdepartements im Amt f\u00fcr Volksschule und die Verbindungsstelle zwischen Bildungspolitik und Lernmedien f\u00fcr die Volksschule.","text_element_text_element_text_size":"lead"},{"acf_fc_layout":"text_element","text_element_":null,"text_element_text_element_titel":"","text_element_text_element_titel_typ":"2","text_element_text_element_titel_size":"","text_element_text_element_titel_fake":false,"text_element_text_element_content":"<p class=\"mb-0\"><strong>Im Fokus unseres Wirkens<\/strong><\/p>\r\n\r\n<ul>\r\n \t<li>Verlagswesen: Entwicklung innovativer Lernmedien<\/li>\r\n \t<li>Buchhandel: Lehrmittelgrundversorgung mit Lernmedien diverser Verlage<\/li>\r\n<\/ul>\r\nUnsere Pionierleistung im Bereich der Lernf\u00f6rdersysteme und die gewonnenen Worlddidac Awards zeichnen uns aus. Mit der Entwicklung von innovativen Lernmedien und individuellen Beratungen zu p\u00e4dagogischen, didaktischen und inhaltlichen Themen unterst\u00fctzen wir Schulen, Lehrpersonen und Bildungsinstitutionen. Die stetige Weiterentwicklung der Bildungslandschaft und unsere Leidenschaft f\u00fcr Lernmedien treiben uns an.\r\n\r\n<strong>Starke Tools f\u00fcr smarte Schulen<\/strong>\r\nDer Lehrmittelverlag St.Gallen bietet ein vielf\u00e4ltiges Sortiment an Lehrmitteln und Lernmedien f\u00fcr analoge, digitale und hybride Unterrichtsformen \u2013 f\u00fcr einen modernen und bed\u00fcrfnisorientierten Unterricht.\r\n\r\n<strong>Gemeinsam f\u00fcr Sie da<\/strong>\r\nDas engagierte Team des Lehrmittelverlags St.Gallen verbindet Fachwissen, Empathie und effiziente Abl\u00e4ufe, um die passenden L\u00f6sungen f\u00fcr Schule und Unterricht zu entwickeln. Beratungsangebote zu Lehrmitteln, Lernmedien und Unterrichtsdigitalisierung erg\u00e4nzen das breite Sortiment \u2013 mit praxisnahen Tipps und pers\u00f6nlicher Unterst\u00fctzung.","text_element_text_element_text_size":"default"}],"two_cols_flex_content_col_two":[{"acf_fc_layout":"text_element","text_element_":null,"text_element_text_element_titel":"Kontakt","text_element_text_element_titel_typ":"5","text_element_text_element_titel_size":"","text_element_text_element_titel_fake":true,"text_element_text_element_content":"Lehrmittelverlag St.Gallen\r\nWashingtonstrasse 34\r\n9400 Rorschach\r\n\r\nT +41 (0)58 228 76 80\r\n<a href=\"mailto:info@lehrmittelverlag.ch\">info@lehrmittelverlag.ch<\/a>\r\n\r\n<strong>\u00d6ffnungszeiten<\/strong>\r\nMontag bis Freitag\r\n08.00 \u2013 12.00 Uhr\r\n13.00 \u2013 16.30 Uhr","text_element_text_element_text_size":"text-textnoserif"}],"two_cols_bgcolor":false,"two_cols_spaltenbreite":"two-third-one-third"},{"acf_fc_layout":"team"},{"acf_fc_layout":"text_element","text_element_titel":"Offene Stellen","text_element_titel_typ":"2","text_element_titel_size":"3","text_element_titel_fake":false,"text_element_titel_icon":"","text_element_content":"Aktuell sind alle Stellen besetzt.","text_element_bgcolor":false,"text_element_text_size":"default"}]},"yoast_head":"<!-- This site is optimized with the Yoast SEO plugin v27.4 - https:\/\/yoast.com\/product\/yoast-seo-wordpress\/ -->\n<title>\u00dcber uns - Lehrmittelverlag St. Gallen<\/title>\n<meta name=\"description\" content=\"Der Lehrmittelverlag St.Gallen in Rorschach ist eine Abteilung des kantonalen Bildungsdepartements im Amt f\u00fcr Volksschule.\" \/>\n<meta name=\"robots\" content=\"index, follow, max-snippet:-1, max-image-preview:large, max-video-preview:-1\" \/>\n<link rel=\"canonical\" href=\"https:\/\/lizenz.lehrmittelverlag.ch\/cms\/verlag\/ueber-uns\/\" \/>\n<meta property=\"og:locale\" content=\"de_DE\" \/>\n<meta property=\"og:type\" content=\"article\" \/>\n<meta property=\"og:title\" content=\"\u00dcber uns - Lehrmittelverlag St. Gallen\" \/>\n<meta property=\"og:description\" content=\"Der Lehrmittelverlag St.Gallen in Rorschach ist eine Abteilung des kantonalen Bildungsdepartements im Amt f\u00fcr Volksschule.\" \/>\n<meta property=\"og:url\" content=\"https:\/\/lizenz.lehrmittelverlag.ch\/cms\/verlag\/ueber-uns\/\" \/>\n<meta property=\"og:site_name\" content=\"Lehrmittelverlag St. Gallen\" \/>\n<meta property=\"article:publisher\" content=\"https:\/\/www.facebook.com\/LehrmittelverlagSG\/\" \/>\n<meta property=\"article:modified_time\" content=\"2026-01-27T06:41:31+00:00\" \/>\n<meta property=\"og:image\" content=\"https:\/\/lehrmittelverlag.ch\/cms\/wp-content\/uploads\/2022\/11\/og-image-lmvsg.png\" \/>\n\t<meta property=\"og:image:width\" content=\"1200\" \/>\n\t<meta property=\"og:image:height\" content=\"630\" \/>\n\t<meta property=\"og:image:type\" content=\"image\/png\" \/>\n<meta name=\"twitter:card\" content=\"summary_large_image\" \/>\n<meta name=\"twitter:site\" content=\"@Lehrmittel_SG\" \/>\n<meta name=\"twitter:label1\" content=\"Gesch\u00e4tzte Lesezeit\" \/>\n\t<meta name=\"twitter:data1\" content=\"2\u00a0Minuten\" \/>\n<script type=\"application\/ld+json\" class=\"yoast-schema-graph\">{\"@context\":\"https:\\\/\\\/schema.org\",\"@graph\":[{\"@type\":\"WebPage\",\"@id\":\"https:\\\/\\\/lizenz.lehrmittelverlag.ch\\\/cms\\\/verlag\\\/ueber-uns\\\/\",\"url\":\"https:\\\/\\\/lizenz.lehrmittelverlag.ch\\\/cms\\\/verlag\\\/ueber-uns\\\/\",\"name\":\"\u00dcber uns - Lehrmittelverlag St. Gallen\",\"isPartOf\":{\"@id\":\"https:\\\/\\\/www.lehrmittelverlag.ch\\\/cms\\\/#website\"},\"datePublished\":\"2022-11-14T15:20:09+00:00\",\"dateModified\":\"2026-01-27T06:41:31+00:00\",\"description\":\"Der Lehrmittelverlag St.Gallen in Rorschach ist eine Abteilung des kantonalen Bildungsdepartements im Amt f\u00fcr Volksschule.\",\"breadcrumb\":{\"@id\":\"https:\\\/\\\/lizenz.lehrmittelverlag.ch\\\/cms\\\/verlag\\\/ueber-uns\\\/#breadcrumb\"},\"inLanguage\":\"de-CH\",\"potentialAction\":[{\"@type\":\"ReadAction\",\"target\":[\"https:\\\/\\\/lizenz.lehrmittelverlag.ch\\\/cms\\\/verlag\\\/ueber-uns\\\/\"]}]},{\"@type\":\"BreadcrumbList\",\"@id\":\"https:\\\/\\\/lizenz.lehrmittelverlag.ch\\\/cms\\\/verlag\\\/ueber-uns\\\/#breadcrumb\",\"itemListElement\":[{\"@type\":\"ListItem\",\"position\":1,\"name\":\"Shop\",\"item\":\"\\\/\"},{\"@type\":\"ListItem\",\"position\":2,\"name\":\"Verlag\",\"item\":\"https:\\\/\\\/www.lehrmittelverlag.ch\\\/cms\\\/verlag\\\/\"},{\"@type\":\"ListItem\",\"position\":3,\"name\":\"\u00dcber uns\"}]},{\"@type\":\"WebSite\",\"@id\":\"https:\\\/\\\/www.lehrmittelverlag.ch\\\/cms\\\/#website\",\"url\":\"https:\\\/\\\/www.lehrmittelverlag.ch\\\/cms\\\/\",\"name\":\"Lehrmittelverlag St. Gallen\",\"description\":\"\",\"publisher\":{\"@id\":\"https:\\\/\\\/www.lehrmittelverlag.ch\\\/cms\\\/#organization\"},\"potentialAction\":[{\"@type\":\"SearchAction\",\"target\":{\"@type\":\"EntryPoint\",\"urlTemplate\":\"https:\\\/\\\/www.lehrmittelverlag.ch\\\/cms\\\/?s={search_term_string}\"},\"query-input\":{\"@type\":\"PropertyValueSpecification\",\"valueRequired\":true,\"valueName\":\"search_term_string\"}}],\"inLanguage\":\"de-CH\"},{\"@type\":\"Organization\",\"@id\":\"https:\\\/\\\/www.lehrmittelverlag.ch\\\/cms\\\/#organization\",\"name\":\"Lehrmittelverlag St. Gallen\",\"url\":\"https:\\\/\\\/www.lehrmittelverlag.ch\\\/cms\\\/\",\"logo\":{\"@type\":\"ImageObject\",\"inLanguage\":\"de-CH\",\"@id\":\"https:\\\/\\\/www.lehrmittelverlag.ch\\\/cms\\\/#\\\/schema\\\/logo\\\/image\\\/\",\"url\":\"https:\\\/\\\/www.lehrmittelverlag.ch\\\/cms\\\/wp-content\\\/uploads\\\/2022\\\/11\\\/logo-lmvsg.png\",\"contentUrl\":\"https:\\\/\\\/www.lehrmittelverlag.ch\\\/cms\\\/wp-content\\\/uploads\\\/2022\\\/11\\\/logo-lmvsg.png\",\"width\":899,\"height\":349,\"caption\":\"Lehrmittelverlag St. Gallen\"},\"image\":{\"@id\":\"https:\\\/\\\/www.lehrmittelverlag.ch\\\/cms\\\/#\\\/schema\\\/logo\\\/image\\\/\"},\"sameAs\":[\"https:\\\/\\\/www.facebook.com\\\/LehrmittelverlagSG\\\/\",\"https:\\\/\\\/x.com\\\/Lehrmittel_SG\"]}]}<\/script>\n<!-- \/ Yoast SEO plugin. -->","yoast_head_json":{"title":"\u00dcber uns - Lehrmittelverlag St. Gallen","description":"Der Lehrmittelverlag St.Gallen in Rorschach ist eine Abteilung des kantonalen Bildungsdepartements im Amt f\u00fcr Volksschule.","robots":{"index":"index","follow":"follow","max-snippet":"max-snippet:-1","max-image-preview":"max-image-preview:large","max-video-preview":"max-video-preview:-1"},"canonical":"https:\/\/lizenz.lehrmittelverlag.ch\/cms\/verlag\/ueber-uns\/","og_locale":"de_DE","og_type":"article","og_title":"\u00dcber uns - Lehrmittelverlag St. Gallen","og_description":"Der Lehrmittelverlag St.Gallen in Rorschach ist eine Abteilung des kantonalen Bildungsdepartements im Amt f\u00fcr Volksschule.","og_url":"https:\/\/lizenz.lehrmittelverlag.ch\/cms\/verlag\/ueber-uns\/","og_site_name":"Lehrmittelverlag St. Gallen","article_publisher":"https:\/\/www.facebook.com\/LehrmittelverlagSG\/","article_modified_time":"2026-01-27T06:41:31+00:00","og_image":[{"width":1200,"height":630,"url":"https:\/\/lehrmittelverlag.ch\/cms\/wp-content\/uploads\/2022\/11\/og-image-lmvsg.png","type":"image\/png"}],"twitter_card":"summary_large_image","twitter_site":"@Lehrmittel_SG","twitter_misc":{"Gesch\u00e4tzte Lesezeit":"2\u00a0Minuten"},"schema":{"@context":"https:\/\/schema.org","@graph":[{"@type":"WebPage","@id":"https:\/\/lizenz.lehrmittelverlag.ch\/cms\/verlag\/ueber-uns\/","url":"https:\/\/lizenz.lehrmittelverlag.ch\/cms\/verlag\/ueber-uns\/","name":"\u00dcber uns - Lehrmittelverlag St. Gallen","isPartOf":{"@id":"https:\/\/www.lehrmittelverlag.ch\/cms\/#website"},"datePublished":"2022-11-14T15:20:09+00:00","dateModified":"2026-01-27T06:41:31+00:00","description":"Der Lehrmittelverlag St.Gallen in Rorschach ist eine Abteilung des kantonalen Bildungsdepartements im Amt f\u00fcr Volksschule.","breadcrumb":{"@id":"https:\/\/lizenz.lehrmittelverlag.ch\/cms\/verlag\/ueber-uns\/#breadcrumb"},"inLanguage":"de-CH","potentialAction":[{"@type":"ReadAction","target":["https:\/\/lizenz.lehrmittelverlag.ch\/cms\/verlag\/ueber-uns\/"]}]},{"@type":"BreadcrumbList","@id":"https:\/\/lizenz.lehrmittelverlag.ch\/cms\/verlag\/ueber-uns\/#breadcrumb","itemListElement":[{"@type":"ListItem","position":1,"name":"Shop","item":"\/"},{"@type":"ListItem","position":2,"name":"Verlag","item":"https:\/\/www.lehrmittelverlag.ch\/cms\/verlag\/"},{"@type":"ListItem","position":3,"name":"\u00dcber uns"}]},{"@type":"WebSite","@id":"https:\/\/www.lehrmittelverlag.ch\/cms\/#website","url":"https:\/\/www.lehrmittelverlag.ch\/cms\/","name":"Lehrmittelverlag St. Gallen","description":"","publisher":{"@id":"https:\/\/www.lehrmittelverlag.ch\/cms\/#organization"},"potentialAction":[{"@type":"SearchAction","target":{"@type":"EntryPoint","urlTemplate":"https:\/\/www.lehrmittelverlag.ch\/cms\/?s={search_term_string}"},"query-input":{"@type":"PropertyValueSpecification","valueRequired":true,"valueName":"search_term_string"}}],"inLanguage":"de-CH"},{"@type":"Organization","@id":"https:\/\/www.lehrmittelverlag.ch\/cms\/#organization","name":"Lehrmittelverlag St. Gallen","url":"https:\/\/www.lehrmittelverlag.ch\/cms\/","logo":{"@type":"ImageObject","inLanguage":"de-CH","@id":"https:\/\/www.lehrmittelverlag.ch\/cms\/#\/schema\/logo\/image\/","url":"https:\/\/www.lehrmittelverlag.ch\/cms\/wp-content\/uploads\/2022\/11\/logo-lmvsg.png","contentUrl":"https:\/\/www.lehrmittelverlag.ch\/cms\/wp-content\/uploads\/2022\/11\/logo-lmvsg.png","width":899,"height":349,"caption":"Lehrmittelverlag St. Gallen"},"image":{"@id":"https:\/\/www.lehrmittelverlag.ch\/cms\/#\/schema\/logo\/image\/"},"sameAs":["https:\/\/www.facebook.com\/LehrmittelverlagSG\/","https:\/\/x.com\/Lehrmittel_SG"]}]}},"_links":{"self":[{"href":"https:\/\/lehrmittelverlag.ch\/cms\/wp-json\/wp\/v2\/pages\/68","targetHints":{"allow":["GET"]}}],"collection":[{"href":"https:\/\/lehrmittelverlag.ch\/cms\/wp-json\/wp\/v2\/pages"}],"about":[{"href":"https:\/\/lehrmittelverlag.ch\/cms\/wp-json\/wp\/v2\/types\/page"}],"author":[{"embeddable":true,"href":"https:\/\/lehrmittelverlag.ch\/cms\/wp-json\/wp\/v2\/users\/1"}],"replies":[{"embeddable":true,"href":"https:\/\/lehrmittelverlag.ch\/cms\/wp-json\/wp\/v2\/comments?post=68"}],"version-history":[{"count":10,"href":"https:\/\/lehrmittelverlag.ch\/cms\/wp-json\/wp\/v2\/pages\/68\/revisions"}],"predecessor-version":[{"id":6991,"href":"https:\/\/lehrmittelverlag.ch\/cms\/wp-json\/wp\/v2\/pages\/68\/revisions\/6991"}],"up":[{"embeddable":true,"href":"https:\/\/lehrmittelverlag.ch\/cms\/wp-json\/wp\/v2\/pages\/66"}],"wp:attachment":[{"href":"https:\/\/lehrmittelverlag.ch\/cms\/wp-json\/wp\/v2\/media?parent=68"}],"curies":[{"name":"wp","href":"https:\/\/api.w.org\/{rel}","templated":true}]}}