{"id":71,"date":"2022-11-14T16:21:53","date_gmt":"2022-11-14T15:21:53","guid":{"rendered":"https:\/\/www.lehrmittelverlag.ch\/cms\/verlag\/verlagsprogramm\/unterseite-1\/"},"modified":"2024-10-13T07:17:38","modified_gmt":"2024-10-13T05:17:38","slug":"falten-falten","status":"publish","type":"page","link":"https:\/\/lehrmittelverlag.ch\/cms\/verlag\/verlagsprogramm\/falten-falten\/","title":{"rendered":"Falten falten"},"content":{"rendered":"","protected":false},"excerpt":{"rendered":"","protected":false},"author":3,"featured_media":3703,"parent":67,"menu_order":7,"comment_status":"closed","ping_status":"closed","template":"","meta":{"_acf_changed":false,"inline_featured_image":false,"footnotes":""},"class_list":["post-71","page","type-page","status-publish","has-post-thumbnail","hentry"],"acf":{"inhaltselemente":[{"acf_fc_layout":"two_cols","two_cols_flex_content_col_one":[{"acf_fc_layout":"text_element","text_element_":null,"text_element_text_element_titel":"Ausprobieren, entwickeln, gestalten \u2013 ein inspirierendes Buch f\u00fcr Lehrpersonen, Kinder, Eltern und andere T\u00fcftelfreaks.","text_element_text_element_titel_typ":"2","text_element_text_element_titel_size":"5","text_element_text_element_titel_fake":false,"text_element_text_element_content":"Bilder und Reportagen weiten den Blick, um Falten im Alltag und in der Natur zu entdecken. Gestaltungsideen regen an, sich die Kunst des Faltens anzueignen. So beginnt mit \u00abFalten falten\u00bb eine faszinierende Entdeckungsreise in die Welt der Falten.\r\n\r\nAusgehend von einfachen Faltstrukturen werden Wege aufgezeigt, die zu neuen, eigenst\u00e4ndigen Faltobjekten f\u00fchren. \u00abBausteine\u00bb aus der Geometrie der K\u00f6rper und Fl\u00e4chen erm\u00f6glichen andersartige Gebilde. Einfache Teile aus Papier oder PET werden zu fantastischen Objekten zusammengef\u00fcgt.","text_element_text_element_text_size":"default"}],"two_cols_flex_content_col_two":[{"acf_fc_layout":"text_element","text_element_":null,"text_element_text_element_titel":"","text_element_text_element_titel_typ":"2","text_element_text_element_titel_size":"","text_element_text_element_titel_fake":false,"text_element_text_element_content":"<strong>Autorenteam<\/strong>\r\nWalter Arn, Fridolin G\u00e4hwiler\r\n\r\n<a class=\"btn btn-arrow btn-arrow--up\" href=\"https:\/\/www.faltenfalten.ch\" target=\"_blank\" rel=\"noopener\">faltenfalten.ch<\/a>","text_element_text_element_text_size":"text-textnoserif"}],"two_cols_bgcolor":false,"two_cols_spaltenbreite":"two-third-one-third"},{"acf_fc_layout":"two_cols","two_cols_flex_content_col_one":[{"acf_fc_layout":"akkordeon_element","akkordeon_element_items":[{"acf_fc_layout":"akkordeon_element_items_item","akkordeon_element_items_item_titel_akkordeon_element_items_item_titel":"Theorie","akkordeon_element_items_item_content":[{"acf_fc_layout":"text_element","text_element_":null,"text_element_text_element_titel":"","text_element_text_element_titel_typ":"2","text_element_text_element_titel_size":"","text_element_text_element_titel_fake":false,"text_element_text_element_content":"Im ersten Teil wird der Frage nachgesp\u00fcrt: Was ist eine Falte? Bilder, Hinweise und Reportagen er\u00f6ffnen eine faszinierende Faltenwelt. Falten in der Natur, in der Technik, in der Architek\u00adtur, in der Kunst weiten den Blick und helfen, beim Gestalten neue Wege zu gehen.","text_element_text_element_text_size":"default"}]},{"acf_fc_layout":"akkordeon_element_items_item","akkordeon_element_items_item_titel_akkordeon_element_items_item_titel":"Praxis","akkordeon_element_items_item_content":[{"acf_fc_layout":"text_element","text_element_":null,"text_element_text_element_titel":"","text_element_text_element_titel_typ":"2","text_element_text_element_titel_size":"","text_element_text_element_titel_fake":false,"text_element_text_element_content":"Der Praxisteil ist vielf\u00e4ltig und reicht vom einfachen Taschenleporello bis zum funktionst\u00fcchtigen Lampion. Um die scheinbar komplizierten Madeira-\u00adSterne herzustellen, wird mit \u00abBausteinen\u00bb und Schritt-\u00adf\u00fcr-\u00adSchritt-\u00adAnleitungen gearbeitet.\r\n\r\nWerden neue Objekte entwickelt, entstehen oft Unikate von erstaunlicher Eleganz. Kaum zu glauben, was aus einem Papierstreifen oder aus PET-\u00adRingen entstehen kann. Faltnetze zeigen sich dort, wo aus einem einzelnen Blatt Papier Gebrauchsgegenst\u00e4nde geschaffen werden. Krumme Falten dienen als Grundlage f\u00fcr praktische Geschenkschachteln, Kuverts oder Windr\u00e4der.\r\n\r\nKopiervorlagen, Anleitungen f\u00fcr Origami\u00ad-Objekte, Materialbezugsquellen und Literaturhin\u00adweise runden die \u00abFaltensammlung\u00bb ab.","text_element_text_element_text_size":"default"}]}]}],"two_cols_flex_content_col_two":null,"two_cols_bgcolor":false,"two_cols_spaltenbreite":"two-third-one-third"},{"acf_fc_layout":"one_col","one_col_flex_content_col_one":[{"acf_fc_layout":"text_img_element","text_img_element_text":null,"text_img_element_text_element_titel":"Falten falten","text_img_element_text_element_titel_typ":"3","text_img_element_text_element_titel_size":"","text_img_element_text_element_titel_fake":false,"text_img_element_text_element_content":"<p class=\"paragraph-noserif\"><strong>Textiles und Technisches Gestalten<\/strong>\r\n<strong>Primarstufe 3. \u2013 6. Klasse<\/strong>\r\n<strong>Oberstufe 1. \u2013 3. Klasse<\/strong><\/p>\r\nDas Buch \u00abFalten falten\u00bb \u00f6ffnet den Blick f\u00fcr Eigenschaften und Art der Falten. Das Entwickeln und Erfinden von Faltobjekten kann zu einer faszinierenden Besch\u00e4ftigung werden.\r\n\r\n<a class=\"btn-arrow\" href=\"https:\/\/www.lehrmittelverlag.ch\/falten-falten\/1560300\">Zum Shop<\/a>","text_img_element_bild":null,"text_img_element_image_element_image_element_image_element_image":260,"text_img_element_image_element_image_element_image_element_lightbox":false,"text_img_element_events":null,"text_img_element_events_element_type_category_events_element_type_category_events_element_type_category":[],"text_img_element_events_element_topic_category_events_element_topic_category_events_element_topic_category":[],"text_img_element_events_element_amount_events_element_amount_events_element_amount":"","text_img_element_":null,"text_img_element_text_element_text_size":"default","text_img_element_text_img_element_spaltenbreite":"default","text_img_element_text_img_element_orientation":"default"}],"one_col_bgcolor":true},{"acf_fc_layout":"two_cols","two_cols_flex_content_col_one":[{"acf_fc_layout":"akkordeon_element","akkordeon_element_items":[{"acf_fc_layout":"akkordeon_element_items_item","akkordeon_element_items_item_titel_akkordeon_element_items_item_titel":"Weiterf\u00fchrende Links","akkordeon_element_items_item_content":[{"acf_fc_layout":"text_img_element","text_element_text_element_titel":"","text_element_text_element_titel_typ":"2","text_element_text_element_titel_size":"","text_element_text_element_titel_fake":false,"text_element_text_element_content":"Der Praxisteil ist vielf\u00e4ltig und reicht vom einfachen Taschen\u00adleporello bis zum funktionst\u00fcchtigen Lampion. Um die scheinbar komplizierten Madeira-\u00adSterne herzustellen, wird mit Bausteinen und Schritt--f\u00fcr-\u00adSchritt-Anleitungen gearbeitet.\r\n\r\n<a class=\"btn-arrow btn-arrow--up\" href=\"https:\/\/www.faltenfalten.ch\/de\/falten-falten.html\" target=\"_blank\" rel=\"noopener\">faltenfalten.ch<\/a>","image_element_image_element_image":260,"image_element_image_element_lightbox":false,"text_element_text_size":"default","text_img_element_spaltenbreite":"default","text_img_element_orientation":"mirrored"}]},{"acf_fc_layout":"akkordeon_element_items_item","akkordeon_element_items_item_titel_akkordeon_element_items_item_titel":"Downloads","akkordeon_element_items_item_content":[{"acf_fc_layout":"text_element","text_element_":null,"text_element_text_element_titel":"","text_element_text_element_titel_typ":"2","text_element_text_element_titel_size":"","text_element_text_element_titel_fake":false,"text_element_text_element_content":"Weitere Materialien und Anleitungen finden Sie auf der Webseite des Autors.\r\n\r\n<a class=\"btn-arrow btn-arrow--up\" href=\"https:\/\/www.faltenfalten.ch\/de\/falten-falten.html\" target=\"_blank\" rel=\"noopener\">faltenfalten.ch<\/a>","text_element_text_element_text_size":"default"}]}]}],"two_cols_flex_content_col_two":null,"two_cols_bgcolor":false,"two_cols_spaltenbreite":"two-third-one-third"}]},"yoast_head":"<!-- This site is optimized with the Yoast SEO plugin v27.4 - https:\/\/yoast.com\/product\/yoast-seo-wordpress\/ -->\n<title>Falten falten - Lehrmittelverlag St. Gallen<\/title>\n<meta name=\"description\" content=\"\u00abFalten falten\u00bb: Ausprobieren, entwickeln, gestalten \u2013 ein inspirierendes Buch f\u00fcr Lehrpersonen, Kinder, Eltern und andere T\u00fcftelfreaks.\" \/>\n<meta name=\"robots\" content=\"index, follow, max-snippet:-1, max-image-preview:large, max-video-preview:-1\" \/>\n<link rel=\"canonical\" href=\"https:\/\/lehrmittelverlag.ch\/cms\/verlag\/verlagsprogramm\/falten-falten\/\" \/>\n<meta property=\"og:locale\" content=\"de_DE\" \/>\n<meta property=\"og:type\" content=\"article\" \/>\n<meta property=\"og:title\" content=\"Falten falten - Lehrmittelverlag St. Gallen\" \/>\n<meta property=\"og:description\" content=\"\u00abFalten falten\u00bb: Ausprobieren, entwickeln, gestalten \u2013 ein inspirierendes Buch f\u00fcr Lehrpersonen, Kinder, Eltern und andere T\u00fcftelfreaks.\" \/>\n<meta property=\"og:url\" content=\"https:\/\/lehrmittelverlag.ch\/cms\/verlag\/verlagsprogramm\/falten-falten\/\" \/>\n<meta property=\"og:site_name\" content=\"Lehrmittelverlag St. Gallen\" \/>\n<meta property=\"article:publisher\" content=\"https:\/\/www.facebook.com\/LehrmittelverlagSG\/\" \/>\n<meta property=\"article:modified_time\" content=\"2024-10-13T05:17:38+00:00\" \/>\n<meta property=\"og:image\" content=\"https:\/\/lehrmittelverlag.ch\/cms\/wp-content\/uploads\/2024\/10\/Falten-falten.jpg\" \/>\n\t<meta property=\"og:image:width\" content=\"500\" \/>\n\t<meta property=\"og:image:height\" content=\"500\" \/>\n\t<meta property=\"og:image:type\" content=\"image\/jpeg\" \/>\n<meta name=\"twitter:card\" content=\"summary_large_image\" \/>\n<meta name=\"twitter:site\" content=\"@Lehrmittel_SG\" \/>\n<meta name=\"twitter:label1\" content=\"Gesch\u00e4tzte Lesezeit\" \/>\n\t<meta name=\"twitter:data1\" content=\"3\u00a0Minuten\" \/>\n<script type=\"application\/ld+json\" class=\"yoast-schema-graph\">{\"@context\":\"https:\\\/\\\/schema.org\",\"@graph\":[{\"@type\":\"WebPage\",\"@id\":\"https:\\\/\\\/lehrmittelverlag.ch\\\/cms\\\/verlag\\\/verlagsprogramm\\\/falten-falten\\\/\",\"url\":\"https:\\\/\\\/lehrmittelverlag.ch\\\/cms\\\/verlag\\\/verlagsprogramm\\\/falten-falten\\\/\",\"name\":\"Falten falten - Lehrmittelverlag St. Gallen\",\"isPartOf\":{\"@id\":\"https:\\\/\\\/lehrmittelverlag.ch\\\/cms\\\/#website\"},\"primaryImageOfPage\":{\"@id\":\"https:\\\/\\\/lehrmittelverlag.ch\\\/cms\\\/verlag\\\/verlagsprogramm\\\/falten-falten\\\/#primaryimage\"},\"image\":{\"@id\":\"https:\\\/\\\/lehrmittelverlag.ch\\\/cms\\\/verlag\\\/verlagsprogramm\\\/falten-falten\\\/#primaryimage\"},\"thumbnailUrl\":\"https:\\\/\\\/lehrmittelverlag.ch\\\/cms\\\/wp-content\\\/uploads\\\/2024\\\/10\\\/Falten-falten.jpg\",\"datePublished\":\"2022-11-14T15:21:53+00:00\",\"dateModified\":\"2024-10-13T05:17:38+00:00\",\"description\":\"\u00abFalten falten\u00bb: Ausprobieren, entwickeln, gestalten \u2013 ein inspirierendes Buch f\u00fcr Lehrpersonen, Kinder, Eltern und andere T\u00fcftelfreaks.\",\"breadcrumb\":{\"@id\":\"https:\\\/\\\/lehrmittelverlag.ch\\\/cms\\\/verlag\\\/verlagsprogramm\\\/falten-falten\\\/#breadcrumb\"},\"inLanguage\":\"de-CH\",\"potentialAction\":[{\"@type\":\"ReadAction\",\"target\":[\"https:\\\/\\\/lehrmittelverlag.ch\\\/cms\\\/verlag\\\/verlagsprogramm\\\/falten-falten\\\/\"]}]},{\"@type\":\"ImageObject\",\"inLanguage\":\"de-CH\",\"@id\":\"https:\\\/\\\/lehrmittelverlag.ch\\\/cms\\\/verlag\\\/verlagsprogramm\\\/falten-falten\\\/#primaryimage\",\"url\":\"https:\\\/\\\/lehrmittelverlag.ch\\\/cms\\\/wp-content\\\/uploads\\\/2024\\\/10\\\/Falten-falten.jpg\",\"contentUrl\":\"https:\\\/\\\/lehrmittelverlag.ch\\\/cms\\\/wp-content\\\/uploads\\\/2024\\\/10\\\/Falten-falten.jpg\",\"width\":500,\"height\":500,\"caption\":\"Falten falten\"},{\"@type\":\"BreadcrumbList\",\"@id\":\"https:\\\/\\\/lehrmittelverlag.ch\\\/cms\\\/verlag\\\/verlagsprogramm\\\/falten-falten\\\/#breadcrumb\",\"itemListElement\":[{\"@type\":\"ListItem\",\"position\":1,\"name\":\"Shop\",\"item\":\"\\\/\"},{\"@type\":\"ListItem\",\"position\":2,\"name\":\"Verlag\",\"item\":\"https:\\\/\\\/lehrmittelverlag.ch\\\/cms\\\/verlag\\\/\"},{\"@type\":\"ListItem\",\"position\":3,\"name\":\"Verlagsprogramm\",\"item\":\"https:\\\/\\\/lehrmittelverlag.ch\\\/cms\\\/verlag\\\/verlagsprogramm\\\/\"},{\"@type\":\"ListItem\",\"position\":4,\"name\":\"Falten falten\"}]},{\"@type\":\"WebSite\",\"@id\":\"https:\\\/\\\/lehrmittelverlag.ch\\\/cms\\\/#website\",\"url\":\"https:\\\/\\\/lehrmittelverlag.ch\\\/cms\\\/\",\"name\":\"Lehrmittelverlag St. Gallen\",\"description\":\"\",\"publisher\":{\"@id\":\"https:\\\/\\\/lehrmittelverlag.ch\\\/cms\\\/#organization\"},\"potentialAction\":[{\"@type\":\"SearchAction\",\"target\":{\"@type\":\"EntryPoint\",\"urlTemplate\":\"https:\\\/\\\/lehrmittelverlag.ch\\\/cms\\\/?s={search_term_string}\"},\"query-input\":{\"@type\":\"PropertyValueSpecification\",\"valueRequired\":true,\"valueName\":\"search_term_string\"}}],\"inLanguage\":\"de-CH\"},{\"@type\":\"Organization\",\"@id\":\"https:\\\/\\\/lehrmittelverlag.ch\\\/cms\\\/#organization\",\"name\":\"Lehrmittelverlag St. Gallen\",\"url\":\"https:\\\/\\\/lehrmittelverlag.ch\\\/cms\\\/\",\"logo\":{\"@type\":\"ImageObject\",\"inLanguage\":\"de-CH\",\"@id\":\"https:\\\/\\\/lehrmittelverlag.ch\\\/cms\\\/#\\\/schema\\\/logo\\\/image\\\/\",\"url\":\"https:\\\/\\\/www.lehrmittelverlag.ch\\\/cms\\\/wp-content\\\/uploads\\\/2022\\\/11\\\/logo-lmvsg.png\",\"contentUrl\":\"https:\\\/\\\/www.lehrmittelverlag.ch\\\/cms\\\/wp-content\\\/uploads\\\/2022\\\/11\\\/logo-lmvsg.png\",\"width\":899,\"height\":349,\"caption\":\"Lehrmittelverlag St. Gallen\"},\"image\":{\"@id\":\"https:\\\/\\\/lehrmittelverlag.ch\\\/cms\\\/#\\\/schema\\\/logo\\\/image\\\/\"},\"sameAs\":[\"https:\\\/\\\/www.facebook.com\\\/LehrmittelverlagSG\\\/\",\"https:\\\/\\\/x.com\\\/Lehrmittel_SG\"]}]}<\/script>\n<!-- \/ Yoast SEO plugin. -->","yoast_head_json":{"title":"Falten falten - Lehrmittelverlag St. Gallen","description":"\u00abFalten falten\u00bb: Ausprobieren, entwickeln, gestalten \u2013 ein inspirierendes Buch f\u00fcr Lehrpersonen, Kinder, Eltern und andere T\u00fcftelfreaks.","robots":{"index":"index","follow":"follow","max-snippet":"max-snippet:-1","max-image-preview":"max-image-preview:large","max-video-preview":"max-video-preview:-1"},"canonical":"https:\/\/lehrmittelverlag.ch\/cms\/verlag\/verlagsprogramm\/falten-falten\/","og_locale":"de_DE","og_type":"article","og_title":"Falten falten - Lehrmittelverlag St. Gallen","og_description":"\u00abFalten falten\u00bb: Ausprobieren, entwickeln, gestalten \u2013 ein inspirierendes Buch f\u00fcr Lehrpersonen, Kinder, Eltern und andere T\u00fcftelfreaks.","og_url":"https:\/\/lehrmittelverlag.ch\/cms\/verlag\/verlagsprogramm\/falten-falten\/","og_site_name":"Lehrmittelverlag St. Gallen","article_publisher":"https:\/\/www.facebook.com\/LehrmittelverlagSG\/","article_modified_time":"2024-10-13T05:17:38+00:00","og_image":[{"width":500,"height":500,"url":"https:\/\/lehrmittelverlag.ch\/cms\/wp-content\/uploads\/2024\/10\/Falten-falten.jpg","type":"image\/jpeg"}],"twitter_card":"summary_large_image","twitter_site":"@Lehrmittel_SG","twitter_misc":{"Gesch\u00e4tzte Lesezeit":"3\u00a0Minuten"},"schema":{"@context":"https:\/\/schema.org","@graph":[{"@type":"WebPage","@id":"https:\/\/lehrmittelverlag.ch\/cms\/verlag\/verlagsprogramm\/falten-falten\/","url":"https:\/\/lehrmittelverlag.ch\/cms\/verlag\/verlagsprogramm\/falten-falten\/","name":"Falten falten - Lehrmittelverlag St. Gallen","isPartOf":{"@id":"https:\/\/lehrmittelverlag.ch\/cms\/#website"},"primaryImageOfPage":{"@id":"https:\/\/lehrmittelverlag.ch\/cms\/verlag\/verlagsprogramm\/falten-falten\/#primaryimage"},"image":{"@id":"https:\/\/lehrmittelverlag.ch\/cms\/verlag\/verlagsprogramm\/falten-falten\/#primaryimage"},"thumbnailUrl":"https:\/\/lehrmittelverlag.ch\/cms\/wp-content\/uploads\/2024\/10\/Falten-falten.jpg","datePublished":"2022-11-14T15:21:53+00:00","dateModified":"2024-10-13T05:17:38+00:00","description":"\u00abFalten falten\u00bb: Ausprobieren, entwickeln, gestalten \u2013 ein inspirierendes Buch f\u00fcr Lehrpersonen, Kinder, Eltern und andere T\u00fcftelfreaks.","breadcrumb":{"@id":"https:\/\/lehrmittelverlag.ch\/cms\/verlag\/verlagsprogramm\/falten-falten\/#breadcrumb"},"inLanguage":"de-CH","potentialAction":[{"@type":"ReadAction","target":["https:\/\/lehrmittelverlag.ch\/cms\/verlag\/verlagsprogramm\/falten-falten\/"]}]},{"@type":"ImageObject","inLanguage":"de-CH","@id":"https:\/\/lehrmittelverlag.ch\/cms\/verlag\/verlagsprogramm\/falten-falten\/#primaryimage","url":"https:\/\/lehrmittelverlag.ch\/cms\/wp-content\/uploads\/2024\/10\/Falten-falten.jpg","contentUrl":"https:\/\/lehrmittelverlag.ch\/cms\/wp-content\/uploads\/2024\/10\/Falten-falten.jpg","width":500,"height":500,"caption":"Falten falten"},{"@type":"BreadcrumbList","@id":"https:\/\/lehrmittelverlag.ch\/cms\/verlag\/verlagsprogramm\/falten-falten\/#breadcrumb","itemListElement":[{"@type":"ListItem","position":1,"name":"Shop","item":"\/"},{"@type":"ListItem","position":2,"name":"Verlag","item":"https:\/\/lehrmittelverlag.ch\/cms\/verlag\/"},{"@type":"ListItem","position":3,"name":"Verlagsprogramm","item":"https:\/\/lehrmittelverlag.ch\/cms\/verlag\/verlagsprogramm\/"},{"@type":"ListItem","position":4,"name":"Falten falten"}]},{"@type":"WebSite","@id":"https:\/\/lehrmittelverlag.ch\/cms\/#website","url":"https:\/\/lehrmittelverlag.ch\/cms\/","name":"Lehrmittelverlag St. Gallen","description":"","publisher":{"@id":"https:\/\/lehrmittelverlag.ch\/cms\/#organization"},"potentialAction":[{"@type":"SearchAction","target":{"@type":"EntryPoint","urlTemplate":"https:\/\/lehrmittelverlag.ch\/cms\/?s={search_term_string}"},"query-input":{"@type":"PropertyValueSpecification","valueRequired":true,"valueName":"search_term_string"}}],"inLanguage":"de-CH"},{"@type":"Organization","@id":"https:\/\/lehrmittelverlag.ch\/cms\/#organization","name":"Lehrmittelverlag St. Gallen","url":"https:\/\/lehrmittelverlag.ch\/cms\/","logo":{"@type":"ImageObject","inLanguage":"de-CH","@id":"https:\/\/lehrmittelverlag.ch\/cms\/#\/schema\/logo\/image\/","url":"https:\/\/www.lehrmittelverlag.ch\/cms\/wp-content\/uploads\/2022\/11\/logo-lmvsg.png","contentUrl":"https:\/\/www.lehrmittelverlag.ch\/cms\/wp-content\/uploads\/2022\/11\/logo-lmvsg.png","width":899,"height":349,"caption":"Lehrmittelverlag St. Gallen"},"image":{"@id":"https:\/\/lehrmittelverlag.ch\/cms\/#\/schema\/logo\/image\/"},"sameAs":["https:\/\/www.facebook.com\/LehrmittelverlagSG\/","https:\/\/x.com\/Lehrmittel_SG"]}]}},"_links":{"self":[{"href":"https:\/\/lehrmittelverlag.ch\/cms\/wp-json\/wp\/v2\/pages\/71","targetHints":{"allow":["GET"]}}],"collection":[{"href":"https:\/\/lehrmittelverlag.ch\/cms\/wp-json\/wp\/v2\/pages"}],"about":[{"href":"https:\/\/lehrmittelverlag.ch\/cms\/wp-json\/wp\/v2\/types\/page"}],"author":[{"embeddable":true,"href":"https:\/\/lehrmittelverlag.ch\/cms\/wp-json\/wp\/v2\/users\/3"}],"replies":[{"embeddable":true,"href":"https:\/\/lehrmittelverlag.ch\/cms\/wp-json\/wp\/v2\/comments?post=71"}],"version-history":[{"count":37,"href":"https:\/\/lehrmittelverlag.ch\/cms\/wp-json\/wp\/v2\/pages\/71\/revisions"}],"predecessor-version":[{"id":1852,"href":"https:\/\/lehrmittelverlag.ch\/cms\/wp-json\/wp\/v2\/pages\/71\/revisions\/1852"}],"up":[{"embeddable":true,"href":"https:\/\/lehrmittelverlag.ch\/cms\/wp-json\/wp\/v2\/pages\/67"}],"wp:featuredmedia":[{"embeddable":true,"href":"https:\/\/lehrmittelverlag.ch\/cms\/wp-json\/wp\/v2\/media\/3703"}],"wp:attachment":[{"href":"https:\/\/lehrmittelverlag.ch\/cms\/wp-json\/wp\/v2\/media?parent=71"}],"curies":[{"name":"wp","href":"https:\/\/api.w.org\/{rel}","templated":true}]}}