{"id":748,"date":"2023-01-24T07:56:50","date_gmt":"2023-01-24T06:56:50","guid":{"rendered":"https:\/\/www.lehrmittelverlag.ch\/cms\/?page_id=748"},"modified":"2025-08-05T10:09:03","modified_gmt":"2025-08-05T08:09:03","slug":"findibus","status":"publish","type":"page","link":"https:\/\/lehrmittelverlag.ch\/cms\/verlag\/verlagsprogramm\/findibus\/","title":{"rendered":"Findibus"},"content":{"rendered":"","protected":false},"excerpt":{"rendered":"","protected":false},"author":3,"featured_media":0,"parent":67,"menu_order":7,"comment_status":"closed","ping_status":"closed","template":"","meta":{"_acf_changed":false,"inline_featured_image":false,"footnotes":""},"class_list":["post-748","page","type-page","status-publish","hentry"],"acf":{"inhaltselemente":[{"acf_fc_layout":"two_cols","two_cols_flex_content_col_one":[{"acf_fc_layout":"text_element","text_element_":null,"text_element_text_element_titel":"\u00abFindibus\u00bb ist ein W\u00f6rterbuch f\u00fcr die 2. und 3. Klasse und hilft bei der spielerischen Erweiterung des Wortschatzes durch Fragenstellen und Schauen. ","text_element_text_element_titel_typ":"2","text_element_text_element_titel_size":"5","text_element_text_element_titel_fake":false,"text_element_text_element_content":"Kennen Sie das Wort \u00ab\u00fcberzuf\u00e4lllig\u00bb? Wenn nicht, sind Sie diesem Wort soeben zuf\u00e4llig begegnet, weil Sie diesen Text lesen. H\u00e4ufig zu finden ist dieser Begriff in wissenschaftlichen Publikationen mit statistischen Untersuchungen. Wortschatzerwerb geschieht zuf\u00e4llig. In irgendeinem Zusammenhang begegnen wir neuen W\u00f6rtern, ohne dass wir ihre Bedeutung kennen. \u00abFindibus \u2013 W\u00f6rterbuch f\u00fcr die 2. und 3. Klasse\u00bb hilft solchen Zuf\u00e4llen nach.\r\n\r\nBilderseiten zu verschiedenen Alltagsthemen animieren Kinder zum Anschauen und enthalten W\u00f6rter, die zu den Bildinhalten passen. Viele W\u00f6rter sind den Kindern bereits bekannt, andere sollen sie zus\u00e4tzlich kennenlernen. Neue W\u00f6rter treten geh\u00e4uft auf, nicht mehr zuf\u00e4llig, sondern \u00fcberzuf\u00e4llig.\r\n\r\n<img class=\"alignnone size-full wp-image-751\" src=\"https:\/\/www.lehrmittelverlag.ch\/cms\/wp-content\/uploads\/2023\/01\/Findibus_LB_geschlossen_klein.jpg\" alt=\"Alle Produkte von Findibus\" width=\"240\" height=\"180\" \/>","text_element_text_element_text_size":"default"}],"two_cols_flex_content_col_two":[{"acf_fc_layout":"text_element","text_element_":null,"text_element_text_element_titel":"","text_element_text_element_titel_typ":"2","text_element_text_element_titel_size":"","text_element_text_element_titel_fake":false,"text_element_text_element_content":"<strong>Autorenteam<\/strong>\r\nLadina Limacher, Barbara Aggeler, Roger H\u00e4ubi, Elisabeth Potztal-Hug\r\n\r\n<strong>Illustrationen und Grafik<\/strong>\r\nDebora Wagner, Cicero Berneck\r\nAndrea W\u00e4ger, Cicero Berneck\r\n\r\n<strong>Begleitteam<\/strong>\r\nDaniela M\u00fcller (Koordination)\r\nJohanna Bleiker\r\nChristina Gall\r\nElsbeth Venzin\r\n\r\n<strong>Fachdidaktische Begutachtung\u00a0<\/strong>\r\nJohanna Bleiker\r\nDozentin, P\u00e4dagogische Hochschule des Kantons St.Gallen","text_element_text_element_text_size":"text-textnoserif"}],"two_cols_bgcolor":false,"two_cols_spaltenbreite":"two-third-one-third"},{"acf_fc_layout":"two_cols","two_cols_flex_content_col_one":[{"acf_fc_layout":"akkordeon_element","akkordeon_element_items":[{"acf_fc_layout":"akkordeon_element_items_item","akkordeon_element_items_item_titel_akkordeon_element_items_item_titel":"Inhalt","akkordeon_element_items_item_content":[{"acf_fc_layout":"text_element","text_element_":null,"text_element_text_element_titel":"","text_element_text_element_titel_typ":"3","text_element_text_element_titel_size":"","text_element_text_element_titel_fake":false,"text_element_text_element_content":"W-Fragen und Auftragskarten mit gezielten Fragen und Aufgaben helfen, Wortbedeutungen durch eigenes Nachdenken zu erschliessen. \u00abFindibus\u00bb ist eine lustbetonte und zielgerichtete Erweiterung des Wortschatzes. Zus\u00e4tzlich enth\u00e4lt \u00abFindibus\u00bb ein Register mit W\u00f6rtern zum Nachschlagen. Auf diese Weise werden die Kinder auf den Umgang mit alphabetisch geordneten Wortlisten im Rechtschreibduden, in Lexika oder in Adresslisten vorbereitet. Im W\u00f6rterteil schauen die Kinder nach, wie ein Wort geschrieben wird, oder folgen den Hinweisen auf die Seitenzahlen im Bilderteil, um die Wortbedeutung zu erkennen.\r\n\r\nMithilfe von entsprechenden \u00dcbungskarten gehen die Zweit- und Drittkl\u00e4ssler auf W\u00f6rtersuche. Ein kompetenter Umgang mit dem W\u00f6rterbuch bewirkt, dass gesuchte W\u00f6rter nicht zuf\u00e4llig, sondern zunehmend sicher gefunden werden \u2013 \u00abFindibus\u00bb.\r\n\r\n110 Auftragskarten im g\u00e4ngigen Jasskartenformat sind mit Fragen f\u00fcr Such\u00fcbungen best\u00fcckt. Auf der R\u00fcckseite der jeweiligen Karte findet sich die passende Antwort. Die farbig illustrierten Karten sind gedruckt in einer Box in Verlagsshop erh\u00e4ltlich oder zum Ausdrucken als Download (siehe unten).\r\n\r\n&nbsp;","text_element_text_element_text_size":"default"}]},{"acf_fc_layout":"akkordeon_element_items_item","akkordeon_element_items_item_titel_akkordeon_element_items_item_titel":"Download","akkordeon_element_items_item_content":[{"acf_fc_layout":"text_element","text_element_":null,"text_element_text_element_titel":"","text_element_text_element_titel_typ":"2","text_element_text_element_titel_size":"","text_element_text_element_titel_fake":false,"text_element_text_element_content":"<a class=\"btn-download\" href=\"https:\/\/www.lehrmittelverlag.ch\/cms\/wp-content\/uploads\/2023\/01\/Findibus-Uebungskarten.pdf\" target=\"_blank\" rel=\"noopener\">Findibus: \u00dcbungskarten<\/a>","text_element_text_element_text_size":"default"}]}]}],"two_cols_flex_content_col_two":null,"two_cols_bgcolor":false,"two_cols_spaltenbreite":"two-third-one-third"},{"acf_fc_layout":"produkteslider","produkteslider_titel":"Findibus","produkteslider_link":"","produkteslider_product_ids":"2061100, 2062000, 2061500","produkteslider_type":"slider"}]},"yoast_head":"<!-- This site is optimized with the Yoast SEO plugin v27.3 - https:\/\/yoast.com\/product\/yoast-seo-wordpress\/ -->\n<title>Findibus - Lehrmittelverlag St. Gallen<\/title>\n<meta name=\"description\" content=\"Findibus ist ein W\u00f6rterbuch f\u00fcr die 2. und 3. Klasse und hilft bei der spielerischen Erweiterung des Wortschatzes durch Fragenstellen und Schauen.\" \/>\n<meta name=\"robots\" content=\"index, follow, max-snippet:-1, max-image-preview:large, max-video-preview:-1\" \/>\n<link rel=\"canonical\" href=\"https:\/\/www.lehrmittelverlag.ch\/cms\/verlag\/verlagsprogramm\/findibus\/\" \/>\n<meta property=\"og:locale\" content=\"de_DE\" \/>\n<meta property=\"og:type\" content=\"article\" \/>\n<meta property=\"og:title\" content=\"Findibus - Lehrmittelverlag St. Gallen\" \/>\n<meta property=\"og:description\" content=\"Findibus ist ein W\u00f6rterbuch f\u00fcr die 2. und 3. Klasse und hilft bei der spielerischen Erweiterung des Wortschatzes durch Fragenstellen und Schauen.\" \/>\n<meta property=\"og:url\" content=\"https:\/\/www.lehrmittelverlag.ch\/cms\/verlag\/verlagsprogramm\/findibus\/\" \/>\n<meta property=\"og:site_name\" content=\"Lehrmittelverlag St. Gallen\" \/>\n<meta property=\"article:publisher\" content=\"https:\/\/www.facebook.com\/LehrmittelverlagSG\/\" \/>\n<meta property=\"article:modified_time\" content=\"2025-08-05T08:09:03+00:00\" \/>\n<meta property=\"og:image\" content=\"https:\/\/lehrmittelverlag.ch\/cms\/wp-content\/uploads\/2022\/11\/og-image-lmvsg.png\" \/>\n\t<meta property=\"og:image:width\" content=\"1200\" \/>\n\t<meta property=\"og:image:height\" content=\"630\" \/>\n\t<meta property=\"og:image:type\" content=\"image\/png\" \/>\n<meta name=\"twitter:card\" content=\"summary_large_image\" \/>\n<meta name=\"twitter:site\" content=\"@Lehrmittel_SG\" \/>\n<meta name=\"twitter:label1\" content=\"Gesch\u00e4tzte Lesezeit\" \/>\n\t<meta name=\"twitter:data1\" content=\"3\u00a0Minuten\" \/>\n<script type=\"application\/ld+json\" class=\"yoast-schema-graph\">{\"@context\":\"https:\\\/\\\/schema.org\",\"@graph\":[{\"@type\":\"WebPage\",\"@id\":\"https:\\\/\\\/www.lehrmittelverlag.ch\\\/cms\\\/verlag\\\/verlagsprogramm\\\/findibus\\\/\",\"url\":\"https:\\\/\\\/www.lehrmittelverlag.ch\\\/cms\\\/verlag\\\/verlagsprogramm\\\/findibus\\\/\",\"name\":\"Findibus - Lehrmittelverlag St. Gallen\",\"isPartOf\":{\"@id\":\"https:\\\/\\\/www.lehrmittelverlag.ch\\\/cms\\\/#website\"},\"datePublished\":\"2023-01-24T06:56:50+00:00\",\"dateModified\":\"2025-08-05T08:09:03+00:00\",\"description\":\"Findibus ist ein W\u00f6rterbuch f\u00fcr die 2. und 3. Klasse und hilft bei der spielerischen Erweiterung des Wortschatzes durch Fragenstellen und Schauen.\",\"breadcrumb\":{\"@id\":\"https:\\\/\\\/www.lehrmittelverlag.ch\\\/cms\\\/verlag\\\/verlagsprogramm\\\/findibus\\\/#breadcrumb\"},\"inLanguage\":\"de-CH\",\"potentialAction\":[{\"@type\":\"ReadAction\",\"target\":[\"https:\\\/\\\/www.lehrmittelverlag.ch\\\/cms\\\/verlag\\\/verlagsprogramm\\\/findibus\\\/\"]}]},{\"@type\":\"BreadcrumbList\",\"@id\":\"https:\\\/\\\/www.lehrmittelverlag.ch\\\/cms\\\/verlag\\\/verlagsprogramm\\\/findibus\\\/#breadcrumb\",\"itemListElement\":[{\"@type\":\"ListItem\",\"position\":1,\"name\":\"Shop\",\"item\":\"\\\/\"},{\"@type\":\"ListItem\",\"position\":2,\"name\":\"Verlag\",\"item\":\"https:\\\/\\\/www.lehrmittelverlag.ch\\\/cms\\\/verlag\\\/\"},{\"@type\":\"ListItem\",\"position\":3,\"name\":\"Verlagsprogramm\",\"item\":\"https:\\\/\\\/www.lehrmittelverlag.ch\\\/cms\\\/verlag\\\/verlagsprogramm\\\/\"},{\"@type\":\"ListItem\",\"position\":4,\"name\":\"Findibus\"}]},{\"@type\":\"WebSite\",\"@id\":\"https:\\\/\\\/www.lehrmittelverlag.ch\\\/cms\\\/#website\",\"url\":\"https:\\\/\\\/www.lehrmittelverlag.ch\\\/cms\\\/\",\"name\":\"Lehrmittelverlag St. Gallen\",\"description\":\"\",\"publisher\":{\"@id\":\"https:\\\/\\\/www.lehrmittelverlag.ch\\\/cms\\\/#organization\"},\"potentialAction\":[{\"@type\":\"SearchAction\",\"target\":{\"@type\":\"EntryPoint\",\"urlTemplate\":\"https:\\\/\\\/www.lehrmittelverlag.ch\\\/cms\\\/?s={search_term_string}\"},\"query-input\":{\"@type\":\"PropertyValueSpecification\",\"valueRequired\":true,\"valueName\":\"search_term_string\"}}],\"inLanguage\":\"de-CH\"},{\"@type\":\"Organization\",\"@id\":\"https:\\\/\\\/www.lehrmittelverlag.ch\\\/cms\\\/#organization\",\"name\":\"Lehrmittelverlag St. Gallen\",\"url\":\"https:\\\/\\\/www.lehrmittelverlag.ch\\\/cms\\\/\",\"logo\":{\"@type\":\"ImageObject\",\"inLanguage\":\"de-CH\",\"@id\":\"https:\\\/\\\/www.lehrmittelverlag.ch\\\/cms\\\/#\\\/schema\\\/logo\\\/image\\\/\",\"url\":\"https:\\\/\\\/www.lehrmittelverlag.ch\\\/cms\\\/wp-content\\\/uploads\\\/2022\\\/11\\\/logo-lmvsg.png\",\"contentUrl\":\"https:\\\/\\\/www.lehrmittelverlag.ch\\\/cms\\\/wp-content\\\/uploads\\\/2022\\\/11\\\/logo-lmvsg.png\",\"width\":899,\"height\":349,\"caption\":\"Lehrmittelverlag St. Gallen\"},\"image\":{\"@id\":\"https:\\\/\\\/www.lehrmittelverlag.ch\\\/cms\\\/#\\\/schema\\\/logo\\\/image\\\/\"},\"sameAs\":[\"https:\\\/\\\/www.facebook.com\\\/LehrmittelverlagSG\\\/\",\"https:\\\/\\\/x.com\\\/Lehrmittel_SG\"]}]}<\/script>\n<!-- \/ Yoast SEO plugin. -->","yoast_head_json":{"title":"Findibus - Lehrmittelverlag St. Gallen","description":"Findibus ist ein W\u00f6rterbuch f\u00fcr die 2. und 3. Klasse und hilft bei der spielerischen Erweiterung des Wortschatzes durch Fragenstellen und Schauen.","robots":{"index":"index","follow":"follow","max-snippet":"max-snippet:-1","max-image-preview":"max-image-preview:large","max-video-preview":"max-video-preview:-1"},"canonical":"https:\/\/www.lehrmittelverlag.ch\/cms\/verlag\/verlagsprogramm\/findibus\/","og_locale":"de_DE","og_type":"article","og_title":"Findibus - Lehrmittelverlag St. Gallen","og_description":"Findibus ist ein W\u00f6rterbuch f\u00fcr die 2. und 3. Klasse und hilft bei der spielerischen Erweiterung des Wortschatzes durch Fragenstellen und Schauen.","og_url":"https:\/\/www.lehrmittelverlag.ch\/cms\/verlag\/verlagsprogramm\/findibus\/","og_site_name":"Lehrmittelverlag St. Gallen","article_publisher":"https:\/\/www.facebook.com\/LehrmittelverlagSG\/","article_modified_time":"2025-08-05T08:09:03+00:00","og_image":[{"width":1200,"height":630,"url":"https:\/\/lehrmittelverlag.ch\/cms\/wp-content\/uploads\/2022\/11\/og-image-lmvsg.png","type":"image\/png"}],"twitter_card":"summary_large_image","twitter_site":"@Lehrmittel_SG","twitter_misc":{"Gesch\u00e4tzte Lesezeit":"3\u00a0Minuten"},"schema":{"@context":"https:\/\/schema.org","@graph":[{"@type":"WebPage","@id":"https:\/\/www.lehrmittelverlag.ch\/cms\/verlag\/verlagsprogramm\/findibus\/","url":"https:\/\/www.lehrmittelverlag.ch\/cms\/verlag\/verlagsprogramm\/findibus\/","name":"Findibus - Lehrmittelverlag St. Gallen","isPartOf":{"@id":"https:\/\/www.lehrmittelverlag.ch\/cms\/#website"},"datePublished":"2023-01-24T06:56:50+00:00","dateModified":"2025-08-05T08:09:03+00:00","description":"Findibus ist ein W\u00f6rterbuch f\u00fcr die 2. und 3. Klasse und hilft bei der spielerischen Erweiterung des Wortschatzes durch Fragenstellen und Schauen.","breadcrumb":{"@id":"https:\/\/www.lehrmittelverlag.ch\/cms\/verlag\/verlagsprogramm\/findibus\/#breadcrumb"},"inLanguage":"de-CH","potentialAction":[{"@type":"ReadAction","target":["https:\/\/www.lehrmittelverlag.ch\/cms\/verlag\/verlagsprogramm\/findibus\/"]}]},{"@type":"BreadcrumbList","@id":"https:\/\/www.lehrmittelverlag.ch\/cms\/verlag\/verlagsprogramm\/findibus\/#breadcrumb","itemListElement":[{"@type":"ListItem","position":1,"name":"Shop","item":"\/"},{"@type":"ListItem","position":2,"name":"Verlag","item":"https:\/\/www.lehrmittelverlag.ch\/cms\/verlag\/"},{"@type":"ListItem","position":3,"name":"Verlagsprogramm","item":"https:\/\/www.lehrmittelverlag.ch\/cms\/verlag\/verlagsprogramm\/"},{"@type":"ListItem","position":4,"name":"Findibus"}]},{"@type":"WebSite","@id":"https:\/\/www.lehrmittelverlag.ch\/cms\/#website","url":"https:\/\/www.lehrmittelverlag.ch\/cms\/","name":"Lehrmittelverlag St. Gallen","description":"","publisher":{"@id":"https:\/\/www.lehrmittelverlag.ch\/cms\/#organization"},"potentialAction":[{"@type":"SearchAction","target":{"@type":"EntryPoint","urlTemplate":"https:\/\/www.lehrmittelverlag.ch\/cms\/?s={search_term_string}"},"query-input":{"@type":"PropertyValueSpecification","valueRequired":true,"valueName":"search_term_string"}}],"inLanguage":"de-CH"},{"@type":"Organization","@id":"https:\/\/www.lehrmittelverlag.ch\/cms\/#organization","name":"Lehrmittelverlag St. Gallen","url":"https:\/\/www.lehrmittelverlag.ch\/cms\/","logo":{"@type":"ImageObject","inLanguage":"de-CH","@id":"https:\/\/www.lehrmittelverlag.ch\/cms\/#\/schema\/logo\/image\/","url":"https:\/\/www.lehrmittelverlag.ch\/cms\/wp-content\/uploads\/2022\/11\/logo-lmvsg.png","contentUrl":"https:\/\/www.lehrmittelverlag.ch\/cms\/wp-content\/uploads\/2022\/11\/logo-lmvsg.png","width":899,"height":349,"caption":"Lehrmittelverlag St. Gallen"},"image":{"@id":"https:\/\/www.lehrmittelverlag.ch\/cms\/#\/schema\/logo\/image\/"},"sameAs":["https:\/\/www.facebook.com\/LehrmittelverlagSG\/","https:\/\/x.com\/Lehrmittel_SG"]}]}},"_links":{"self":[{"href":"https:\/\/lehrmittelverlag.ch\/cms\/wp-json\/wp\/v2\/pages\/748","targetHints":{"allow":["GET"]}}],"collection":[{"href":"https:\/\/lehrmittelverlag.ch\/cms\/wp-json\/wp\/v2\/pages"}],"about":[{"href":"https:\/\/lehrmittelverlag.ch\/cms\/wp-json\/wp\/v2\/types\/page"}],"author":[{"embeddable":true,"href":"https:\/\/lehrmittelverlag.ch\/cms\/wp-json\/wp\/v2\/users\/3"}],"replies":[{"embeddable":true,"href":"https:\/\/lehrmittelverlag.ch\/cms\/wp-json\/wp\/v2\/comments?post=748"}],"version-history":[{"count":10,"href":"https:\/\/lehrmittelverlag.ch\/cms\/wp-json\/wp\/v2\/pages\/748\/revisions"}],"predecessor-version":[{"id":5413,"href":"https:\/\/lehrmittelverlag.ch\/cms\/wp-json\/wp\/v2\/pages\/748\/revisions\/5413"}],"up":[{"embeddable":true,"href":"https:\/\/lehrmittelverlag.ch\/cms\/wp-json\/wp\/v2\/pages\/67"}],"wp:attachment":[{"href":"https:\/\/lehrmittelverlag.ch\/cms\/wp-json\/wp\/v2\/media?parent=748"}],"curies":[{"name":"wp","href":"https:\/\/api.w.org\/{rel}","templated":true}]}}