{"id":782,"date":"2023-01-24T09:29:20","date_gmt":"2023-01-24T08:29:20","guid":{"rendered":"https:\/\/www.lehrmittelverlag.ch\/cms\/?page_id=782"},"modified":"2024-10-13T07:10:19","modified_gmt":"2024-10-13T05:10:19","slug":"tuerme-und-windraeder","status":"publish","type":"page","link":"https:\/\/lehrmittelverlag.ch\/cms\/verlag\/verlagsprogramm\/tuerme-und-windraeder\/","title":{"rendered":"T\u00fcrme und Windr\u00e4der"},"content":{"rendered":"","protected":false},"excerpt":{"rendered":"","protected":false},"author":3,"featured_media":3697,"parent":67,"menu_order":7,"comment_status":"closed","ping_status":"closed","template":"","meta":{"_acf_changed":false,"inline_featured_image":false,"footnotes":""},"class_list":["post-782","page","type-page","status-publish","has-post-thumbnail","hentry"],"acf":{"inhaltselemente":[{"acf_fc_layout":"two_cols","two_cols_flex_content_col_one":[{"acf_fc_layout":"text_element","text_element_":null,"text_element_text_element_titel":"Das Handbuch f\u00fcr Konstruktionsfreaks: T\u00fcrme und Windr\u00e4der selber konstruieren und gestalten.","text_element_text_element_titel_typ":"2","text_element_text_element_titel_size":"5","text_element_text_element_titel_fake":false,"text_element_text_element_content":"Inspiriert von der Natur und angeregt durch technische Ph\u00e4nomene werden Zusammenh\u00e4nge ergr\u00fcndet und Grundlagen zum Werken und Gestalten geschaffen. Mit diesem Wissen k\u00f6nnen selber T\u00fcrme gebaut und Windr\u00e4der konstruiert werden.\r\n\r\nAlle Anleitungen sind praktisch aufbereitet und illustriert und eignen sich f\u00fcr Kinder ab zehn Jahren, f\u00fcr Jugendliche und Erwachsene. Ein Sach- und Geschichtsbuch f\u00fcr Lehrpersonen, Kinder, Eltern und andere Konstruktionsfreaks.\r\n\r\n<img class=\"aligncenter wp-image-799 size-medium\" src=\"https:\/\/www.lehrmittelverlag.ch\/cms\/wp-content\/uploads\/2023\/01\/lmvsg-tuerme-innenseite-300x244.jpg\" alt=\"Innenseite T\u00fcrrme-Handbuch\" width=\"300\" height=\"244\" \/>","text_element_text_element_text_size":"default"}],"two_cols_flex_content_col_two":[{"acf_fc_layout":"text_element","text_element_":null,"text_element_text_element_titel":"","text_element_text_element_titel_typ":"2","text_element_text_element_titel_size":"","text_element_text_element_titel_fake":false,"text_element_text_element_content":"<strong>Autor<\/strong>\r\nWalter Arn\r\n\r\n<a class=\"btn btn-arrow btn-arrow--up\" href=\"https:\/\/www.faltenfalten.ch\/de\/tuerme--windraeder.html\" target=\"_blank\" rel=\"noopener\">Zur Webseite<\/a>","text_element_text_element_text_size":"text-textnoserif"}],"two_cols_bgcolor":false,"two_cols_spaltenbreite":"two-third-one-third"},{"acf_fc_layout":"two_cols","two_cols_flex_content_col_one":[{"acf_fc_layout":"akkordeon_element","akkordeon_element_items":[{"acf_fc_layout":"akkordeon_element_items_item","akkordeon_element_items_item_titel_akkordeon_element_items_item_titel":"Theorie","akkordeon_element_items_item_content":[{"acf_fc_layout":"text_element","text_element_":null,"text_element_text_element_titel":"","text_element_text_element_titel_typ":"2","text_element_text_element_titel_size":"","text_element_text_element_titel_fake":false,"text_element_text_element_content":"Obwohl der Inhalt zum Bereich \u00abWerken und Gestalten\u00bb geh\u00f6rt, ist diese Publikation Sach- und Geschichtsbuch zugleich. T\u00fcrme und Windr\u00e4der werden in zwei Kapiteln von der Sachebene und der Geschichte her beleuchtet und beschrieben.\r\n\r\nWas ist ein Turm? Wie funktioniert ein Windrad? Scheinbar einfache Fragen l\u00f6sen komplexe Gedankeng\u00e4nge aus. Hintergrundinformationen f\u00fchren zu praktischen Ideen. Natur- und Technikgeschichten liefern Anregungen zum Finden, Erfinden, Konstruieren und Gestalten. Wie PET-Flaschen zu Windr\u00e4dern umgeformt werden (Bionik), leitet sich beispielsweise von der Oberfl\u00e4che der Wanzeneier ab. Auch das Aufwind-Kraftwerk, das Leonardo da Vinci um 1400 entworfen hat, dient als Ausgangspunkt f\u00fcr neue Ideen.","text_element_text_element_text_size":"default"}]},{"acf_fc_layout":"akkordeon_element_items_item","akkordeon_element_items_item_titel_akkordeon_element_items_item_titel":"Praxis","akkordeon_element_items_item_content":[{"acf_fc_layout":"text_element","text_element_":null,"text_element_text_element_titel":"","text_element_text_element_titel_typ":"2","text_element_text_element_titel_size":"","text_element_text_element_titel_fake":false,"text_element_text_element_content":"Zwei Kapitel motivieren zum gestalterischen Tun und zum Experimentieren. Dieses Buch enth\u00e4lt Grundlagen, um T\u00fcrme und Windr\u00e4der zu entwickeln, zu erfinden und zu konstruieren. Wer T\u00fcrme baut, setzt sich mit dem Material, den Kr\u00e4ften, dem Raum auseinander, entdeckt Ordnungen und Anordnungen. Mit Hilfe von Bauelementen wird nach H\u00f6he gestrebt und Standfestigkeit ermittelt. Auch Windr\u00e4der zu konstruieren, ist faszinierend. Ausgehend vom klassischen Windrad werden Dutzende von Windr\u00e4derarten aus unterschiedlichen Materialien und Bauweisen vorgestellt.","text_element_text_element_text_size":"default"}]}]}],"two_cols_flex_content_col_two":null,"two_cols_bgcolor":false,"two_cols_spaltenbreite":"two-third-one-third"},{"acf_fc_layout":"one_col","one_col_flex_content_col_one":[{"acf_fc_layout":"text_img_element","text_img_element_text":null,"text_img_element_text_element_titel":"T\u00fcrme und Windr\u00e4der","text_img_element_text_element_titel_typ":"3","text_img_element_text_element_titel_size":"","text_img_element_text_element_titel_fake":false,"text_img_element_text_element_content":"<p class=\"paragraph-noserif\"><strong>Textiles und Technisches Gestalten<\/strong>\r\n<strong>Primarstufe 5. \u2013 6. Klasse\r\n<\/strong><strong>Oberstufe 1. \u2013 3. Klasse<\/strong><\/p>\r\nDas Buch \u00abFalten falten\u00bb \u00f6ffnet den Blick f\u00fcr Eigenschaften und Art der Falten. Das Entwickeln und Erfinden von Faltobjekten kann zu einer faszinierenden Besch\u00e4ftigung werden.\r\n\r\n<a class=\"btn-arrow\" href=\"\/tuerme-und-windraeder\/1560200\" target=\"_blank\" rel=\"noopener\">Zum Shop<\/a>","text_img_element_bild":null,"text_img_element_image_element_image_element_image_element_image":793,"text_img_element_image_element_image_element_image_element_lightbox":false,"text_img_element_events":null,"text_img_element_events_element_type_category_events_element_type_category_events_element_type_category":[],"text_img_element_events_element_topic_category_events_element_topic_category_events_element_topic_category":[],"text_img_element_events_element_amount_events_element_amount_events_element_amount":"","text_img_element_":null,"text_img_element_text_element_text_size":"default","text_img_element_text_img_element_spaltenbreite":"default","text_img_element_text_img_element_orientation":"default"}],"one_col_bgcolor":true},{"acf_fc_layout":"two_cols","two_cols_flex_content_col_one":[{"acf_fc_layout":"akkordeon_element","akkordeon_element_items":[{"acf_fc_layout":"akkordeon_element_items_item","akkordeon_element_items_item_titel_akkordeon_element_items_item_titel":"Weiterf\u00fchrende Links","akkordeon_element_items_item_content":[{"acf_fc_layout":"text_img_element","text_element_text_element_titel":"","text_element_text_element_titel_typ":"2","text_element_text_element_titel_size":"","text_element_text_element_titel_fake":false,"text_element_text_element_content":"Weitere Materialien und Anleitungen finden Sie auf der Webseite des Autors.\r\n\r\n<a class=\"btn-arrow btn-arrow--up\" href=\"https:\/\/www.faltenfalten.ch\/de\/falten-falten.html\" target=\"_blank\" rel=\"noopener\">Zur Webseite<\/a>","image_element_image_element_image":799,"image_element_image_element_lightbox":false,"text_element_text_size":"default","text_img_element_spaltenbreite":"default","text_img_element_orientation":"mirrored"}]},{"acf_fc_layout":"akkordeon_element_items_item","akkordeon_element_items_item_titel_akkordeon_element_items_item_titel":"Downloads","akkordeon_element_items_item_content":[{"acf_fc_layout":"text_element","text_element_":null,"text_element_text_element_titel":"","text_element_text_element_titel_typ":"2","text_element_text_element_titel_size":"","text_element_text_element_titel_fake":false,"text_element_text_element_content":"Selber T\u00fcrme und Windr\u00e4der entwickeln, finden, erfinden, konstruieren und produzieren \u2013 daf\u00fcr bietet dieses Buch einmalige Grundlagen. Es zeigt, dass auch die Natur Anregungen liefert: Zum Beispiel kann von der Oberfl\u00e4che der Wanzeneier gelernt werden, wie PET-Flaschen zu Windr\u00e4dern umgeformt werden k\u00f6nnen (Bionik).\r\n\r\n<a class=\"btn-download\" href=\"https:\/\/www.lehrmittelverlag.ch\/cms\/wp-content\/uploads\/2023\/01\/Tuerme-und-Windraeder-Inhaltsverzeichnis.pdf\" target=\"_blank\" rel=\"noopener\">T\u00fcrme und Windr\u00e4der Inhaltsverzeichnis<\/a>\r\n<a class=\"btn-download\" href=\"https:\/\/www.lehrmittelverlag.ch\/cms\/wp-content\/uploads\/2023\/01\/Tuerme-und-Windraeder_Zusatzmaterial1.pdf\" target=\"_blank\" rel=\"noopener\">T\u00fcrme und Windr\u00e4der: Zusatzmaterial I<\/a>\r\n<a class=\"btn-download\" href=\"https:\/\/www.lehrmittelverlag.ch\/cms\/wp-content\/uploads\/2023\/01\/Tuerme-und-Windraeder_Zusatzmaterial_II1.pdf\" target=\"_blank\" rel=\"noopener\">T\u00fcrme und Windr\u00e4der: Zusatzmaterial II<\/a>\r\n<a class=\"btn-download\" href=\"https:\/\/www.lehrmittelverlag.ch\/cms\/wp-content\/uploads\/2023\/01\/Tuerme-und-Windraeder-Gyro-Papier-Windrad.pdf\" target=\"_blank\" rel=\"noopener\">T\u00fcrme und Windr\u00e4der: Gyro-Papier-Windrad<\/a>\r\n<a class=\"btn-download\" href=\"https:\/\/www.lehrmittelverlag.ch\/cms\/wp-content\/uploads\/2023\/01\/Tuerme-und-Windraeder-Roehren-Stecktuerme.pdf\" target=\"_blank\" rel=\"noopener\">T\u00fcrme und Windr\u00e4der: R\u00f6hren-Steckt\u00fcrme<\/a>","text_element_text_element_text_size":"default"}]}]}],"two_cols_flex_content_col_two":null,"two_cols_bgcolor":false,"two_cols_spaltenbreite":"two-third-one-third"}]},"yoast_head":"<!-- This site is optimized with the Yoast SEO plugin v27.4 - https:\/\/yoast.com\/product\/yoast-seo-wordpress\/ -->\n<title>T\u00fcrme und Windr\u00e4der - Lehrmittelverlag St. Gallen<\/title>\n<meta name=\"description\" content=\"T\u00fcrme und Windr\u00e4der - Alle Anleitungen sind praktisch aufbereitet und eignen sich f\u00fcr Kinder ab zehn Jahren, f\u00fcr Jugendliche und Erwachsene.\" \/>\n<meta name=\"robots\" content=\"index, follow, max-snippet:-1, max-image-preview:large, max-video-preview:-1\" \/>\n<link rel=\"canonical\" href=\"https:\/\/lehrmittelverlag.ch\/cms\/verlag\/verlagsprogramm\/tuerme-und-windraeder\/\" \/>\n<meta property=\"og:locale\" content=\"de_DE\" \/>\n<meta property=\"og:type\" content=\"article\" \/>\n<meta property=\"og:title\" content=\"T\u00fcrme und Windr\u00e4der - Lehrmittelverlag St. Gallen\" \/>\n<meta property=\"og:description\" content=\"T\u00fcrme und Windr\u00e4der - Alle Anleitungen sind praktisch aufbereitet und eignen sich f\u00fcr Kinder ab zehn Jahren, f\u00fcr Jugendliche und Erwachsene.\" \/>\n<meta property=\"og:url\" content=\"https:\/\/lehrmittelverlag.ch\/cms\/verlag\/verlagsprogramm\/tuerme-und-windraeder\/\" \/>\n<meta property=\"og:site_name\" content=\"Lehrmittelverlag St. Gallen\" \/>\n<meta property=\"article:publisher\" content=\"https:\/\/www.facebook.com\/LehrmittelverlagSG\/\" \/>\n<meta property=\"article:modified_time\" content=\"2024-10-13T05:10:19+00:00\" \/>\n<meta property=\"og:image\" content=\"https:\/\/lehrmittelverlag.ch\/cms\/wp-content\/uploads\/2024\/10\/Tuerme-und-Windraeder.jpg\" \/>\n\t<meta property=\"og:image:width\" content=\"500\" \/>\n\t<meta property=\"og:image:height\" content=\"500\" \/>\n\t<meta property=\"og:image:type\" content=\"image\/jpeg\" \/>\n<meta name=\"twitter:card\" content=\"summary_large_image\" \/>\n<meta name=\"twitter:site\" content=\"@Lehrmittel_SG\" \/>\n<meta name=\"twitter:label1\" content=\"Gesch\u00e4tzte Lesezeit\" \/>\n\t<meta name=\"twitter:data1\" content=\"3\u00a0Minuten\" \/>\n<script type=\"application\/ld+json\" class=\"yoast-schema-graph\">{\"@context\":\"https:\\\/\\\/schema.org\",\"@graph\":[{\"@type\":\"WebPage\",\"@id\":\"https:\\\/\\\/lehrmittelverlag.ch\\\/cms\\\/verlag\\\/verlagsprogramm\\\/tuerme-und-windraeder\\\/\",\"url\":\"https:\\\/\\\/lehrmittelverlag.ch\\\/cms\\\/verlag\\\/verlagsprogramm\\\/tuerme-und-windraeder\\\/\",\"name\":\"T\u00fcrme und Windr\u00e4der - Lehrmittelverlag St. Gallen\",\"isPartOf\":{\"@id\":\"https:\\\/\\\/lehrmittelverlag.ch\\\/cms\\\/#website\"},\"primaryImageOfPage\":{\"@id\":\"https:\\\/\\\/lehrmittelverlag.ch\\\/cms\\\/verlag\\\/verlagsprogramm\\\/tuerme-und-windraeder\\\/#primaryimage\"},\"image\":{\"@id\":\"https:\\\/\\\/lehrmittelverlag.ch\\\/cms\\\/verlag\\\/verlagsprogramm\\\/tuerme-und-windraeder\\\/#primaryimage\"},\"thumbnailUrl\":\"https:\\\/\\\/lehrmittelverlag.ch\\\/cms\\\/wp-content\\\/uploads\\\/2024\\\/10\\\/Tuerme-und-Windraeder.jpg\",\"datePublished\":\"2023-01-24T08:29:20+00:00\",\"dateModified\":\"2024-10-13T05:10:19+00:00\",\"description\":\"T\u00fcrme und Windr\u00e4der - Alle Anleitungen sind praktisch aufbereitet und eignen sich f\u00fcr Kinder ab zehn Jahren, f\u00fcr Jugendliche und Erwachsene.\",\"breadcrumb\":{\"@id\":\"https:\\\/\\\/lehrmittelverlag.ch\\\/cms\\\/verlag\\\/verlagsprogramm\\\/tuerme-und-windraeder\\\/#breadcrumb\"},\"inLanguage\":\"de-CH\",\"potentialAction\":[{\"@type\":\"ReadAction\",\"target\":[\"https:\\\/\\\/lehrmittelverlag.ch\\\/cms\\\/verlag\\\/verlagsprogramm\\\/tuerme-und-windraeder\\\/\"]}]},{\"@type\":\"ImageObject\",\"inLanguage\":\"de-CH\",\"@id\":\"https:\\\/\\\/lehrmittelverlag.ch\\\/cms\\\/verlag\\\/verlagsprogramm\\\/tuerme-und-windraeder\\\/#primaryimage\",\"url\":\"https:\\\/\\\/lehrmittelverlag.ch\\\/cms\\\/wp-content\\\/uploads\\\/2024\\\/10\\\/Tuerme-und-Windraeder.jpg\",\"contentUrl\":\"https:\\\/\\\/lehrmittelverlag.ch\\\/cms\\\/wp-content\\\/uploads\\\/2024\\\/10\\\/Tuerme-und-Windraeder.jpg\",\"width\":500,\"height\":500,\"caption\":\"T\u00fcrme und Windr\u00e4der\"},{\"@type\":\"BreadcrumbList\",\"@id\":\"https:\\\/\\\/lehrmittelverlag.ch\\\/cms\\\/verlag\\\/verlagsprogramm\\\/tuerme-und-windraeder\\\/#breadcrumb\",\"itemListElement\":[{\"@type\":\"ListItem\",\"position\":1,\"name\":\"Shop\",\"item\":\"\\\/\"},{\"@type\":\"ListItem\",\"position\":2,\"name\":\"Verlag\",\"item\":\"https:\\\/\\\/lehrmittelverlag.ch\\\/cms\\\/verlag\\\/\"},{\"@type\":\"ListItem\",\"position\":3,\"name\":\"Verlagsprogramm\",\"item\":\"https:\\\/\\\/lehrmittelverlag.ch\\\/cms\\\/verlag\\\/verlagsprogramm\\\/\"},{\"@type\":\"ListItem\",\"position\":4,\"name\":\"T\u00fcrme und Windr\u00e4der\"}]},{\"@type\":\"WebSite\",\"@id\":\"https:\\\/\\\/lehrmittelverlag.ch\\\/cms\\\/#website\",\"url\":\"https:\\\/\\\/lehrmittelverlag.ch\\\/cms\\\/\",\"name\":\"Lehrmittelverlag St. Gallen\",\"description\":\"\",\"publisher\":{\"@id\":\"https:\\\/\\\/lehrmittelverlag.ch\\\/cms\\\/#organization\"},\"potentialAction\":[{\"@type\":\"SearchAction\",\"target\":{\"@type\":\"EntryPoint\",\"urlTemplate\":\"https:\\\/\\\/lehrmittelverlag.ch\\\/cms\\\/?s={search_term_string}\"},\"query-input\":{\"@type\":\"PropertyValueSpecification\",\"valueRequired\":true,\"valueName\":\"search_term_string\"}}],\"inLanguage\":\"de-CH\"},{\"@type\":\"Organization\",\"@id\":\"https:\\\/\\\/lehrmittelverlag.ch\\\/cms\\\/#organization\",\"name\":\"Lehrmittelverlag St. Gallen\",\"url\":\"https:\\\/\\\/lehrmittelverlag.ch\\\/cms\\\/\",\"logo\":{\"@type\":\"ImageObject\",\"inLanguage\":\"de-CH\",\"@id\":\"https:\\\/\\\/lehrmittelverlag.ch\\\/cms\\\/#\\\/schema\\\/logo\\\/image\\\/\",\"url\":\"https:\\\/\\\/www.lehrmittelverlag.ch\\\/cms\\\/wp-content\\\/uploads\\\/2022\\\/11\\\/logo-lmvsg.png\",\"contentUrl\":\"https:\\\/\\\/www.lehrmittelverlag.ch\\\/cms\\\/wp-content\\\/uploads\\\/2022\\\/11\\\/logo-lmvsg.png\",\"width\":899,\"height\":349,\"caption\":\"Lehrmittelverlag St. Gallen\"},\"image\":{\"@id\":\"https:\\\/\\\/lehrmittelverlag.ch\\\/cms\\\/#\\\/schema\\\/logo\\\/image\\\/\"},\"sameAs\":[\"https:\\\/\\\/www.facebook.com\\\/LehrmittelverlagSG\\\/\",\"https:\\\/\\\/x.com\\\/Lehrmittel_SG\"]}]}<\/script>\n<!-- \/ Yoast SEO plugin. -->","yoast_head_json":{"title":"T\u00fcrme und Windr\u00e4der - Lehrmittelverlag St. Gallen","description":"T\u00fcrme und Windr\u00e4der - Alle Anleitungen sind praktisch aufbereitet und eignen sich f\u00fcr Kinder ab zehn Jahren, f\u00fcr Jugendliche und Erwachsene.","robots":{"index":"index","follow":"follow","max-snippet":"max-snippet:-1","max-image-preview":"max-image-preview:large","max-video-preview":"max-video-preview:-1"},"canonical":"https:\/\/lehrmittelverlag.ch\/cms\/verlag\/verlagsprogramm\/tuerme-und-windraeder\/","og_locale":"de_DE","og_type":"article","og_title":"T\u00fcrme und Windr\u00e4der - Lehrmittelverlag St. Gallen","og_description":"T\u00fcrme und Windr\u00e4der - Alle Anleitungen sind praktisch aufbereitet und eignen sich f\u00fcr Kinder ab zehn Jahren, f\u00fcr Jugendliche und Erwachsene.","og_url":"https:\/\/lehrmittelverlag.ch\/cms\/verlag\/verlagsprogramm\/tuerme-und-windraeder\/","og_site_name":"Lehrmittelverlag St. Gallen","article_publisher":"https:\/\/www.facebook.com\/LehrmittelverlagSG\/","article_modified_time":"2024-10-13T05:10:19+00:00","og_image":[{"width":500,"height":500,"url":"https:\/\/lehrmittelverlag.ch\/cms\/wp-content\/uploads\/2024\/10\/Tuerme-und-Windraeder.jpg","type":"image\/jpeg"}],"twitter_card":"summary_large_image","twitter_site":"@Lehrmittel_SG","twitter_misc":{"Gesch\u00e4tzte Lesezeit":"3\u00a0Minuten"},"schema":{"@context":"https:\/\/schema.org","@graph":[{"@type":"WebPage","@id":"https:\/\/lehrmittelverlag.ch\/cms\/verlag\/verlagsprogramm\/tuerme-und-windraeder\/","url":"https:\/\/lehrmittelverlag.ch\/cms\/verlag\/verlagsprogramm\/tuerme-und-windraeder\/","name":"T\u00fcrme und Windr\u00e4der - Lehrmittelverlag St. Gallen","isPartOf":{"@id":"https:\/\/lehrmittelverlag.ch\/cms\/#website"},"primaryImageOfPage":{"@id":"https:\/\/lehrmittelverlag.ch\/cms\/verlag\/verlagsprogramm\/tuerme-und-windraeder\/#primaryimage"},"image":{"@id":"https:\/\/lehrmittelverlag.ch\/cms\/verlag\/verlagsprogramm\/tuerme-und-windraeder\/#primaryimage"},"thumbnailUrl":"https:\/\/lehrmittelverlag.ch\/cms\/wp-content\/uploads\/2024\/10\/Tuerme-und-Windraeder.jpg","datePublished":"2023-01-24T08:29:20+00:00","dateModified":"2024-10-13T05:10:19+00:00","description":"T\u00fcrme und Windr\u00e4der - Alle Anleitungen sind praktisch aufbereitet und eignen sich f\u00fcr Kinder ab zehn Jahren, f\u00fcr Jugendliche und Erwachsene.","breadcrumb":{"@id":"https:\/\/lehrmittelverlag.ch\/cms\/verlag\/verlagsprogramm\/tuerme-und-windraeder\/#breadcrumb"},"inLanguage":"de-CH","potentialAction":[{"@type":"ReadAction","target":["https:\/\/lehrmittelverlag.ch\/cms\/verlag\/verlagsprogramm\/tuerme-und-windraeder\/"]}]},{"@type":"ImageObject","inLanguage":"de-CH","@id":"https:\/\/lehrmittelverlag.ch\/cms\/verlag\/verlagsprogramm\/tuerme-und-windraeder\/#primaryimage","url":"https:\/\/lehrmittelverlag.ch\/cms\/wp-content\/uploads\/2024\/10\/Tuerme-und-Windraeder.jpg","contentUrl":"https:\/\/lehrmittelverlag.ch\/cms\/wp-content\/uploads\/2024\/10\/Tuerme-und-Windraeder.jpg","width":500,"height":500,"caption":"T\u00fcrme und Windr\u00e4der"},{"@type":"BreadcrumbList","@id":"https:\/\/lehrmittelverlag.ch\/cms\/verlag\/verlagsprogramm\/tuerme-und-windraeder\/#breadcrumb","itemListElement":[{"@type":"ListItem","position":1,"name":"Shop","item":"\/"},{"@type":"ListItem","position":2,"name":"Verlag","item":"https:\/\/lehrmittelverlag.ch\/cms\/verlag\/"},{"@type":"ListItem","position":3,"name":"Verlagsprogramm","item":"https:\/\/lehrmittelverlag.ch\/cms\/verlag\/verlagsprogramm\/"},{"@type":"ListItem","position":4,"name":"T\u00fcrme und Windr\u00e4der"}]},{"@type":"WebSite","@id":"https:\/\/lehrmittelverlag.ch\/cms\/#website","url":"https:\/\/lehrmittelverlag.ch\/cms\/","name":"Lehrmittelverlag St. Gallen","description":"","publisher":{"@id":"https:\/\/lehrmittelverlag.ch\/cms\/#organization"},"potentialAction":[{"@type":"SearchAction","target":{"@type":"EntryPoint","urlTemplate":"https:\/\/lehrmittelverlag.ch\/cms\/?s={search_term_string}"},"query-input":{"@type":"PropertyValueSpecification","valueRequired":true,"valueName":"search_term_string"}}],"inLanguage":"de-CH"},{"@type":"Organization","@id":"https:\/\/lehrmittelverlag.ch\/cms\/#organization","name":"Lehrmittelverlag St. Gallen","url":"https:\/\/lehrmittelverlag.ch\/cms\/","logo":{"@type":"ImageObject","inLanguage":"de-CH","@id":"https:\/\/lehrmittelverlag.ch\/cms\/#\/schema\/logo\/image\/","url":"https:\/\/www.lehrmittelverlag.ch\/cms\/wp-content\/uploads\/2022\/11\/logo-lmvsg.png","contentUrl":"https:\/\/www.lehrmittelverlag.ch\/cms\/wp-content\/uploads\/2022\/11\/logo-lmvsg.png","width":899,"height":349,"caption":"Lehrmittelverlag St. Gallen"},"image":{"@id":"https:\/\/lehrmittelverlag.ch\/cms\/#\/schema\/logo\/image\/"},"sameAs":["https:\/\/www.facebook.com\/LehrmittelverlagSG\/","https:\/\/x.com\/Lehrmittel_SG"]}]}},"_links":{"self":[{"href":"https:\/\/lehrmittelverlag.ch\/cms\/wp-json\/wp\/v2\/pages\/782","targetHints":{"allow":["GET"]}}],"collection":[{"href":"https:\/\/lehrmittelverlag.ch\/cms\/wp-json\/wp\/v2\/pages"}],"about":[{"href":"https:\/\/lehrmittelverlag.ch\/cms\/wp-json\/wp\/v2\/types\/page"}],"author":[{"embeddable":true,"href":"https:\/\/lehrmittelverlag.ch\/cms\/wp-json\/wp\/v2\/users\/3"}],"replies":[{"embeddable":true,"href":"https:\/\/lehrmittelverlag.ch\/cms\/wp-json\/wp\/v2\/comments?post=782"}],"version-history":[{"count":25,"href":"https:\/\/lehrmittelverlag.ch\/cms\/wp-json\/wp\/v2\/pages\/782\/revisions"}],"predecessor-version":[{"id":1864,"href":"https:\/\/lehrmittelverlag.ch\/cms\/wp-json\/wp\/v2\/pages\/782\/revisions\/1864"}],"up":[{"embeddable":true,"href":"https:\/\/lehrmittelverlag.ch\/cms\/wp-json\/wp\/v2\/pages\/67"}],"wp:featuredmedia":[{"embeddable":true,"href":"https:\/\/lehrmittelverlag.ch\/cms\/wp-json\/wp\/v2\/media\/3697"}],"wp:attachment":[{"href":"https:\/\/lehrmittelverlag.ch\/cms\/wp-json\/wp\/v2\/media?parent=782"}],"curies":[{"name":"wp","href":"https:\/\/api.w.org\/{rel}","templated":true}]}}