{"id":853,"date":"2023-01-24T11:42:51","date_gmt":"2023-01-24T10:42:51","guid":{"rendered":"https:\/\/www.lehrmittelverlag.ch\/cms\/?page_id=853"},"modified":"2025-06-18T15:20:55","modified_gmt":"2025-06-18T13:20:55","slug":"wortklang-und-reimgesang","status":"publish","type":"page","link":"https:\/\/lehrmittelverlag.ch\/cms\/verlag\/verlagsprogramm\/wortklang-und-reimgesang\/","title":{"rendered":"Wortklang und Reimgesang"},"content":{"rendered":"","protected":false},"excerpt":{"rendered":"","protected":false},"author":3,"featured_media":3688,"parent":67,"menu_order":7,"comment_status":"closed","ping_status":"closed","template":"","meta":{"_acf_changed":false,"inline_featured_image":false,"footnotes":""},"class_list":["post-853","page","type-page","status-publish","has-post-thumbnail","hentry"],"acf":{"inhaltselemente":[{"acf_fc_layout":"two_cols","two_cols_flex_content_col_one":[{"acf_fc_layout":"text_element","text_element_":null,"text_element_text_element_titel":"Durch Singen und Reimen Kindern die Schriftsprache n\u00e4herbringen: \u00abWortklang und Reimgesang\u00bb verfolgt einen ganzheitlichen Ansatz und nutzt Bilder, Symbole, Farben, Bewegungen und T\u00f6ne f\u00fcr den Spracherwerb.","text_element_text_element_titel_typ":"2","text_element_text_element_titel_size":"5","text_element_text_element_titel_fake":false,"text_element_text_element_content":"\u00abWortklang und Reimgesang\u00bb baut auf den in der jahrelangen Praxis gewonnenen Erkenntnissen und auf neuesten wissenschaftlichen Grundlagen auf sowie den Evaluationsauswertungen von unz\u00e4hligen Lehrpersonen, Heilp\u00e4dagogen und Therapeuten, die ihre Erfahrungen und W\u00fcnsche aus verschiedenen Settings in dieses Werk einfliessen liessen.\r\n\r\nIm Zentrum dieses Lehrmittels zur St\u00e4rkung der Sprachkompetenz und der Phonologischen Bewusstheit steht die Musik. Diese gibt uns als \u00abuniverselle\u00bb Sprache die M\u00f6glichkeit, alle Faktoren des Sprechenlernens zu trainieren, ohne sprechen zu m\u00fcssen. Sprachfluss, Rhythmus, Melodie und Wortschatz sind auch im Lied wiederzufinden, was gerade Kindern mit einer geringen Sprachkompetenz zugutekommt. Die extra daf\u00fcr komponierten Lieder ber\u00fccksichtigen diese positiven Aspekte, um den Kindern eine bestm\u00f6gliche Grundlage f\u00fcr einen erfolgreichen Schriftspracherwerb mitzugeben.","text_element_text_element_text_size":"default"}],"two_cols_flex_content_col_two":[{"acf_fc_layout":"text_element","text_element_":null,"text_element_text_element_titel":"","text_element_text_element_titel_typ":"2","text_element_text_element_titel_size":"","text_element_text_element_titel_fake":false,"text_element_text_element_content":"<strong>Autorin<\/strong>\r\nJacqueline Rubli","text_element_text_element_text_size":"text-textnoserif"}],"two_cols_bgcolor":false,"two_cols_spaltenbreite":"two-third-one-third"},{"acf_fc_layout":"two_cols","two_cols_flex_content_col_one":[{"acf_fc_layout":"akkordeon_element","akkordeon_element_items":[{"acf_fc_layout":"akkordeon_element_items_item","akkordeon_element_items_item_titel_akkordeon_element_items_item_titel":"Inhalte","akkordeon_element_items_item_content":[{"acf_fc_layout":"text_element","text_element_":null,"text_element_text_element_titel":"","text_element_text_element_titel_typ":"2","text_element_text_element_titel_size":"","text_element_text_element_titel_fake":false,"text_element_text_element_content":"Das Lehrmittel \u00abWortklang und Reimgesang\u00bb besteht aus mehreren Komponenten:\r\n<ol>\r\n \t<li>Handbuch f\u00fcr Lehrpersonen, Heilp\u00e4dagogen und Therapeuten<\/li>\r\n \t<li>Liedersammlung zum Lehrmittel; spielerisch klingende Vorbereitung auf den Schriftspracherwerb plus CD mit Original-Musikst\u00fccken mit Text und als Playback<\/li>\r\n \t<li>Arbeitsbl\u00e4tter \/ Kopiervorlagen f\u00fcr die individuelle F\u00f6rderung<\/li>\r\n \t<li>Symbolkartensammlung f\u00fcr die spielerische Umsetzung in der Klasse<\/li>\r\n \t<li>Vorlagen als Downloads<\/li>\r\n<\/ol>","text_element_text_element_text_size":"default"}]},{"acf_fc_layout":"akkordeon_element_items_item","akkordeon_element_items_item_titel_akkordeon_element_items_item_titel":"F\u00f6rderung der Phonologischen Bewusstheit","akkordeon_element_items_item_content":[{"acf_fc_layout":"text_element","text_element_":null,"text_element_text_element_titel":"","text_element_text_element_titel_typ":"2","text_element_text_element_titel_size":"","text_element_text_element_titel_fake":false,"text_element_text_element_content":"Durch die F\u00f6rderung der Phonologischen Bewusstheit wird die Sprachkompetenz fr\u00fch ausgebildet. Sprachfluss, Rhythmus, Melodie und Wortschatz sind auch im Lied wiederzufinden, was Kindern mit einer geringeren Sprachkompetenz zugutekommt. Eigens komponierte Lieder machen diese positiven Aspekte zug\u00e4nglich und sind grundlegend f\u00fcr einen erfolgreichen Schriftspracherwerb. Das Lehrmittel verbindet Bilder, Symbole, Farben, Bewegungen, Lieder und T\u00f6ne und verfolgt so einen ganzheitlichen Ansatz. Das Aktivieren unterschiedlicher Kan\u00e4le erh\u00f6ht die Chancen auf eine erfolgreiche Umsetzung deutlich.","text_element_text_element_text_size":"default"}]}]}],"two_cols_flex_content_col_two":null,"two_cols_bgcolor":false,"two_cols_spaltenbreite":"two-third-one-third"},{"acf_fc_layout":"one_col","one_col_flex_content_col_one":[{"acf_fc_layout":"text_img_element","text_img_element_text":null,"text_img_element_text_element_titel":"Wortklang und Reimgesang","text_img_element_text_element_titel_typ":"3","text_img_element_text_element_titel_size":"","text_img_element_text_element_titel_fake":false,"text_img_element_text_element_content":"<p class=\"paragraph-noserif\"><strong>Deutsch, Musik<\/strong>\r\n<strong>Kindergarten\r\n<\/strong><strong>Primarstufe 1.<\/strong><\/p>\r\nDurch Singen und Reimen Kindern die Schriftsprache n\u00e4herbringen: Bilder, Symbole, Farben, Bewegungen und T\u00f6ne f\u00fcr den Spracherwerb.\r\n\r\n<a class=\"btn-arrow\" href=\"\/Sortimentseiten\/Lehrmittelreihen\/wortklang-und-reimgesang\/?filter=reihe,wortklang-und-reimgesang\" target=\"_blank\" rel=\"noopener\">Zum Shop<\/a>","text_img_element_bild":null,"text_img_element_image_element_image_element_image_element_image":863,"text_img_element_image_element_image_element_image_element_lightbox":false,"text_img_element_events":null,"text_img_element_events_element_type_category_events_element_type_category_events_element_type_category":[],"text_img_element_events_element_topic_category_events_element_topic_category_events_element_topic_category":[],"text_img_element_events_element_amount_events_element_amount_events_element_amount":"","text_img_element_":null,"text_img_element_text_element_text_size":"default","text_img_element_text_img_element_spaltenbreite":"default","text_img_element_text_img_element_orientation":"default"}],"one_col_bgcolor":true},{"acf_fc_layout":"two_cols","two_cols_flex_content_col_one":[{"acf_fc_layout":"akkordeon_element","akkordeon_element_items":[{"acf_fc_layout":"akkordeon_element_items_item","akkordeon_element_items_item_titel_akkordeon_element_items_item_titel":"Weiterf\u00fchrende Links","akkordeon_element_items_item_content":[{"acf_fc_layout":"text_img_element","text_element_text_element_titel":"","text_element_text_element_titel_typ":"2","text_element_text_element_titel_size":"","text_element_text_element_titel_fake":false,"text_element_text_element_content":"Die Original-Musikst\u00fccke zum Lehrmittel \u00abWortklang und Reimgesang\u00bb inklusive Playbacks sind in der Liedersammlung auf CD enthalten. Eine Auswahl von H\u00f6rbeispielen finden Sie auf Soundcloud.\r\n\r\nhttps:\/\/soundcloud.com\/user-732536845\/sets\/wortklang-und-reimgesang-liedersammlung","image_element_image_element_image":863,"image_element_image_element_lightbox":false,"text_element_text_size":"default","text_img_element_spaltenbreite":"default","text_img_element_orientation":"mirrored"}]},{"acf_fc_layout":"akkordeon_element_items_item","akkordeon_element_items_item_titel_akkordeon_element_items_item_titel":"Downloads","akkordeon_element_items_item_content":[{"acf_fc_layout":"text_element","text_element_":null,"text_element_text_element_titel":"","text_element_text_element_titel_typ":"2","text_element_text_element_titel_size":"","text_element_text_element_titel_fake":false,"text_element_text_element_content":"<a class=\"btn-download\" href=\"https:\/\/www.lehrmittelverlag.ch\/cms\/wp-content\/uploads\/2023\/01\/Wortklang_Reimgesang_Beurteilungsbogen.pdf\" target=\"_blank\" rel=\"noopener\">Wortklang und Reimgesang: Beurteilungsbogen<\/a>\r\n<a class=\"btn-download\" href=\"https:\/\/www.lehrmittelverlag.ch\/cms\/wp-content\/uploads\/2023\/01\/Wortklang_Reimgesang_Titelliste.pdf\" target=\"_blank\" rel=\"noopener\">Wortklang und Reimgesang: Titelliste<\/a>\r\n<a class=\"btn-download\" href=\"https:\/\/www.lehrmittelverlag.ch\/cms\/wp-content\/uploads\/2023\/01\/Vorlage_Vokalortung.pdf\" target=\"_blank\" rel=\"noopener\">Wortklang und Reimgesang: Vorlage Vokalortung<\/a>\r\n<a class=\"btn-download\" href=\"https:\/\/www.lehrmittelverlag.ch\/cms\/wp-content\/uploads\/2023\/01\/Flyer_Wortklang-und-Reimgesang-1.pdf\" target=\"_blank\" rel=\"noopener\">Wortklang und Reimgesang: Flyer<\/a>","text_element_text_element_text_size":"default"}]}]}],"two_cols_flex_content_col_two":null,"two_cols_bgcolor":false,"two_cols_spaltenbreite":"two-third-one-third"}]},"yoast_head":"<!-- This site is optimized with the Yoast SEO plugin v27.3 - https:\/\/yoast.com\/product\/yoast-seo-wordpress\/ -->\n<title>Wortklang und Reimgesang - Lehrmittelverlag St. Gallen<\/title>\n<meta name=\"description\" content=\"Wortklang und Reimgesang - Durch Singen und Reimen Kindern die Schriftsprache n\u00e4herbringen: Symbole, Farben und T\u00f6ne f\u00fcr den Spracherwerb.\" \/>\n<meta name=\"robots\" content=\"index, follow, max-snippet:-1, max-image-preview:large, max-video-preview:-1\" \/>\n<link rel=\"canonical\" href=\"https:\/\/www.lehrmittelverlag.ch\/cms\/verlag\/verlagsprogramm\/wortklang-und-reimgesang\/\" \/>\n<meta property=\"og:locale\" content=\"de_DE\" \/>\n<meta property=\"og:type\" content=\"article\" \/>\n<meta property=\"og:title\" content=\"Wortklang und Reimgesang - Lehrmittelverlag St. Gallen\" \/>\n<meta property=\"og:description\" content=\"Wortklang und Reimgesang - Durch Singen und Reimen Kindern die Schriftsprache n\u00e4herbringen: Symbole, Farben und T\u00f6ne f\u00fcr den Spracherwerb.\" \/>\n<meta property=\"og:url\" content=\"https:\/\/www.lehrmittelverlag.ch\/cms\/verlag\/verlagsprogramm\/wortklang-und-reimgesang\/\" \/>\n<meta property=\"og:site_name\" content=\"Lehrmittelverlag St. Gallen\" \/>\n<meta property=\"article:publisher\" content=\"https:\/\/www.facebook.com\/LehrmittelverlagSG\/\" \/>\n<meta property=\"article:modified_time\" content=\"2025-06-18T13:20:55+00:00\" \/>\n<meta property=\"og:image\" content=\"https:\/\/www.lehrmittelverlag.ch\/cms\/wp-content\/uploads\/2024\/10\/Wortklang-und-Reimgesang.jpg\" \/>\n\t<meta property=\"og:image:width\" content=\"500\" \/>\n\t<meta property=\"og:image:height\" content=\"500\" \/>\n\t<meta property=\"og:image:type\" content=\"image\/jpeg\" \/>\n<meta name=\"twitter:card\" content=\"summary_large_image\" \/>\n<meta name=\"twitter:site\" content=\"@Lehrmittel_SG\" \/>\n<meta name=\"twitter:label1\" content=\"Gesch\u00e4tzte Lesezeit\" \/>\n\t<meta name=\"twitter:data1\" content=\"3\u00a0Minuten\" \/>\n<script type=\"application\/ld+json\" class=\"yoast-schema-graph\">{\"@context\":\"https:\\\/\\\/schema.org\",\"@graph\":[{\"@type\":\"WebPage\",\"@id\":\"https:\\\/\\\/www.lehrmittelverlag.ch\\\/cms\\\/verlag\\\/verlagsprogramm\\\/wortklang-und-reimgesang\\\/\",\"url\":\"https:\\\/\\\/www.lehrmittelverlag.ch\\\/cms\\\/verlag\\\/verlagsprogramm\\\/wortklang-und-reimgesang\\\/\",\"name\":\"Wortklang und Reimgesang - Lehrmittelverlag St. Gallen\",\"isPartOf\":{\"@id\":\"https:\\\/\\\/www.lehrmittelverlag.ch\\\/cms\\\/#website\"},\"primaryImageOfPage\":{\"@id\":\"https:\\\/\\\/www.lehrmittelverlag.ch\\\/cms\\\/verlag\\\/verlagsprogramm\\\/wortklang-und-reimgesang\\\/#primaryimage\"},\"image\":{\"@id\":\"https:\\\/\\\/www.lehrmittelverlag.ch\\\/cms\\\/verlag\\\/verlagsprogramm\\\/wortklang-und-reimgesang\\\/#primaryimage\"},\"thumbnailUrl\":\"https:\\\/\\\/lehrmittelverlag.ch\\\/cms\\\/wp-content\\\/uploads\\\/2024\\\/10\\\/Wortklang-und-Reimgesang.jpg\",\"datePublished\":\"2023-01-24T10:42:51+00:00\",\"dateModified\":\"2025-06-18T13:20:55+00:00\",\"description\":\"Wortklang und Reimgesang - Durch Singen und Reimen Kindern die Schriftsprache n\u00e4herbringen: Symbole, Farben und T\u00f6ne f\u00fcr den Spracherwerb.\",\"breadcrumb\":{\"@id\":\"https:\\\/\\\/www.lehrmittelverlag.ch\\\/cms\\\/verlag\\\/verlagsprogramm\\\/wortklang-und-reimgesang\\\/#breadcrumb\"},\"inLanguage\":\"de-CH\",\"potentialAction\":[{\"@type\":\"ReadAction\",\"target\":[\"https:\\\/\\\/www.lehrmittelverlag.ch\\\/cms\\\/verlag\\\/verlagsprogramm\\\/wortklang-und-reimgesang\\\/\"]}]},{\"@type\":\"ImageObject\",\"inLanguage\":\"de-CH\",\"@id\":\"https:\\\/\\\/www.lehrmittelverlag.ch\\\/cms\\\/verlag\\\/verlagsprogramm\\\/wortklang-und-reimgesang\\\/#primaryimage\",\"url\":\"https:\\\/\\\/lehrmittelverlag.ch\\\/cms\\\/wp-content\\\/uploads\\\/2024\\\/10\\\/Wortklang-und-Reimgesang.jpg\",\"contentUrl\":\"https:\\\/\\\/lehrmittelverlag.ch\\\/cms\\\/wp-content\\\/uploads\\\/2024\\\/10\\\/Wortklang-und-Reimgesang.jpg\",\"width\":500,\"height\":500,\"caption\":\"Wortklang und Reimgesang\"},{\"@type\":\"BreadcrumbList\",\"@id\":\"https:\\\/\\\/www.lehrmittelverlag.ch\\\/cms\\\/verlag\\\/verlagsprogramm\\\/wortklang-und-reimgesang\\\/#breadcrumb\",\"itemListElement\":[{\"@type\":\"ListItem\",\"position\":1,\"name\":\"Shop\",\"item\":\"\\\/\"},{\"@type\":\"ListItem\",\"position\":2,\"name\":\"Verlag\",\"item\":\"https:\\\/\\\/www.lehrmittelverlag.ch\\\/cms\\\/verlag\\\/\"},{\"@type\":\"ListItem\",\"position\":3,\"name\":\"Verlagsprogramm\",\"item\":\"https:\\\/\\\/www.lehrmittelverlag.ch\\\/cms\\\/verlag\\\/verlagsprogramm\\\/\"},{\"@type\":\"ListItem\",\"position\":4,\"name\":\"Wortklang und Reimgesang\"}]},{\"@type\":\"WebSite\",\"@id\":\"https:\\\/\\\/www.lehrmittelverlag.ch\\\/cms\\\/#website\",\"url\":\"https:\\\/\\\/www.lehrmittelverlag.ch\\\/cms\\\/\",\"name\":\"Lehrmittelverlag St. Gallen\",\"description\":\"\",\"publisher\":{\"@id\":\"https:\\\/\\\/www.lehrmittelverlag.ch\\\/cms\\\/#organization\"},\"potentialAction\":[{\"@type\":\"SearchAction\",\"target\":{\"@type\":\"EntryPoint\",\"urlTemplate\":\"https:\\\/\\\/www.lehrmittelverlag.ch\\\/cms\\\/?s={search_term_string}\"},\"query-input\":{\"@type\":\"PropertyValueSpecification\",\"valueRequired\":true,\"valueName\":\"search_term_string\"}}],\"inLanguage\":\"de-CH\"},{\"@type\":\"Organization\",\"@id\":\"https:\\\/\\\/www.lehrmittelverlag.ch\\\/cms\\\/#organization\",\"name\":\"Lehrmittelverlag St. Gallen\",\"url\":\"https:\\\/\\\/www.lehrmittelverlag.ch\\\/cms\\\/\",\"logo\":{\"@type\":\"ImageObject\",\"inLanguage\":\"de-CH\",\"@id\":\"https:\\\/\\\/www.lehrmittelverlag.ch\\\/cms\\\/#\\\/schema\\\/logo\\\/image\\\/\",\"url\":\"https:\\\/\\\/www.lehrmittelverlag.ch\\\/cms\\\/wp-content\\\/uploads\\\/2022\\\/11\\\/logo-lmvsg.png\",\"contentUrl\":\"https:\\\/\\\/www.lehrmittelverlag.ch\\\/cms\\\/wp-content\\\/uploads\\\/2022\\\/11\\\/logo-lmvsg.png\",\"width\":899,\"height\":349,\"caption\":\"Lehrmittelverlag St. Gallen\"},\"image\":{\"@id\":\"https:\\\/\\\/www.lehrmittelverlag.ch\\\/cms\\\/#\\\/schema\\\/logo\\\/image\\\/\"},\"sameAs\":[\"https:\\\/\\\/www.facebook.com\\\/LehrmittelverlagSG\\\/\",\"https:\\\/\\\/x.com\\\/Lehrmittel_SG\"]}]}<\/script>\n<!-- \/ Yoast SEO plugin. -->","yoast_head_json":{"title":"Wortklang und Reimgesang - Lehrmittelverlag St. Gallen","description":"Wortklang und Reimgesang - Durch Singen und Reimen Kindern die Schriftsprache n\u00e4herbringen: Symbole, Farben und T\u00f6ne f\u00fcr den Spracherwerb.","robots":{"index":"index","follow":"follow","max-snippet":"max-snippet:-1","max-image-preview":"max-image-preview:large","max-video-preview":"max-video-preview:-1"},"canonical":"https:\/\/www.lehrmittelverlag.ch\/cms\/verlag\/verlagsprogramm\/wortklang-und-reimgesang\/","og_locale":"de_DE","og_type":"article","og_title":"Wortklang und Reimgesang - Lehrmittelverlag St. Gallen","og_description":"Wortklang und Reimgesang - Durch Singen und Reimen Kindern die Schriftsprache n\u00e4herbringen: Symbole, Farben und T\u00f6ne f\u00fcr den Spracherwerb.","og_url":"https:\/\/www.lehrmittelverlag.ch\/cms\/verlag\/verlagsprogramm\/wortklang-und-reimgesang\/","og_site_name":"Lehrmittelverlag St. Gallen","article_publisher":"https:\/\/www.facebook.com\/LehrmittelverlagSG\/","article_modified_time":"2025-06-18T13:20:55+00:00","og_image":[{"width":500,"height":500,"url":"https:\/\/www.lehrmittelverlag.ch\/cms\/wp-content\/uploads\/2024\/10\/Wortklang-und-Reimgesang.jpg","type":"image\/jpeg"}],"twitter_card":"summary_large_image","twitter_site":"@Lehrmittel_SG","twitter_misc":{"Gesch\u00e4tzte Lesezeit":"3\u00a0Minuten"},"schema":{"@context":"https:\/\/schema.org","@graph":[{"@type":"WebPage","@id":"https:\/\/www.lehrmittelverlag.ch\/cms\/verlag\/verlagsprogramm\/wortklang-und-reimgesang\/","url":"https:\/\/www.lehrmittelverlag.ch\/cms\/verlag\/verlagsprogramm\/wortklang-und-reimgesang\/","name":"Wortklang und Reimgesang - Lehrmittelverlag St. Gallen","isPartOf":{"@id":"https:\/\/www.lehrmittelverlag.ch\/cms\/#website"},"primaryImageOfPage":{"@id":"https:\/\/www.lehrmittelverlag.ch\/cms\/verlag\/verlagsprogramm\/wortklang-und-reimgesang\/#primaryimage"},"image":{"@id":"https:\/\/www.lehrmittelverlag.ch\/cms\/verlag\/verlagsprogramm\/wortklang-und-reimgesang\/#primaryimage"},"thumbnailUrl":"https:\/\/lehrmittelverlag.ch\/cms\/wp-content\/uploads\/2024\/10\/Wortklang-und-Reimgesang.jpg","datePublished":"2023-01-24T10:42:51+00:00","dateModified":"2025-06-18T13:20:55+00:00","description":"Wortklang und Reimgesang - Durch Singen und Reimen Kindern die Schriftsprache n\u00e4herbringen: Symbole, Farben und T\u00f6ne f\u00fcr den Spracherwerb.","breadcrumb":{"@id":"https:\/\/www.lehrmittelverlag.ch\/cms\/verlag\/verlagsprogramm\/wortklang-und-reimgesang\/#breadcrumb"},"inLanguage":"de-CH","potentialAction":[{"@type":"ReadAction","target":["https:\/\/www.lehrmittelverlag.ch\/cms\/verlag\/verlagsprogramm\/wortklang-und-reimgesang\/"]}]},{"@type":"ImageObject","inLanguage":"de-CH","@id":"https:\/\/www.lehrmittelverlag.ch\/cms\/verlag\/verlagsprogramm\/wortklang-und-reimgesang\/#primaryimage","url":"https:\/\/lehrmittelverlag.ch\/cms\/wp-content\/uploads\/2024\/10\/Wortklang-und-Reimgesang.jpg","contentUrl":"https:\/\/lehrmittelverlag.ch\/cms\/wp-content\/uploads\/2024\/10\/Wortklang-und-Reimgesang.jpg","width":500,"height":500,"caption":"Wortklang und Reimgesang"},{"@type":"BreadcrumbList","@id":"https:\/\/www.lehrmittelverlag.ch\/cms\/verlag\/verlagsprogramm\/wortklang-und-reimgesang\/#breadcrumb","itemListElement":[{"@type":"ListItem","position":1,"name":"Shop","item":"\/"},{"@type":"ListItem","position":2,"name":"Verlag","item":"https:\/\/www.lehrmittelverlag.ch\/cms\/verlag\/"},{"@type":"ListItem","position":3,"name":"Verlagsprogramm","item":"https:\/\/www.lehrmittelverlag.ch\/cms\/verlag\/verlagsprogramm\/"},{"@type":"ListItem","position":4,"name":"Wortklang und Reimgesang"}]},{"@type":"WebSite","@id":"https:\/\/www.lehrmittelverlag.ch\/cms\/#website","url":"https:\/\/www.lehrmittelverlag.ch\/cms\/","name":"Lehrmittelverlag St. Gallen","description":"","publisher":{"@id":"https:\/\/www.lehrmittelverlag.ch\/cms\/#organization"},"potentialAction":[{"@type":"SearchAction","target":{"@type":"EntryPoint","urlTemplate":"https:\/\/www.lehrmittelverlag.ch\/cms\/?s={search_term_string}"},"query-input":{"@type":"PropertyValueSpecification","valueRequired":true,"valueName":"search_term_string"}}],"inLanguage":"de-CH"},{"@type":"Organization","@id":"https:\/\/www.lehrmittelverlag.ch\/cms\/#organization","name":"Lehrmittelverlag St. Gallen","url":"https:\/\/www.lehrmittelverlag.ch\/cms\/","logo":{"@type":"ImageObject","inLanguage":"de-CH","@id":"https:\/\/www.lehrmittelverlag.ch\/cms\/#\/schema\/logo\/image\/","url":"https:\/\/www.lehrmittelverlag.ch\/cms\/wp-content\/uploads\/2022\/11\/logo-lmvsg.png","contentUrl":"https:\/\/www.lehrmittelverlag.ch\/cms\/wp-content\/uploads\/2022\/11\/logo-lmvsg.png","width":899,"height":349,"caption":"Lehrmittelverlag St. Gallen"},"image":{"@id":"https:\/\/www.lehrmittelverlag.ch\/cms\/#\/schema\/logo\/image\/"},"sameAs":["https:\/\/www.facebook.com\/LehrmittelverlagSG\/","https:\/\/x.com\/Lehrmittel_SG"]}]}},"_links":{"self":[{"href":"https:\/\/lehrmittelverlag.ch\/cms\/wp-json\/wp\/v2\/pages\/853","targetHints":{"allow":["GET"]}}],"collection":[{"href":"https:\/\/lehrmittelverlag.ch\/cms\/wp-json\/wp\/v2\/pages"}],"about":[{"href":"https:\/\/lehrmittelverlag.ch\/cms\/wp-json\/wp\/v2\/types\/page"}],"author":[{"embeddable":true,"href":"https:\/\/lehrmittelverlag.ch\/cms\/wp-json\/wp\/v2\/users\/3"}],"replies":[{"embeddable":true,"href":"https:\/\/lehrmittelverlag.ch\/cms\/wp-json\/wp\/v2\/comments?post=853"}],"version-history":[{"count":10,"href":"https:\/\/lehrmittelverlag.ch\/cms\/wp-json\/wp\/v2\/pages\/853\/revisions"}],"predecessor-version":[{"id":5204,"href":"https:\/\/lehrmittelverlag.ch\/cms\/wp-json\/wp\/v2\/pages\/853\/revisions\/5204"}],"up":[{"embeddable":true,"href":"https:\/\/lehrmittelverlag.ch\/cms\/wp-json\/wp\/v2\/pages\/67"}],"wp:featuredmedia":[{"embeddable":true,"href":"https:\/\/lehrmittelverlag.ch\/cms\/wp-json\/wp\/v2\/media\/3688"}],"wp:attachment":[{"href":"https:\/\/lehrmittelverlag.ch\/cms\/wp-json\/wp\/v2\/media?parent=853"}],"curies":[{"name":"wp","href":"https:\/\/api.w.org\/{rel}","templated":true}]}}