{"id":982,"date":"2023-01-31T15:08:54","date_gmt":"2023-01-31T14:08:54","guid":{"rendered":"https:\/\/www.lehrmittelverlag.ch\/cms\/?page_id=982"},"modified":"2024-10-13T07:06:55","modified_gmt":"2024-10-13T05:06:55","slug":"lernfoerdersysteme-und-testsysteme","status":"publish","type":"page","link":"https:\/\/lehrmittelverlag.ch\/cms\/verlag\/verlagsprogramm\/lernfoerdersysteme-und-testsysteme\/","title":{"rendered":"Lernf\u00f6rdersysteme und Testsysteme"},"content":{"rendered":"","protected":false},"excerpt":{"rendered":"","protected":false},"author":3,"featured_media":3691,"parent":67,"menu_order":7,"comment_status":"closed","ping_status":"closed","template":"","meta":{"_acf_changed":false,"inline_featured_image":false,"footnotes":""},"class_list":["post-982","page","type-page","status-publish","has-post-thumbnail","hentry"],"acf":{"inhaltselemente":[{"acf_fc_layout":"two_cols","two_cols_flex_content_col_one":[{"acf_fc_layout":"text_element","text_element_":null,"text_element_text_element_titel":"Der Kanton St. Gallen nimmt im deutschsprachigen Raum eine Pionierrolle bei der Entwicklung standardisierter Tests ein. Mit dem Testsystem Klassencockpit begann vor bald zwanzig Jahren eine Erfolgsgeschichte. Mit den Lernf\u00f6rdersystemen Lernlupe und Lernpass plus steht nun die individuelle F\u00f6rderung im Fokus.","text_element_text_element_titel_typ":"2","text_element_text_element_titel_size":"5","text_element_text_element_titel_fake":false,"text_element_text_element_content":"Vor bald zwanzig Jahren beschloss der Bildungsrat St.Gallen die Entwicklung des ersten standardisierten Testsystems Klassencockpit. Grund daf\u00fcr war der erste stufenorientierte Lehrplan in St. Gallen. Mit Klassencockpit setzten die Lehrpersonen erstmals eine Orientierungshilfe ein, die einen objektivierten Blick auf die Klasse erlaubt und das f\u00f6rderorientierte Handeln im Unterricht unterst\u00fctzt.\r\n<h3>Etabliert bei den meisten Deutschweizer Kantonen<\/h3>\r\nEin paar Jahre sp\u00e4ter folgte Stellwerk als Antwort auf die aufkommenden Eignungstests an der Nahtstelle zur Berufswelt. Am Computer machen Sch\u00fclerinnen und Sch\u00fcler in der Mitte des achten Schuljahrs eine schulische Standortbestimmung. Das adaptive Testsystem passt sich den F\u00e4higkeiten der Lernenden an und weist ihnen in einem Profil ihre schulischen Kernkompetenzen aus. Da sich das Testsystem weder am Schultyp noch an der Kantonszugeh\u00f6rigkeit orientiert, k\u00f6nnen die ausgewiesenen Leistungen erstmals auch interkantonal verglichen werden. Stellwerk wurde innert kurzer Zeit in den meisten Deutschschweizer Kantonen eingesetzt und etablierte sich als schulische Standortbestimmung an der Oberstufe. Zur grossen Akzeptanz trugen die \u00dcbungsplattform Lernareal und die Orientierungshilfe Jobskills f\u00fcr den Profilvergleich mit Lehrberufen bei, mit denen Lehrpersonen sowie Sch\u00fclerinnen und Sch\u00fcler bei der individuellen F\u00f6rderplanung unterst\u00fctzt wurden. Erstmals in Kooperation mit dem Lehrmittelverlag Z\u00fcrich wurde Lernpass entwickelt, die Basis f\u00fcr die Lernf\u00f6rdersysteme Lernlupe und Lernpass plus gesetzt: Lernen wird sichtbar gemacht.\r\n<h3>Von den Testsystemen zu den Lernf\u00f6rdersystemen<\/h3>\r\nBei den Lernf\u00f6rdersystemen Lernlupe (2. Zyklus) und Lernpass plus (3. Zyklus) steht die individuelle F\u00f6rderung im Fokus. \u00dcber einen Zyklus hinweg wird der Lernfortschritt sichtbar und die Kompetenzen der Sch\u00fclerinnen und Sch\u00fcler werden in Niveaus auf einer Werteskala ausgewiesen. Die Lehrperson wird bei der individuellen F\u00f6rderung vom Lernf\u00f6rdersystem direkt unterst\u00fctzt, indem nach Orientierungstests individuelle Aufgabensets zusammengestellt werden. Die Intensit\u00e4t der Nutzung bestimmt die Lehrperson. So kann sie auch selbst \u00dcbungen oder Pr\u00fcfungen zusammenstellen oder die Sch\u00fclerinnen und Sch\u00fcler mit dem Planungstool beim eigenst\u00e4ndigen Lernen fordern. Lernnavi f\u00fcr die Mittelschule\/Gymnasium ist in der Entwicklungsphase und steht vor der Pilotierung.","text_element_text_element_text_size":"default"}],"two_cols_flex_content_col_two":[{"acf_fc_layout":"text_element","text_element_":null,"text_element_text_element_titel":"","text_element_text_element_titel_typ":"2","text_element_text_element_titel_size":"","text_element_text_element_titel_fake":false,"text_element_text_element_content":"<strong>Lernf\u00f6rdersysteme<\/strong>\r\n\r\n<a class=\"btn-arrow--up\" href=\"https:\/\/www.lernlupe.ch\/lernlupe\/\" target=\"_blank\" rel=\"noopener\">lernlupe.ch<\/a>\r\n\r\n<a class=\"btn-arrow--up\" href=\"https:\/\/lernpassplus.ch\/lernpass\/\" target=\"_blank\" rel=\"noopener\">lernpassplus.ch<\/a>\r\n\r\n<strong>Standortbestimmung<\/strong>\r\n\r\n<a class=\"btn-arrow--up\" href=\"https:\/\/stellwerk.ch\/stellwerk\/\" target=\"_blank\" rel=\"noopener\">stellwerk.ch<\/a>","text_element_text_element_text_size":"text-textnoserif"}],"two_cols_bgcolor":false,"two_cols_spaltenbreite":"two-third-one-third"}]},"yoast_head":"<!-- This site is optimized with the Yoast SEO plugin v27.3 - https:\/\/yoast.com\/product\/yoast-seo-wordpress\/ -->\n<title>Lernf\u00f6rdersysteme und Testsysteme - Lehrmittelverlag St. Gallen<\/title>\n<meta name=\"description\" content=\"Lernf\u00f6rdersysteme und Testsysteme - Der Kanton St. Gallen nimmt im deutschsprachigen Raum eine Pionierrolle bei der Entwicklung standardisierter Tests ein.\" \/>\n<meta name=\"robots\" content=\"index, follow, max-snippet:-1, max-image-preview:large, max-video-preview:-1\" \/>\n<link rel=\"canonical\" href=\"https:\/\/lehrmittelverlag.ch\/cms\/verlag\/verlagsprogramm\/lernfoerdersysteme-und-testsysteme\/\" \/>\n<meta property=\"og:locale\" content=\"de_DE\" \/>\n<meta property=\"og:type\" content=\"article\" \/>\n<meta property=\"og:title\" content=\"Lernf\u00f6rdersysteme und Testsysteme - Lehrmittelverlag St. Gallen\" \/>\n<meta property=\"og:description\" content=\"Lernf\u00f6rdersysteme und Testsysteme - Der Kanton St. Gallen nimmt im deutschsprachigen Raum eine Pionierrolle bei der Entwicklung standardisierter Tests ein.\" \/>\n<meta property=\"og:url\" content=\"https:\/\/lehrmittelverlag.ch\/cms\/verlag\/verlagsprogramm\/lernfoerdersysteme-und-testsysteme\/\" \/>\n<meta property=\"og:site_name\" content=\"Lehrmittelverlag St. Gallen\" \/>\n<meta property=\"article:publisher\" content=\"https:\/\/www.facebook.com\/LehrmittelverlagSG\/\" \/>\n<meta property=\"article:modified_time\" content=\"2024-10-13T05:06:55+00:00\" \/>\n<meta property=\"og:image\" content=\"https:\/\/lehrmittelverlag.ch\/cms\/wp-content\/uploads\/2024\/10\/Lernfoerdersysteme.jpg\" \/>\n\t<meta property=\"og:image:width\" content=\"500\" \/>\n\t<meta property=\"og:image:height\" content=\"500\" \/>\n\t<meta property=\"og:image:type\" content=\"image\/jpeg\" \/>\n<meta name=\"twitter:card\" content=\"summary_large_image\" \/>\n<meta name=\"twitter:site\" content=\"@Lehrmittel_SG\" \/>\n<meta name=\"twitter:label1\" content=\"Gesch\u00e4tzte Lesezeit\" \/>\n\t<meta name=\"twitter:data1\" content=\"3\u00a0Minuten\" \/>\n<script type=\"application\/ld+json\" class=\"yoast-schema-graph\">{\"@context\":\"https:\\\/\\\/schema.org\",\"@graph\":[{\"@type\":\"WebPage\",\"@id\":\"https:\\\/\\\/lehrmittelverlag.ch\\\/cms\\\/verlag\\\/verlagsprogramm\\\/lernfoerdersysteme-und-testsysteme\\\/\",\"url\":\"https:\\\/\\\/lehrmittelverlag.ch\\\/cms\\\/verlag\\\/verlagsprogramm\\\/lernfoerdersysteme-und-testsysteme\\\/\",\"name\":\"Lernf\u00f6rdersysteme und Testsysteme - Lehrmittelverlag St. Gallen\",\"isPartOf\":{\"@id\":\"https:\\\/\\\/www.lehrmittelverlag.ch\\\/cms\\\/#website\"},\"primaryImageOfPage\":{\"@id\":\"https:\\\/\\\/lehrmittelverlag.ch\\\/cms\\\/verlag\\\/verlagsprogramm\\\/lernfoerdersysteme-und-testsysteme\\\/#primaryimage\"},\"image\":{\"@id\":\"https:\\\/\\\/lehrmittelverlag.ch\\\/cms\\\/verlag\\\/verlagsprogramm\\\/lernfoerdersysteme-und-testsysteme\\\/#primaryimage\"},\"thumbnailUrl\":\"https:\\\/\\\/lehrmittelverlag.ch\\\/cms\\\/wp-content\\\/uploads\\\/2024\\\/10\\\/Lernfoerdersysteme.jpg\",\"datePublished\":\"2023-01-31T14:08:54+00:00\",\"dateModified\":\"2024-10-13T05:06:55+00:00\",\"description\":\"Lernf\u00f6rdersysteme und Testsysteme - Der Kanton St. Gallen nimmt im deutschsprachigen Raum eine Pionierrolle bei der Entwicklung standardisierter Tests ein.\",\"breadcrumb\":{\"@id\":\"https:\\\/\\\/lehrmittelverlag.ch\\\/cms\\\/verlag\\\/verlagsprogramm\\\/lernfoerdersysteme-und-testsysteme\\\/#breadcrumb\"},\"inLanguage\":\"de-CH\",\"potentialAction\":[{\"@type\":\"ReadAction\",\"target\":[\"https:\\\/\\\/lehrmittelverlag.ch\\\/cms\\\/verlag\\\/verlagsprogramm\\\/lernfoerdersysteme-und-testsysteme\\\/\"]}]},{\"@type\":\"ImageObject\",\"inLanguage\":\"de-CH\",\"@id\":\"https:\\\/\\\/lehrmittelverlag.ch\\\/cms\\\/verlag\\\/verlagsprogramm\\\/lernfoerdersysteme-und-testsysteme\\\/#primaryimage\",\"url\":\"https:\\\/\\\/lehrmittelverlag.ch\\\/cms\\\/wp-content\\\/uploads\\\/2024\\\/10\\\/Lernfoerdersysteme.jpg\",\"contentUrl\":\"https:\\\/\\\/lehrmittelverlag.ch\\\/cms\\\/wp-content\\\/uploads\\\/2024\\\/10\\\/Lernfoerdersysteme.jpg\",\"width\":500,\"height\":500,\"caption\":\"Lernf\u00f6rdersysteme und Testsysteme\"},{\"@type\":\"BreadcrumbList\",\"@id\":\"https:\\\/\\\/lehrmittelverlag.ch\\\/cms\\\/verlag\\\/verlagsprogramm\\\/lernfoerdersysteme-und-testsysteme\\\/#breadcrumb\",\"itemListElement\":[{\"@type\":\"ListItem\",\"position\":1,\"name\":\"Shop\",\"item\":\"\\\/\"},{\"@type\":\"ListItem\",\"position\":2,\"name\":\"Verlag\",\"item\":\"https:\\\/\\\/www.lehrmittelverlag.ch\\\/cms\\\/verlag\\\/\"},{\"@type\":\"ListItem\",\"position\":3,\"name\":\"Verlagsprogramm\",\"item\":\"https:\\\/\\\/www.lehrmittelverlag.ch\\\/cms\\\/verlag\\\/verlagsprogramm\\\/\"},{\"@type\":\"ListItem\",\"position\":4,\"name\":\"Lernf\u00f6rdersysteme und Testsysteme\"}]},{\"@type\":\"WebSite\",\"@id\":\"https:\\\/\\\/www.lehrmittelverlag.ch\\\/cms\\\/#website\",\"url\":\"https:\\\/\\\/www.lehrmittelverlag.ch\\\/cms\\\/\",\"name\":\"Lehrmittelverlag St. Gallen\",\"description\":\"\",\"publisher\":{\"@id\":\"https:\\\/\\\/www.lehrmittelverlag.ch\\\/cms\\\/#organization\"},\"potentialAction\":[{\"@type\":\"SearchAction\",\"target\":{\"@type\":\"EntryPoint\",\"urlTemplate\":\"https:\\\/\\\/www.lehrmittelverlag.ch\\\/cms\\\/?s={search_term_string}\"},\"query-input\":{\"@type\":\"PropertyValueSpecification\",\"valueRequired\":true,\"valueName\":\"search_term_string\"}}],\"inLanguage\":\"de-CH\"},{\"@type\":\"Organization\",\"@id\":\"https:\\\/\\\/www.lehrmittelverlag.ch\\\/cms\\\/#organization\",\"name\":\"Lehrmittelverlag St. Gallen\",\"url\":\"https:\\\/\\\/www.lehrmittelverlag.ch\\\/cms\\\/\",\"logo\":{\"@type\":\"ImageObject\",\"inLanguage\":\"de-CH\",\"@id\":\"https:\\\/\\\/www.lehrmittelverlag.ch\\\/cms\\\/#\\\/schema\\\/logo\\\/image\\\/\",\"url\":\"https:\\\/\\\/www.lehrmittelverlag.ch\\\/cms\\\/wp-content\\\/uploads\\\/2022\\\/11\\\/logo-lmvsg.png\",\"contentUrl\":\"https:\\\/\\\/www.lehrmittelverlag.ch\\\/cms\\\/wp-content\\\/uploads\\\/2022\\\/11\\\/logo-lmvsg.png\",\"width\":899,\"height\":349,\"caption\":\"Lehrmittelverlag St. Gallen\"},\"image\":{\"@id\":\"https:\\\/\\\/www.lehrmittelverlag.ch\\\/cms\\\/#\\\/schema\\\/logo\\\/image\\\/\"},\"sameAs\":[\"https:\\\/\\\/www.facebook.com\\\/LehrmittelverlagSG\\\/\",\"https:\\\/\\\/x.com\\\/Lehrmittel_SG\"]}]}<\/script>\n<!-- \/ Yoast SEO plugin. -->","yoast_head_json":{"title":"Lernf\u00f6rdersysteme und Testsysteme - Lehrmittelverlag St. Gallen","description":"Lernf\u00f6rdersysteme und Testsysteme - Der Kanton St. Gallen nimmt im deutschsprachigen Raum eine Pionierrolle bei der Entwicklung standardisierter Tests ein.","robots":{"index":"index","follow":"follow","max-snippet":"max-snippet:-1","max-image-preview":"max-image-preview:large","max-video-preview":"max-video-preview:-1"},"canonical":"https:\/\/lehrmittelverlag.ch\/cms\/verlag\/verlagsprogramm\/lernfoerdersysteme-und-testsysteme\/","og_locale":"de_DE","og_type":"article","og_title":"Lernf\u00f6rdersysteme und Testsysteme - Lehrmittelverlag St. Gallen","og_description":"Lernf\u00f6rdersysteme und Testsysteme - Der Kanton St. Gallen nimmt im deutschsprachigen Raum eine Pionierrolle bei der Entwicklung standardisierter Tests ein.","og_url":"https:\/\/lehrmittelverlag.ch\/cms\/verlag\/verlagsprogramm\/lernfoerdersysteme-und-testsysteme\/","og_site_name":"Lehrmittelverlag St. Gallen","article_publisher":"https:\/\/www.facebook.com\/LehrmittelverlagSG\/","article_modified_time":"2024-10-13T05:06:55+00:00","og_image":[{"width":500,"height":500,"url":"https:\/\/lehrmittelverlag.ch\/cms\/wp-content\/uploads\/2024\/10\/Lernfoerdersysteme.jpg","type":"image\/jpeg"}],"twitter_card":"summary_large_image","twitter_site":"@Lehrmittel_SG","twitter_misc":{"Gesch\u00e4tzte Lesezeit":"3\u00a0Minuten"},"schema":{"@context":"https:\/\/schema.org","@graph":[{"@type":"WebPage","@id":"https:\/\/lehrmittelverlag.ch\/cms\/verlag\/verlagsprogramm\/lernfoerdersysteme-und-testsysteme\/","url":"https:\/\/lehrmittelverlag.ch\/cms\/verlag\/verlagsprogramm\/lernfoerdersysteme-und-testsysteme\/","name":"Lernf\u00f6rdersysteme und Testsysteme - Lehrmittelverlag St. Gallen","isPartOf":{"@id":"https:\/\/www.lehrmittelverlag.ch\/cms\/#website"},"primaryImageOfPage":{"@id":"https:\/\/lehrmittelverlag.ch\/cms\/verlag\/verlagsprogramm\/lernfoerdersysteme-und-testsysteme\/#primaryimage"},"image":{"@id":"https:\/\/lehrmittelverlag.ch\/cms\/verlag\/verlagsprogramm\/lernfoerdersysteme-und-testsysteme\/#primaryimage"},"thumbnailUrl":"https:\/\/lehrmittelverlag.ch\/cms\/wp-content\/uploads\/2024\/10\/Lernfoerdersysteme.jpg","datePublished":"2023-01-31T14:08:54+00:00","dateModified":"2024-10-13T05:06:55+00:00","description":"Lernf\u00f6rdersysteme und Testsysteme - Der Kanton St. Gallen nimmt im deutschsprachigen Raum eine Pionierrolle bei der Entwicklung standardisierter Tests ein.","breadcrumb":{"@id":"https:\/\/lehrmittelverlag.ch\/cms\/verlag\/verlagsprogramm\/lernfoerdersysteme-und-testsysteme\/#breadcrumb"},"inLanguage":"de-CH","potentialAction":[{"@type":"ReadAction","target":["https:\/\/lehrmittelverlag.ch\/cms\/verlag\/verlagsprogramm\/lernfoerdersysteme-und-testsysteme\/"]}]},{"@type":"ImageObject","inLanguage":"de-CH","@id":"https:\/\/lehrmittelverlag.ch\/cms\/verlag\/verlagsprogramm\/lernfoerdersysteme-und-testsysteme\/#primaryimage","url":"https:\/\/lehrmittelverlag.ch\/cms\/wp-content\/uploads\/2024\/10\/Lernfoerdersysteme.jpg","contentUrl":"https:\/\/lehrmittelverlag.ch\/cms\/wp-content\/uploads\/2024\/10\/Lernfoerdersysteme.jpg","width":500,"height":500,"caption":"Lernf\u00f6rdersysteme und Testsysteme"},{"@type":"BreadcrumbList","@id":"https:\/\/lehrmittelverlag.ch\/cms\/verlag\/verlagsprogramm\/lernfoerdersysteme-und-testsysteme\/#breadcrumb","itemListElement":[{"@type":"ListItem","position":1,"name":"Shop","item":"\/"},{"@type":"ListItem","position":2,"name":"Verlag","item":"https:\/\/www.lehrmittelverlag.ch\/cms\/verlag\/"},{"@type":"ListItem","position":3,"name":"Verlagsprogramm","item":"https:\/\/www.lehrmittelverlag.ch\/cms\/verlag\/verlagsprogramm\/"},{"@type":"ListItem","position":4,"name":"Lernf\u00f6rdersysteme und Testsysteme"}]},{"@type":"WebSite","@id":"https:\/\/www.lehrmittelverlag.ch\/cms\/#website","url":"https:\/\/www.lehrmittelverlag.ch\/cms\/","name":"Lehrmittelverlag St. Gallen","description":"","publisher":{"@id":"https:\/\/www.lehrmittelverlag.ch\/cms\/#organization"},"potentialAction":[{"@type":"SearchAction","target":{"@type":"EntryPoint","urlTemplate":"https:\/\/www.lehrmittelverlag.ch\/cms\/?s={search_term_string}"},"query-input":{"@type":"PropertyValueSpecification","valueRequired":true,"valueName":"search_term_string"}}],"inLanguage":"de-CH"},{"@type":"Organization","@id":"https:\/\/www.lehrmittelverlag.ch\/cms\/#organization","name":"Lehrmittelverlag St. Gallen","url":"https:\/\/www.lehrmittelverlag.ch\/cms\/","logo":{"@type":"ImageObject","inLanguage":"de-CH","@id":"https:\/\/www.lehrmittelverlag.ch\/cms\/#\/schema\/logo\/image\/","url":"https:\/\/www.lehrmittelverlag.ch\/cms\/wp-content\/uploads\/2022\/11\/logo-lmvsg.png","contentUrl":"https:\/\/www.lehrmittelverlag.ch\/cms\/wp-content\/uploads\/2022\/11\/logo-lmvsg.png","width":899,"height":349,"caption":"Lehrmittelverlag St. Gallen"},"image":{"@id":"https:\/\/www.lehrmittelverlag.ch\/cms\/#\/schema\/logo\/image\/"},"sameAs":["https:\/\/www.facebook.com\/LehrmittelverlagSG\/","https:\/\/x.com\/Lehrmittel_SG"]}]}},"_links":{"self":[{"href":"https:\/\/lehrmittelverlag.ch\/cms\/wp-json\/wp\/v2\/pages\/982","targetHints":{"allow":["GET"]}}],"collection":[{"href":"https:\/\/lehrmittelverlag.ch\/cms\/wp-json\/wp\/v2\/pages"}],"about":[{"href":"https:\/\/lehrmittelverlag.ch\/cms\/wp-json\/wp\/v2\/types\/page"}],"author":[{"embeddable":true,"href":"https:\/\/lehrmittelverlag.ch\/cms\/wp-json\/wp\/v2\/users\/3"}],"replies":[{"embeddable":true,"href":"https:\/\/lehrmittelverlag.ch\/cms\/wp-json\/wp\/v2\/comments?post=982"}],"version-history":[{"count":24,"href":"https:\/\/lehrmittelverlag.ch\/cms\/wp-json\/wp\/v2\/pages\/982\/revisions"}],"predecessor-version":[{"id":1871,"href":"https:\/\/lehrmittelverlag.ch\/cms\/wp-json\/wp\/v2\/pages\/982\/revisions\/1871"}],"up":[{"embeddable":true,"href":"https:\/\/lehrmittelverlag.ch\/cms\/wp-json\/wp\/v2\/pages\/67"}],"wp:featuredmedia":[{"embeddable":true,"href":"https:\/\/lehrmittelverlag.ch\/cms\/wp-json\/wp\/v2\/media\/3691"}],"wp:attachment":[{"href":"https:\/\/lehrmittelverlag.ch\/cms\/wp-json\/wp\/v2\/media?parent=982"}],"curies":[{"name":"wp","href":"https:\/\/api.w.org\/{rel}","templated":true}]}}